{"id":6993,"date":"2022-11-01T18:46:21","date_gmt":"2022-11-01T17:46:21","guid":{"rendered":"https:\/\/fishingadventure.nl\/?page_id=6993"},"modified":"2025-09-09T09:33:23","modified_gmt":"2025-09-09T08:33:23","slug":"fishing-adventure-het-grootste-betaalwater-van-nederland","status":"publish","type":"page","link":"https:\/\/www.fishingadventure.nl\/de\/fishing-adventure-het-grootste-betaalwater-van-nederland\/","title":{"rendered":"Angeln Abenteuer das gr\u00f6\u00dfte Lohngew\u00e4sser in den Niederlanden"},"content":{"rendered":"<div class=\"slider-wrapper relative\" id=\"slider-1478468688\" >\n    <div class=\"slider slider-nav-circle slider-nav-large slider-nav-light slider-style-normal slider-show-nav\"\n        data-flickity-options='{            \"cellAlign\": \"center\",            \"imagesLoaded\": true,            \"lazyLoad\": 1,            \"freeScroll\": false,            \"wrapAround\": true,            \"autoPlay\": 6000,            \"pauseAutoPlayOnHover\" : true,            \"prevNextButtons\": true,            \"contain\" : true,            \"adaptiveHeight\" : true,            \"dragThreshold\" : 10,            \"percentPosition\": true,            \"pageDots\": true,            \"rightToLeft\": false,            \"draggable\": true,            \"selectedAttraction\": 0.1,            \"parallax\" : 0,            \"friction\": 0.6        }'\n        >\n        \n\n\n  <div class=\"banner has-hover\" id=\"banner-1773678329\">\n          <div class=\"banner-inner fill\">\n        <div class=\"banner-bg fill\" >\n            <img decoding=\"async\" width=\"2560\" height=\"1440\" data-src=\"https:\/\/b2983561.smushcdn.com\/2983561\/wp-content\/uploads\/2021\/07\/Photo_6553607_DJI_7_jpg_4793765_0_202179121042_photo_original-scaled.jpg?lossy=1&strip=1&webp=1\" class=\"bg attachment-original size-original lazyload\" alt=\"Virtuele Tour\" data-srcset=\"https:\/\/b2983561.smushcdn.com\/2983561\/wp-content\/uploads\/2021\/07\/Photo_6553607_DJI_7_jpg_4793765_0_202179121042_photo_original-scaled.jpg?lossy=1&amp;strip=1&amp;webp=1 2560w, https:\/\/b2983561.smushcdn.com\/2983561\/wp-content\/uploads\/2021\/07\/Photo_6553607_DJI_7_jpg_4793765_0_202179121042_photo_original-300x169.jpg?lossy=1&amp;strip=1&amp;webp=1 300w, https:\/\/b2983561.smushcdn.com\/2983561\/wp-content\/uploads\/2021\/07\/Photo_6553607_DJI_7_jpg_4793765_0_202179121042_photo_original-1024x576.jpg?lossy=1&amp;strip=1&amp;webp=1 1024w, https:\/\/b2983561.smushcdn.com\/2983561\/wp-content\/uploads\/2021\/07\/Photo_6553607_DJI_7_jpg_4793765_0_202179121042_photo_original-768x432.jpg?lossy=1&amp;strip=1&amp;webp=1 768w, https:\/\/b2983561.smushcdn.com\/2983561\/wp-content\/uploads\/2021\/07\/Photo_6553607_DJI_7_jpg_4793765_0_202179121042_photo_original-1536x864.jpg?lossy=1&amp;strip=1&amp;webp=1 1536w, https:\/\/b2983561.smushcdn.com\/2983561\/wp-content\/uploads\/2021\/07\/Photo_6553607_DJI_7_jpg_4793765_0_202179121042_photo_original-2048x1152.jpg?lossy=1&amp;strip=1&amp;webp=1 2048w, https:\/\/b2983561.smushcdn.com\/2983561\/wp-content\/uploads\/2021\/07\/Photo_6553607_DJI_7_jpg_4793765_0_202179121042_photo_original-600x338.jpg?lossy=1&amp;strip=1&amp;webp=1 600w, https:\/\/b2983561.smushcdn.com\/2983561\/wp-content\/uploads\/2021\/07\/Photo_6553607_DJI_7_jpg_4793765_0_202179121042_photo_original.jpg?size=204x115&amp;lossy=1&amp;strip=1&amp;webp=1 204w, https:\/\/b2983561.smushcdn.com\/2983561\/wp-content\/uploads\/2021\/07\/Photo_6553607_DJI_7_jpg_4793765_0_202179121042_photo_original.jpg?size=408x230&amp;lossy=1&amp;strip=1&amp;webp=1 408w\" data-sizes=\"auto\" src=\"data:image\/svg+xml;base64,PHN2ZyB3aWR0aD0iMSIgaGVpZ2h0PSIxIiB4bWxucz0iaHR0cDovL3d3dy53My5vcmcvMjAwMC9zdmciPjwvc3ZnPg==\" style=\"--smush-placeholder-width: 2560px; --smush-placeholder-aspect-ratio: 2560\/1440;\" data-original-sizes=\"(max-width: 2560px) 100vw, 2560px\" \/>                                    \n                    <\/div>\n\t\t\n        <div class=\"banner-layers container\">\n            <div class=\"fill banner-link\"><\/div>            \n\n   <div id=\"text-box-635389931\" class=\"text-box banner-layer x50 md-x50 lg-x50 y50 md-y50 lg-y50 res-text\">\n                                <div class=\"text-box-content text dark\">\n              \n              <div class=\"text-inner text-center\">\n                  \n\n<div class=\"container section-title-container\" ><h2 class=\"section-title section-title-center\"><b aria-hidden=\"true\"><\/b><span class=\"section-title-main\" style=\"font-size:147%;color:rgb(255, 255, 255);\">Angeln Abenteuer das gr\u00f6\u00dfte Lohngew\u00e4sser in den Niederlanden<\/span><b aria-hidden=\"true\"><\/b><\/h2><\/div>\n\n<a href=\"https:\/\/bookings.fishingadventure.nl\/\" class=\"button primary is-large\" >\n\t\t<span>STEK-B\u00dcCHER<\/span>\n\t<\/a>\n\n\n\n              <\/div>\n           <\/div>\n                            \n<style>\n#text-box-635389931 {\n  width: 60%;\n}\n#text-box-635389931 .text-box-content {\n  font-size: 100%;\n}\n<\/style>\n    <\/div>\n \n\n        <\/div>\n      <\/div>\n\n            \n<style>\n#banner-1773678329 {\n  padding-top: 650px;\n}\n#banner-1773678329 .banner-bg img {\n  object-position: 74% 0%;\n}\n<\/style>\n  <\/div>\n\n\n\n  <div class=\"banner has-hover\" id=\"banner-1407509607\">\n          <div class=\"banner-inner fill\">\n        <div class=\"banner-bg fill\" >\n            <img decoding=\"async\" width=\"1899\" height=\"933\" data-src=\"https:\/\/b2983561.smushcdn.com\/2983561\/wp-content\/uploads\/2019\/12\/KWO-YOUTUBE-Video-printscreen-FA-Website.jpg?lossy=1&strip=1&webp=1\" class=\"bg attachment-original size-original lazyload\" alt=\"KWO Mark Hofman Videos - Nederlandse BAKKEN - Mark Hofman op bezoek bij Fishing Adventure Enschede!\" data-srcset=\"https:\/\/b2983561.smushcdn.com\/2983561\/wp-content\/uploads\/2019\/12\/KWO-YOUTUBE-Video-printscreen-FA-Website.jpg?lossy=1&amp;strip=1&amp;webp=1 1899w, https:\/\/b2983561.smushcdn.com\/2983561\/wp-content\/uploads\/2019\/12\/KWO-YOUTUBE-Video-printscreen-FA-Website-600x295.jpg?lossy=1&amp;strip=1&amp;webp=1 600w, https:\/\/b2983561.smushcdn.com\/2983561\/wp-content\/uploads\/2019\/12\/KWO-YOUTUBE-Video-printscreen-FA-Website-300x147.jpg?lossy=1&amp;strip=1&amp;webp=1 300w, https:\/\/b2983561.smushcdn.com\/2983561\/wp-content\/uploads\/2019\/12\/KWO-YOUTUBE-Video-printscreen-FA-Website-1024x503.jpg?lossy=1&amp;strip=1&amp;webp=1 1024w, https:\/\/b2983561.smushcdn.com\/2983561\/wp-content\/uploads\/2019\/12\/KWO-YOUTUBE-Video-printscreen-FA-Website-768x377.jpg?lossy=1&amp;strip=1&amp;webp=1 768w, https:\/\/b2983561.smushcdn.com\/2983561\/wp-content\/uploads\/2019\/12\/KWO-YOUTUBE-Video-printscreen-FA-Website-1536x755.jpg?lossy=1&amp;strip=1&amp;webp=1 1536w, https:\/\/b2983561.smushcdn.com\/2983561\/wp-content\/uploads\/2019\/12\/KWO-YOUTUBE-Video-printscreen-FA-Website.jpg?size=204x100&amp;lossy=1&amp;strip=1&amp;webp=1 204w, https:\/\/b2983561.smushcdn.com\/2983561\/wp-content\/uploads\/2019\/12\/KWO-YOUTUBE-Video-printscreen-FA-Website.jpg?size=408x200&amp;lossy=1&amp;strip=1&amp;webp=1 408w\" data-sizes=\"auto\" src=\"data:image\/svg+xml;base64,PHN2ZyB3aWR0aD0iMSIgaGVpZ2h0PSIxIiB4bWxucz0iaHR0cDovL3d3dy53My5vcmcvMjAwMC9zdmciPjwvc3ZnPg==\" style=\"--smush-placeholder-width: 1899px; --smush-placeholder-aspect-ratio: 1899\/933;\" data-original-sizes=\"(max-width: 1899px) 100vw, 1899px\" \/>                                    \n                    <\/div>\n\t\t\n        <div class=\"banner-layers container\">\n            <div class=\"fill banner-link\"><\/div>            \n\n\n        <\/div>\n      <\/div>\n\n            \n<style>\n#banner-1407509607 {\n  padding-top: 650px;\n}\n#banner-1407509607 .banner-bg img {\n  object-position: 47% 77%;\n}\n<\/style>\n  <\/div>\n\n\n\n     <\/div>\n\n     <div class=\"loading-spin dark large centered\"><\/div>\n\n\t<\/div>","protected":false},"excerpt":{"rendered":"","protected":false},"author":1,"featured_media":0,"parent":0,"menu_order":0,"comment_status":"closed","ping_status":"closed","template":"page-blank.php","meta":{"footnotes":""},"class_list":["post-6993","page","type-page","status-publish","hentry"],"_links":{"self":[{"href":"https:\/\/www.fishingadventure.nl\/de\/wp-json\/wp\/v2\/pages\/6993","targetHints":{"allow":["GET"]}}],"collection":[{"href":"https:\/\/www.fishingadventure.nl\/de\/wp-json\/wp\/v2\/pages"}],"about":[{"href":"https:\/\/www.fishingadventure.nl\/de\/wp-json\/wp\/v2\/types\/page"}],"author":[{"embeddable":true,"href":"https:\/\/www.fishingadventure.nl\/de\/wp-json\/wp\/v2\/users\/1"}],"replies":[{"embeddable":true,"href":"https:\/\/www.fishingadventure.nl\/de\/wp-json\/wp\/v2\/comments?post=6993"}],"version-history":[{"count":0,"href":"https:\/\/www.fishingadventure.nl\/de\/wp-json\/wp\/v2\/pages\/6993\/revisions"}],"wp:attachment":[{"href":"https:\/\/www.fishingadventure.nl\/de\/wp-json\/wp\/v2\/media?parent=6993"}],"curies":[{"name":"wp","href":"https:\/\/api.w.org\/{rel}","templated":true}]}}