{"id":5977,"date":"2021-04-25T23:19:31","date_gmt":"2021-04-25T22:19:31","guid":{"rendered":"https:\/\/fishingadventure.nl\/?page_id=5977"},"modified":"2023-01-31T00:02:44","modified_gmt":"2023-01-30T23:02:44","slug":"vissershut","status":"publish","type":"page","link":"https:\/\/www.fishingadventure.nl\/de\/faciliteiten\/vissershut\/","title":{"rendered":"Angelh\u00fctte"},"content":{"rendered":"<section class=\"section\" id=\"section_2103948780\">\n\t\t<div class=\"section-bg fill\" >\n\t\t\t\t\t\t\t\t\t\n\t\t\t\n\n\t\t<\/div>\n\n\t\t\n\n\t\t<div class=\"section-content relative\">\n\t\t\t\n\n<div class=\"row row-collapse align-middle align-center\"  id=\"row-620545129\">\n\n\n\t<div id=\"col-1158612220\" class=\"col medium-4 small-4 large-4\"  >\n\t\t\t\t<div class=\"col-inner\"  >\n\t\t\t\n\t\t\t\n\n<a href=\"https:\/\/bookings.fishingadventure.nl\/\" class=\"button primary is-xxsmall expand\" >\n\t\t<span>Stek B\u00fccher (NL)<\/span>\n\t<\/a>\n\n\n\n\t\t<\/div>\n\t\t\t\t\n<style>\n#col-1158612220 > .col-inner {\n  padding: 0px 0px 0px 0px;\n  margin: 0px 0px 0px 0px;\n}\n<\/style>\n\t<\/div>\n\n\t\n\n\t<div id=\"col-1324248385\" class=\"col medium-4 small-4 large-4\"  >\n\t\t\t\t<div class=\"col-inner\"  >\n\t\t\t\n\t\t\t\n\n<a href=\"https:\/\/fishingadventure.recranet.com\/de\" class=\"button primary is-xxsmall expand\" target=\"_blank\" rel=\"noopener\">\n\t\t<span>angelplatz buchen (DE)<\/span>\n\t<\/a>\n\n\n\n\t\t<\/div>\n\t\t\t\t\n<style>\n#col-1324248385 > .col-inner {\n  padding: 0px 0px 0px 0px;\n  margin: 0px 0px 0px 0px;\n}\n<\/style>\n\t<\/div>\n\n\t\n\n\t<div id=\"col-2125312935\" class=\"col medium-4 small-4 large-4\"  >\n\t\t\t\t<div class=\"col-inner text-center\"  >\n\t\t\t\n\t\t\t\n\n<a href=\"https:\/\/fishingadventure.recranet.com\/en\/\" class=\"button primary is-xxsmall expand\" target=\"_blank\" rel=\"noopener\">\n\t\t<span>Buchen Sie Ihr Schwimmen (EN)<\/span>\n\t<\/a>\n\n\n\n\t\t<\/div>\n\t\t\t\t\n<style>\n#col-2125312935 > .col-inner {\n  padding: 0px 0px 0px 0px;\n  margin: 0px 0px 0px 0px;\n}\n<\/style>\n\t<\/div>\n\n\t\n\n\n<style>\n#row-620545129 > .col > .col-inner {\n  padding: 15px 3px 0px 3px;\n}\n<\/style>\n<\/div>\n\n\t\t<\/div>\n\n\t\t\n<style>\n#section_2103948780 {\n  padding-top: 0px;\n  padding-bottom: 0px;\n  background-color: rgb(220, 220, 220);\n}\n<\/style>\n\t<\/section>\n\t\n\n\t<section class=\"section\" id=\"section_584598965\">\n\t\t<div class=\"section-bg fill\" >\n\t\t\t<img decoding=\"async\" width=\"2048\" height=\"1152\" data-src=\"https:\/\/b2983561.smushcdn.com\/2983561\/wp-content\/uploads\/2021\/02\/Fishing-Adventure-Meer-met-Huisjes.jpg?lossy=1&strip=1&webp=1\" class=\"bg attachment-original size-original lazyload\" alt=\"\" data-srcset=\"https:\/\/b2983561.smushcdn.com\/2983561\/wp-content\/uploads\/2021\/02\/Fishing-Adventure-Meer-met-Huisjes.jpg?lossy=1&amp;strip=1&amp;webp=1 2048w, https:\/\/b2983561.smushcdn.com\/2983561\/wp-content\/uploads\/2021\/02\/Fishing-Adventure-Meer-met-Huisjes-600x338.jpg?lossy=1&amp;strip=1&amp;webp=1 600w, https:\/\/b2983561.smushcdn.com\/2983561\/wp-content\/uploads\/2021\/02\/Fishing-Adventure-Meer-met-Huisjes-300x169.jpg?lossy=1&amp;strip=1&amp;webp=1 300w, https:\/\/b2983561.smushcdn.com\/2983561\/wp-content\/uploads\/2021\/02\/Fishing-Adventure-Meer-met-Huisjes-1024x576.jpg?lossy=1&amp;strip=1&amp;webp=1 1024w, https:\/\/b2983561.smushcdn.com\/2983561\/wp-content\/uploads\/2021\/02\/Fishing-Adventure-Meer-met-Huisjes-768x432.jpg?lossy=1&amp;strip=1&amp;webp=1 768w, https:\/\/b2983561.smushcdn.com\/2983561\/wp-content\/uploads\/2021\/02\/Fishing-Adventure-Meer-met-Huisjes-1536x864.jpg?lossy=1&amp;strip=1&amp;webp=1 1536w, https:\/\/b2983561.smushcdn.com\/2983561\/wp-content\/uploads\/2021\/02\/Fishing-Adventure-Meer-met-Huisjes.jpg?size=204x115&amp;lossy=1&amp;strip=1&amp;webp=1 204w, https:\/\/b2983561.smushcdn.com\/2983561\/wp-content\/uploads\/2021\/02\/Fishing-Adventure-Meer-met-Huisjes.jpg?size=408x230&amp;lossy=1&amp;strip=1&amp;webp=1 408w\" data-sizes=\"auto\" src=\"data:image\/svg+xml;base64,PHN2ZyB3aWR0aD0iMSIgaGVpZ2h0PSIxIiB4bWxucz0iaHR0cDovL3d3dy53My5vcmcvMjAwMC9zdmciPjwvc3ZnPg==\" style=\"--smush-placeholder-width: 2048px; --smush-placeholder-aspect-ratio: 2048\/1152;\" data-original-sizes=\"(max-width: 2048px) 100vw, 2048px\" \/>\t\t\t\t\t\t<div class=\"section-bg-overlay absolute fill\"><\/div>\n\t\t\t\n\n\t\t<\/div>\n\n\t\t\n\n\t\t<div class=\"section-content relative\">\n\t\t\t\n<div class=\"row row-collapse align-equal\"  id=\"row-1010164655\">\n\n\t<div id=\"col-379901444\" class=\"col medium-1 small-12 large-1\"  >\n\t\t\t\t<div class=\"col-inner\"  >\n\t\t\t\n\t\t\t\n\t\t<\/div>\n\t\t\t\t\t<\/div>\n\n\t\n\n\t<div id=\"col-444141230\" class=\"col medium-10 small-12 large-10\"  >\n\t\t\t\t<div class=\"col-inner\"  >\n\t\t\t\n\t\t\t\n\t<div id=\"text-2157874877\" class=\"text\">\n\t\t\n<h1>Angelh\u00fctte<\/h1>\n<p>\n\t\t\n<style>\n#text-2157874877 {\n  font-size: 2rem;\n  color: rgb(255, 255, 255);\n}\n#text-2157874877 > * {\n  color: rgb(255, 255, 255);\n}\n<\/style>\n\t<\/div>\n\t\n\t<div id=\"text-3266503832\" class=\"text\">\n\t\t\n<h3>Am S\u00fcdufer befinden sich jetzt 2 komfortable Angelh\u00fctten von 24m2 (6 x 4). Die Angelpl\u00e4tze, die zu diesen Angelh\u00fctten geh\u00f6ren, sind 100 Meter breit. Die Fischerkabinen befinden sich auf einer schwimmenden Plattform von 84 m2 (12 x 7).\u00a0\u00a0<\/h3>\n<p>\n\t\t\n<style>\n#text-3266503832 {\n  font-size: 1.2rem;\n  color: rgb(255, 255, 255);\n}\n#text-3266503832 > * {\n  color: rgb(255, 255, 255);\n}\n<\/style>\n\t<\/div>\n\t\n\t<div id=\"gap-632214158\" class=\"gap-element clearfix\" style=\"display:block; height:auto;\">\n\t\t\n<style>\n#gap-632214158 {\n  padding-top: 90px;\n}\n<\/style>\n\t<\/div>\n\t\n\t\t<\/div>\n\t\t\t\t\t<\/div>\n\n\t\n\n\t<div id=\"col-636094768\" class=\"col medium-1 small-12 large-1\"  >\n\t\t\t\t<div class=\"col-inner\"  >\n\t\t\t\n\t\t\t\n\t\t<\/div>\n\t\t\t\t\t<\/div>\n\n\t\n<\/div>\n\t\t<\/div>\n\n\t\t\n<style>\n#section_584598965 {\n  padding-top: 106px;\n  padding-bottom: 106px;\n  background-color: #127a3f;\n}\n#section_584598965 .section-bg-overlay {\n  background-color: rgba(0, 0, 0, 0.244);\n}\n#section_584598965 .section-bg img {\n  object-position: 53% 64%;\n}\n<\/style>\n\t<\/section>\n\t\n\n\t<section class=\"section\" id=\"section_1745731768\">\n\t\t<div class=\"section-bg fill\" >\n\t\t\t\t\t\t\t\t\t\n\t\t\t\n\n\t\t<\/div>\n\n\t\t\n\n\t\t<div class=\"section-content relative\">\n\t\t\t\n<div class=\"row\" style=\"max-width:95%\" id=\"row-1428419234\">\n\n\t<div id=\"col-608186275\" class=\"col medium-4 small-12 large-4\"  >\n\t\t\t\t<div class=\"col-inner\"  >\n\t\t\t\n\t\t\t\n\t<div class=\"img has-hover x md-x lg-x y md-y lg-y\" id=\"image_1133980750\">\n\t\t\t\t\t\t\t\t<div class=\"img-inner image-cover dark\" style=\"padding-top:300px;\">\n\t\t\t<img decoding=\"async\" width=\"1020\" height=\"765\" data-src=\"https:\/\/b2983561.smushcdn.com\/2983561\/wp-content\/uploads\/2021\/05\/Vissershut-in-het-donker-met-verlichting-1-1024x768.jpg?lossy=1&strip=1&webp=1\" class=\"attachment-large size-large lazyload\" alt=\"\" data-srcset=\"https:\/\/b2983561.smushcdn.com\/2983561\/wp-content\/uploads\/2021\/05\/Vissershut-in-het-donker-met-verlichting-1-1024x768.jpg?lossy=1&strip=1&webp=1 1024w, https:\/\/b2983561.smushcdn.com\/2983561\/wp-content\/uploads\/2021\/05\/Vissershut-in-het-donker-met-verlichting-1-300x225.jpg?lossy=1&strip=1&webp=1 300w, https:\/\/b2983561.smushcdn.com\/2983561\/wp-content\/uploads\/2021\/05\/Vissershut-in-het-donker-met-verlichting-1-768x576.jpg?lossy=1&strip=1&webp=1 768w, https:\/\/b2983561.smushcdn.com\/2983561\/wp-content\/uploads\/2021\/05\/Vissershut-in-het-donker-met-verlichting-1-1536x1152.jpg?lossy=1&strip=1&webp=1 1536w, https:\/\/b2983561.smushcdn.com\/2983561\/wp-content\/uploads\/2021\/05\/Vissershut-in-het-donker-met-verlichting-1-600x450.jpg?lossy=1&strip=1&webp=1 600w, https:\/\/b2983561.smushcdn.com\/2983561\/wp-content\/uploads\/2021\/05\/Vissershut-in-het-donker-met-verlichting-1.jpg?lossy=1&strip=1&webp=1 1600w, https:\/\/b2983561.smushcdn.com\/2983561\/wp-content\/uploads\/2021\/05\/Vissershut-in-het-donker-met-verlichting-1.jpg?size=204x153&lossy=1&strip=1&webp=1 204w, https:\/\/b2983561.smushcdn.com\/2983561\/wp-content\/uploads\/2021\/05\/Vissershut-in-het-donker-met-verlichting-1.jpg?size=408x306&lossy=1&strip=1&webp=1 408w\" data-sizes=\"auto\" src=\"data:image\/svg+xml;base64,PHN2ZyB3aWR0aD0iMSIgaGVpZ2h0PSIxIiB4bWxucz0iaHR0cDovL3d3dy53My5vcmcvMjAwMC9zdmciPjwvc3ZnPg==\" style=\"--smush-placeholder-width: 1020px; --smush-placeholder-aspect-ratio: 1020\/765;\" data-original-sizes=\"(max-width: 1020px) 100vw, 1020px\" \/>\t\t\t\t\t\t\n\t\t\t\t\t<\/div>\n\t\t\t\t\t\t\t\t\n<style>\n#image_1133980750 {\n  width: 100%;\n}\n<\/style>\n\t<\/div>\n\t\n<p>In dieser Angelh\u00fctte befinden sich 2 Schlafzimmer, 1 mit einem 2-Bett und 1 mit einem Etagenbett. Dar\u00fcber hinaus hat die Angelh\u00fctte eine Toilette, K\u00fchlschrank, TV, WIFI, eine Klimaanlage zum Heizen und K\u00fchlen, Esstisch mit 4 St\u00fchlen, eine Schlafcouch, Beleuchtung und Steckdosen. Der Strom wird durch Solarzellen erzeugt, seien Sie also vorsichtig mit dem Strom.<\/p>\n\t\t<\/div>\n\t\t\t\t\t<\/div>\n\n\t\n\n\t<div id=\"col-337770532\" class=\"col medium-4 small-12 large-4\"  >\n\t\t\t\t<div class=\"col-inner\"  >\n\t\t\t\n\t\t\t\n\t<div class=\"img has-hover x md-x lg-x y md-y lg-y\" id=\"image_971843887\">\n\t\t\t\t\t\t\t\t<div class=\"img-inner image-cover dark\" style=\"padding-top:300px;\">\n\t\t\t<img decoding=\"async\" width=\"1020\" height=\"650\" data-src=\"https:\/\/b2983561.smushcdn.com\/2983561\/wp-content\/uploads\/2021\/05\/huisje1_2-1024x653.jpg?lossy=1&strip=1&webp=1\" class=\"attachment-large size-large lazyload\" alt=\"\" data-srcset=\"https:\/\/b2983561.smushcdn.com\/2983561\/wp-content\/uploads\/2021\/05\/huisje1_2-1024x653.jpg?lossy=1&strip=1&webp=1 1024w, https:\/\/b2983561.smushcdn.com\/2983561\/wp-content\/uploads\/2021\/05\/huisje1_2-300x191.jpg?lossy=1&strip=1&webp=1 300w, https:\/\/b2983561.smushcdn.com\/2983561\/wp-content\/uploads\/2021\/05\/huisje1_2-768x490.jpg?lossy=1&strip=1&webp=1 768w, https:\/\/b2983561.smushcdn.com\/2983561\/wp-content\/uploads\/2021\/05\/huisje1_2-1536x980.jpg?lossy=1&strip=1&webp=1 1536w, https:\/\/b2983561.smushcdn.com\/2983561\/wp-content\/uploads\/2021\/05\/huisje1_2-2048x1307.jpg?lossy=1&strip=1&webp=1 2048w, https:\/\/b2983561.smushcdn.com\/2983561\/wp-content\/uploads\/2021\/05\/huisje1_2-600x383.jpg?lossy=1&strip=1&webp=1 600w, https:\/\/b2983561.smushcdn.com\/2983561\/wp-content\/uploads\/2021\/05\/huisje1_2.jpg?size=204x130&lossy=1&strip=1&webp=1 204w, https:\/\/b2983561.smushcdn.com\/2983561\/wp-content\/uploads\/2021\/05\/huisje1_2.jpg?size=408x260&lossy=1&strip=1&webp=1 408w\" data-sizes=\"auto\" src=\"data:image\/svg+xml;base64,PHN2ZyB3aWR0aD0iMSIgaGVpZ2h0PSIxIiB4bWxucz0iaHR0cDovL3d3dy53My5vcmcvMjAwMC9zdmciPjwvc3ZnPg==\" style=\"--smush-placeholder-width: 1020px; --smush-placeholder-aspect-ratio: 1020\/650;\" data-original-sizes=\"(max-width: 1020px) 100vw, 1020px\" \/>\t\t\t\t\t\t\n\t\t\t\t\t<\/div>\n\t\t\t\t\t\t\t\t\n<style>\n#image_971843887 {\n  width: 100%;\n}\n<\/style>\n\t<\/div>\n\t\n<p>In der Toilette befindet sich auch ein Waschbecken zum H\u00e4ndewaschen, Hinweis: Dies ist KEIN Trinkwasser, sondern Wasser aus dem Rutbekerveld, dieses kann nicht zum Trinken oder Kochen verwendet werden. Die Buchung dieses Angelplatzes beinhaltet ein Whalyboot mit Elektromotor und Batterie (Batterieladeger\u00e4t auf dem Angelplatz verf\u00fcgbar) und Rettungsweste. Es sind auch 2 Abhakmatten, 2 Wiegeschlingen und 2 Kescher vorhanden.<\/p>\n\t\t<\/div>\n\t\t\t\t\t<\/div>\n\n\t\n\n\t<div id=\"col-1821517598\" class=\"col medium-4 small-12 large-4\"  >\n\t\t\t\t<div class=\"col-inner\"  >\n\t\t\t\n\t\t\t\n\t<div class=\"img has-hover x md-x lg-x y md-y lg-y\" id=\"image_879091831\">\n\t\t\t\t\t\t\t\t<div class=\"img-inner image-cover dark\" style=\"padding-top:300px;\">\n\t\t\t<img decoding=\"async\" width=\"1020\" height=\"680\" data-src=\"https:\/\/b2983561.smushcdn.com\/2983561\/wp-content\/uploads\/2021\/05\/huisje2_7-1024x683.jpg?lossy=1&strip=1&webp=1\" class=\"attachment-large size-large lazyload\" alt=\"\" data-srcset=\"https:\/\/b2983561.smushcdn.com\/2983561\/wp-content\/uploads\/2021\/05\/huisje2_7-1024x683.jpg?lossy=1&strip=1&webp=1 1024w, https:\/\/b2983561.smushcdn.com\/2983561\/wp-content\/uploads\/2021\/05\/huisje2_7-300x200.jpg?lossy=1&strip=1&webp=1 300w, https:\/\/b2983561.smushcdn.com\/2983561\/wp-content\/uploads\/2021\/05\/huisje2_7-768x512.jpg?lossy=1&strip=1&webp=1 768w, https:\/\/b2983561.smushcdn.com\/2983561\/wp-content\/uploads\/2021\/05\/huisje2_7-1536x1024.jpg?lossy=1&strip=1&webp=1 1536w, https:\/\/b2983561.smushcdn.com\/2983561\/wp-content\/uploads\/2021\/05\/huisje2_7-2048x1365.jpg?lossy=1&strip=1&webp=1 2048w, https:\/\/b2983561.smushcdn.com\/2983561\/wp-content\/uploads\/2021\/05\/huisje2_7-600x400.jpg?lossy=1&strip=1&webp=1 600w, https:\/\/b2983561.smushcdn.com\/2983561\/wp-content\/uploads\/2021\/05\/huisje2_7.jpg?size=204x136&lossy=1&strip=1&webp=1 204w, https:\/\/b2983561.smushcdn.com\/2983561\/wp-content\/uploads\/2021\/05\/huisje2_7.jpg?size=408x272&lossy=1&strip=1&webp=1 408w\" data-sizes=\"auto\" src=\"data:image\/svg+xml;base64,PHN2ZyB3aWR0aD0iMSIgaGVpZ2h0PSIxIiB4bWxucz0iaHR0cDovL3d3dy53My5vcmcvMjAwMC9zdmciPjwvc3ZnPg==\" style=\"--smush-placeholder-width: 1020px; --smush-placeholder-aspect-ratio: 1020\/680;\" data-original-sizes=\"(max-width: 1020px) 100vw, 1020px\" \/>\t\t\t\t\t\t\n\t\t\t\t\t<\/div>\n\t\t\t\t\t\t\t\t\n<style>\n#image_879091831 {\n  width: 100%;\n}\n<\/style>\n\t<\/div>\n\t\n<p>ACHTUNG: Das Wasser um die Plattform ist tief, Sie k\u00f6nnen dort nicht stehen. Der Aufenthalt auf diesem Angelplatz erfolgt auf eigene Gefahr! Wir empfehlen das Tragen einer Schwimmweste au\u00dferhalb der Angelh\u00fctte! Im Boot ist eine Rettungsweste immer Pflicht! Dieser Angelplatz ist nichts f\u00fcr Leute, die nicht schwimmen k\u00f6nnen! Es lohnt sich, immer eine oder mehrere Ruten unter der Seite, gegen den Hang zu fischen. Es gibt auch interessante Pl\u00e4tze und Ausl\u00e4ufer. Hunde sind NICHT erlaubt.<\/p>\n\t\t<\/div>\n\t\t\t\t\t<\/div>\n\n\t\n<\/div>\n<a href=\"https:\/\/www.fishingadventure.nl\/de\/faciliteiten\/\" class=\"button primary expand\">\n\t\t<span>Zur\u00fcck zur \u00dcbersicht der Einrichtungen<\/span>\n\t<\/a>\n\n\t\t<\/div>\n\n\t\t\n<style>\n#section_1745731768 {\n  padding-top: 30px;\n  padding-bottom: 30px;\n}\n<\/style>\n\t<\/section>","protected":false},"excerpt":{"rendered":"","protected":false},"author":1,"featured_media":0,"parent":5942,"menu_order":0,"comment_status":"closed","ping_status":"closed","template":"page-blank.php","meta":{"footnotes":""},"class_list":["post-5977","page","type-page","status-publish","hentry"],"_links":{"self":[{"href":"https:\/\/www.fishingadventure.nl\/de\/wp-json\/wp\/v2\/pages\/5977","targetHints":{"allow":["GET"]}}],"collection":[{"href":"https:\/\/www.fishingadventure.nl\/de\/wp-json\/wp\/v2\/pages"}],"about":[{"href":"https:\/\/www.fishingadventure.nl\/de\/wp-json\/wp\/v2\/types\/page"}],"author":[{"embeddable":true,"href":"https:\/\/www.fishingadventure.nl\/de\/wp-json\/wp\/v2\/users\/1"}],"replies":[{"embeddable":true,"href":"https:\/\/www.fishingadventure.nl\/de\/wp-json\/wp\/v2\/comments?post=5977"}],"version-history":[{"count":0,"href":"https:\/\/www.fishingadventure.nl\/de\/wp-json\/wp\/v2\/pages\/5977\/revisions"}],"up":[{"embeddable":true,"href":"https:\/\/www.fishingadventure.nl\/de\/wp-json\/wp\/v2\/pages\/5942"}],"wp:attachment":[{"href":"https:\/\/www.fishingadventure.nl\/de\/wp-json\/wp\/v2\/media?parent=5977"}],"curies":[{"name":"wp","href":"https:\/\/api.w.org\/{rel}","templated":true}]}}