{"id":5831,"date":"2021-04-02T22:10:14","date_gmt":"2021-04-02T21:10:14","guid":{"rendered":"https:\/\/fishingadventure.nl\/?page_id=5831"},"modified":"2023-01-29T17:58:46","modified_gmt":"2023-01-29T16:58:46","slug":"materiaal","status":"publish","type":"page","link":"https:\/\/www.fishingadventure.nl\/de\/informatie\/materiaal\/","title":{"rendered":"Material"},"content":{"rendered":"<section class=\"section\" id=\"section_264440731\">\n\t\t<div class=\"section-bg fill\" >\n\t\t\t\t\t\t\t\t\t\n\t\t\t\n\n\t\t<\/div>\n\n\t\t\n\n\t\t<div class=\"section-content relative\">\n\t\t\t\n\n<div class=\"row row-collapse align-middle align-center\"  id=\"row-1414498150\">\n\n\n\t<div id=\"col-739015096\" class=\"col medium-4 small-4 large-4\"  >\n\t\t\t\t<div class=\"col-inner\"  >\n\t\t\t\n\t\t\t\n\n<a href=\"https:\/\/bookings.fishingadventure.nl\/\" class=\"button primary is-xxsmall expand\" >\n\t\t<span>Stek B\u00fccher (NL)<\/span>\n\t<\/a>\n\n\n\n\t\t<\/div>\n\t\t\t\t\n<style>\n#col-739015096 > .col-inner {\n  padding: 0px 0px 0px 0px;\n  margin: 0px 0px 0px 0px;\n}\n<\/style>\n\t<\/div>\n\n\t\n\n\t<div id=\"col-1250218436\" class=\"col medium-4 small-4 large-4\"  >\n\t\t\t\t<div class=\"col-inner\"  >\n\t\t\t\n\t\t\t\n\n<a href=\"https:\/\/fishingadventure.recranet.com\/de\" class=\"button primary is-xxsmall expand\" target=\"_blank\" rel=\"noopener\">\n\t\t<span>angelplatz buchen (DE)<\/span>\n\t<\/a>\n\n\n\n\t\t<\/div>\n\t\t\t\t\n<style>\n#col-1250218436 > .col-inner {\n  padding: 0px 0px 0px 0px;\n  margin: 0px 0px 0px 0px;\n}\n<\/style>\n\t<\/div>\n\n\t\n\n\t<div id=\"col-1283698685\" class=\"col medium-4 small-4 large-4\"  >\n\t\t\t\t<div class=\"col-inner text-center\"  >\n\t\t\t\n\t\t\t\n\n<a href=\"https:\/\/fishingadventure.recranet.com\/en\/\" class=\"button primary is-xxsmall expand\" target=\"_blank\" rel=\"noopener\">\n\t\t<span>Buchen Sie Ihr Schwimmen (EN)<\/span>\n\t<\/a>\n\n\n\n\t\t<\/div>\n\t\t\t\t\n<style>\n#col-1283698685 > .col-inner {\n  padding: 0px 0px 0px 0px;\n  margin: 0px 0px 0px 0px;\n}\n<\/style>\n\t<\/div>\n\n\t\n\n\n<style>\n#row-1414498150 > .col > .col-inner {\n  padding: 15px 3px 0px 3px;\n}\n<\/style>\n<\/div>\n\n\t\t<\/div>\n\n\t\t\n<style>\n#section_264440731 {\n  padding-top: 0px;\n  padding-bottom: 0px;\n  background-color: rgb(220, 220, 220);\n}\n<\/style>\n\t<\/section>\n\t\n\n\t<section class=\"section\" id=\"section_919774915\">\n\t\t<div class=\"section-bg fill\" >\n\t\t\t<img decoding=\"async\" width=\"720\" height=\"480\" data-src=\"https:\/\/b2983561.smushcdn.com\/2983561\/wp-content\/uploads\/2019\/08\/69245013_1731697040308627_3488681439233310720_o.jpg?lossy=1&strip=1&webp=1\" class=\"bg attachment-original size-original lazyload\" alt=\"Vis binnen halen vanuit de boot\" data-srcset=\"https:\/\/b2983561.smushcdn.com\/2983561\/wp-content\/uploads\/2019\/08\/69245013_1731697040308627_3488681439233310720_o.jpg?lossy=1&amp;strip=1&amp;webp=1 720w, https:\/\/b2983561.smushcdn.com\/2983561\/wp-content\/uploads\/2019\/08\/69245013_1731697040308627_3488681439233310720_o-600x400.jpg?lossy=1&amp;strip=1&amp;webp=1 600w, https:\/\/b2983561.smushcdn.com\/2983561\/wp-content\/uploads\/2019\/08\/69245013_1731697040308627_3488681439233310720_o-300x200.jpg?lossy=1&amp;strip=1&amp;webp=1 300w, https:\/\/b2983561.smushcdn.com\/2983561\/wp-content\/uploads\/2019\/08\/69245013_1731697040308627_3488681439233310720_o.jpg?size=204x136&amp;lossy=1&amp;strip=1&amp;webp=1 204w, https:\/\/b2983561.smushcdn.com\/2983561\/wp-content\/uploads\/2019\/08\/69245013_1731697040308627_3488681439233310720_o.jpg?size=408x272&amp;lossy=1&amp;strip=1&amp;webp=1 408w\" data-sizes=\"auto\" src=\"data:image\/svg+xml;base64,PHN2ZyB3aWR0aD0iMSIgaGVpZ2h0PSIxIiB4bWxucz0iaHR0cDovL3d3dy53My5vcmcvMjAwMC9zdmciPjwvc3ZnPg==\" style=\"--smush-placeholder-width: 720px; --smush-placeholder-aspect-ratio: 720\/480;\" data-original-sizes=\"(max-width: 720px) 100vw, 720px\" \/>\t\t\t\t\t\t<div class=\"section-bg-overlay absolute fill\"><\/div>\n\t\t\t\n\n\t\t<\/div>\n\n\t\t\n\n\t\t<div class=\"section-content relative\">\n\t\t\t\n<div class=\"row\"  id=\"row-1682998938\">\n\n\t<div id=\"col-1263069207\" class=\"col small-12 large-12\"  >\n\t\t\t\t<div class=\"col-inner\"  >\n\t\t\t\n\t\t\t\n\t<div id=\"text-433186008\" class=\"text\">\n\t\t\n<h1>Material<\/h1>\n\t\t\n<style>\n#text-433186008 {\n  font-size: 2.5rem;\n  text-align: center;\n  color: rgb(255,255,255);\n}\n#text-433186008 > * {\n  color: rgb(255,255,255);\n}\n<\/style>\n\t<\/div>\n\t\n\t\t<\/div>\n\t\t\t\t\t<\/div>\n\n\t\n<\/div>\n\t\t<\/div>\n\n\t\t\n<style>\n#section_919774915 {\n  padding-top: 150px;\n  padding-bottom: 150px;\n}\n#section_919774915 .section-bg-overlay {\n  background-color: rgba(0, 0, 0, 0.25);\n}\n#section_919774915 .section-bg img {\n  object-position: 33% 40%;\n}\n<\/style>\n\t<\/section>\n\t\n\n\t<section class=\"section\" id=\"section_317487708\">\n\t\t<div class=\"section-bg fill\" >\n\t\t\t\t\t\t\t\t\t\n\t\t\t\n\n\t\t<\/div>\n\n\t\t\n\n\t\t<div class=\"section-content relative\">\n\t\t\t\n<div class=\"row row-collapse align-equal\"  id=\"row-1534928927\">\n\n\t<div id=\"col-172540171\" class=\"col small-12 large-12\"  >\n\t\t\t\t<div class=\"col-inner\"  >\n\t\t\t\n\t\t\t\n\t<div id=\"text-238211792\" class=\"text\">\n\t\t\n<h2>Erfahren Sie mehr \u00fcber die Materialien, die bei Fishing Adventure erlaubt sind.<\/h2>\n<p>Fishing Adventure ist ein gro\u00dfer und tiefer See mit riesigen Fischen von \u00fcber 2 Metern L\u00e4nge und einem Gewicht von mehr als 100 Kilo. Es ist wichtig, dass Ihre Angelausr\u00fcstung entsprechend angepasst ist.<br \/>\n\t\t\n<style>\n#text-238211792 {\n  font-size: 1.2rem;\n}\n@media (min-width:550px) {\n  #text-238211792 {\n    font-size: 1.6rem;\n  }\n}\n<\/style>\n\t<\/div>\n\t\n\t\t<\/div>\n\t\t\t\t\n<style>\n#col-172540171 > .col-inner {\n  padding: 0px 10px 0px 10px;\n}\n@media (min-width:550px) {\n  #col-172540171 > .col-inner {\n    padding: 0px 15px 0px 15px;\n  }\n}\n<\/style>\n\t<\/div>\n\n\t\n<\/div>\n\t\t<\/div>\n\n\t\t\n<style>\n#section_317487708 {\n  padding-top: 30px;\n  padding-bottom: 30px;\n}\n@media (min-width:550px) {\n  #section_317487708 {\n    padding-top: 26px;\n    padding-bottom: 26px;\n  }\n}\n@media (min-width:850px) {\n  #section_317487708 {\n    padding-top: 56px;\n    padding-bottom: 56px;\n  }\n}\n<\/style>\n\t<\/section>\n\t\n\n\t<section class=\"section dark\" id=\"section_836224642\">\n\t\t<div class=\"section-bg fill\" >\n\t\t\t<img decoding=\"async\" width=\"1600\" height=\"1070\" data-src=\"https:\/\/b2983561.smushcdn.com\/2983561\/wp-content\/uploads\/2021\/03\/2021-01-14-2.30.jpg?lossy=1&strip=1&webp=1\" class=\"bg attachment-original size-original lazyload\" alt=\"\" data-srcset=\"https:\/\/b2983561.smushcdn.com\/2983561\/wp-content\/uploads\/2021\/03\/2021-01-14-2.30.jpg?lossy=1&amp;strip=1&amp;webp=1 1600w, https:\/\/b2983561.smushcdn.com\/2983561\/wp-content\/uploads\/2021\/03\/2021-01-14-2.30-600x401.jpg?lossy=1&amp;strip=1&amp;webp=1 600w, https:\/\/b2983561.smushcdn.com\/2983561\/wp-content\/uploads\/2021\/03\/2021-01-14-2.30-300x201.jpg?lossy=1&amp;strip=1&amp;webp=1 300w, https:\/\/b2983561.smushcdn.com\/2983561\/wp-content\/uploads\/2021\/03\/2021-01-14-2.30-1024x685.jpg?lossy=1&amp;strip=1&amp;webp=1 1024w, https:\/\/b2983561.smushcdn.com\/2983561\/wp-content\/uploads\/2021\/03\/2021-01-14-2.30-768x514.jpg?lossy=1&amp;strip=1&amp;webp=1 768w, https:\/\/b2983561.smushcdn.com\/2983561\/wp-content\/uploads\/2021\/03\/2021-01-14-2.30-1536x1027.jpg?lossy=1&amp;strip=1&amp;webp=1 1536w, https:\/\/b2983561.smushcdn.com\/2983561\/wp-content\/uploads\/2021\/03\/2021-01-14-2.30.jpg?size=204x136&amp;lossy=1&amp;strip=1&amp;webp=1 204w, https:\/\/b2983561.smushcdn.com\/2983561\/wp-content\/uploads\/2021\/03\/2021-01-14-2.30.jpg?size=408x273&amp;lossy=1&amp;strip=1&amp;webp=1 408w\" data-sizes=\"auto\" src=\"data:image\/svg+xml;base64,PHN2ZyB3aWR0aD0iMSIgaGVpZ2h0PSIxIiB4bWxucz0iaHR0cDovL3d3dy53My5vcmcvMjAwMC9zdmciPjwvc3ZnPg==\" style=\"--smush-placeholder-width: 1600px; --smush-placeholder-aspect-ratio: 1600\/1070;\" data-original-sizes=\"(max-width: 1600px) 100vw, 1600px\" \/>\t\t\t\t\t\t\n\t\t\t\n\t<div class=\"is-border\"\n\t\tstyle=\"border-color:rgb(255, 255, 255);border-width:0px 0px 0px 250px;\">\n\t<\/div>\n\n\t\t<\/div>\n\n\t\t\n\n\t\t<div class=\"section-content relative\">\n\t\t\t\n<div class=\"row row-collapse\" style=\"max-width:93%\" id=\"row-786088480\">\n\n\t<div id=\"col-449946547\" class=\"col medium-8 small-12 large-7\"  >\n\t\t\t\t<div class=\"col-inner text-shadow-1\" style=\"background-color:rgba(18, 122, 63, 0.744);\" >\n\t\t\t\n\t\t\t\n<h3>Regel 1<\/h3>\n<p>Wir empfehlen Ihnen, mit Ruten von mindestens 2,5 LBS zu fischen. Auf den Spulen sollten sich mindestens 200 Meter Nylonschnur mit einer Mindestst\u00e4rke von 35\/100 befinden.<\/p>\n<h3>Regel 2<\/h3>\n<p>Das Angeln mit geflochtener Schnur auf Karpfen ist verboten, es sei denn, es wird ein Nylon-Vorfach von mindestens 3 Rutenl\u00e4ngen verwendet. Die Verwendung von geflochtener Schnur f\u00fcr das Angeln auf St\u00f6r und Wels ist mit einer Mindestl\u00e4nge von 3 Metern Nylonschnur mit einer Mindestst\u00e4rke von 0,8 mm erlaubt.<\/p>\n<h3>Regel 3<\/h3>\n<p>Es d\u00fcrfen nur fischsichere Bleisysteme gefischt werden. Bleikern ist verboten.<\/p>\n<h3>Regel 4<\/h3>\n<p>Nur Haken mit Mikro-Widerhaken, nicht kleiner als Gr\u00f6sse 6<\/p>\n<h3>Regel 5<\/h3>\n<p>Die Verwendung von Longcurve, Longshank, Fox Serie 5, Langschaftnaglern oder anderen gebogenen Haken ist strengstens untersagt!<\/p>\n<h3>Regel 6<\/h3>\n<p>Das Angeln mit Drillingshaken ist nur in Kombination mit Kunstk\u00f6dern erlaubt.\nBei anderen Fischtechniken ist es verboten.<\/p>\n\t\t<\/div>\n\t\t\t\t\n<style>\n#col-449946547 > .col-inner {\n  padding: 5% 5% 3% 5%;\n  margin: 35px 0px 35px 0px;\n}\n<\/style>\n\t<\/div>\n\n\t\n\n<style>\n#row-786088480 > .col > .col-inner {\n  background-color: #127a3f;\n}\n<\/style>\n<\/div>\n\t\t<\/div>\n\n\t\t\n<style>\n#section_836224642 {\n  padding-top: 0px;\n  padding-bottom: 0px;\n  background-color: rgb(255, 255, 255);\n}\n#section_836224642 .section-bg img {\n  object-position: 0% 100%;\n}\n<\/style>\n\t<\/section>","protected":false},"excerpt":{"rendered":"","protected":false},"author":1,"featured_media":0,"parent":5836,"menu_order":0,"comment_status":"closed","ping_status":"closed","template":"page-blank.php","meta":{"footnotes":""},"class_list":["post-5831","page","type-page","status-publish","hentry"],"_links":{"self":[{"href":"https:\/\/www.fishingadventure.nl\/de\/wp-json\/wp\/v2\/pages\/5831","targetHints":{"allow":["GET"]}}],"collection":[{"href":"https:\/\/www.fishingadventure.nl\/de\/wp-json\/wp\/v2\/pages"}],"about":[{"href":"https:\/\/www.fishingadventure.nl\/de\/wp-json\/wp\/v2\/types\/page"}],"author":[{"embeddable":true,"href":"https:\/\/www.fishingadventure.nl\/de\/wp-json\/wp\/v2\/users\/1"}],"replies":[{"embeddable":true,"href":"https:\/\/www.fishingadventure.nl\/de\/wp-json\/wp\/v2\/comments?post=5831"}],"version-history":[{"count":0,"href":"https:\/\/www.fishingadventure.nl\/de\/wp-json\/wp\/v2\/pages\/5831\/revisions"}],"up":[{"embeddable":true,"href":"https:\/\/www.fishingadventure.nl\/de\/wp-json\/wp\/v2\/pages\/5836"}],"wp:attachment":[{"href":"https:\/\/www.fishingadventure.nl\/de\/wp-json\/wp\/v2\/media?parent=5831"}],"curies":[{"name":"wp","href":"https:\/\/api.w.org\/{rel}","templated":true}]}}