{"id":5822,"date":"2021-03-30T02:43:48","date_gmt":"2021-03-30T01:43:48","guid":{"rendered":"https:\/\/fishingadventure.nl\/?page_id=5822"},"modified":"2024-07-17T09:06:12","modified_gmt":"2024-07-17T08:06:12","slug":"algemene-voorwaarden","status":"publish","type":"page","link":"https:\/\/www.fishingadventure.nl\/de\/informatie\/algemene-voorwaarden\/","title":{"rendered":"Allgemeine Gesch\u00e4ftsbedingungen"},"content":{"rendered":"<section class=\"section\" id=\"section_1079396067\">\n\t\t<div class=\"section-bg fill\" >\n\t\t\t\t\t\t\t\t\t\n\t\t\t\n\n\t\t<\/div>\n\n\t\t\n\n\t\t<div class=\"section-content relative\">\n\t\t\t\n\n<div class=\"row row-collapse align-middle align-center\"  id=\"row-1689613296\">\n\n\n\t<div id=\"col-2004844102\" class=\"col medium-4 small-4 large-4\"  >\n\t\t\t\t<div class=\"col-inner\"  >\n\t\t\t\n\t\t\t\n\n<a href=\"https:\/\/bookings.fishingadventure.nl\/\" class=\"button primary is-xxsmall expand\" >\n\t\t<span>Stek B\u00fccher (NL)<\/span>\n\t<\/a>\n\n\n\n\t\t<\/div>\n\t\t\t\t\n<style>\n#col-2004844102 > .col-inner {\n  padding: 0px 0px 0px 0px;\n  margin: 0px 0px 0px 0px;\n}\n<\/style>\n\t<\/div>\n\n\t\n\n\t<div id=\"col-675111258\" class=\"col medium-4 small-4 large-4\"  >\n\t\t\t\t<div class=\"col-inner\"  >\n\t\t\t\n\t\t\t\n\n<a href=\"https:\/\/fishingadventure.recranet.com\/de\" class=\"button primary is-xxsmall expand\" target=\"_blank\" rel=\"noopener\">\n\t\t<span>angelplatz buchen (DE)<\/span>\n\t<\/a>\n\n\n\n\t\t<\/div>\n\t\t\t\t\n<style>\n#col-675111258 > .col-inner {\n  padding: 0px 0px 0px 0px;\n  margin: 0px 0px 0px 0px;\n}\n<\/style>\n\t<\/div>\n\n\t\n\n\t<div id=\"col-1175762744\" class=\"col medium-4 small-4 large-4\"  >\n\t\t\t\t<div class=\"col-inner text-center\"  >\n\t\t\t\n\t\t\t\n\n<a href=\"https:\/\/fishingadventure.recranet.com\/en\/\" class=\"button primary is-xxsmall expand\" target=\"_blank\" rel=\"noopener\">\n\t\t<span>Buchen Sie Ihr Schwimmen (EN)<\/span>\n\t<\/a>\n\n\n\n\t\t<\/div>\n\t\t\t\t\n<style>\n#col-1175762744 > .col-inner {\n  padding: 0px 0px 0px 0px;\n  margin: 0px 0px 0px 0px;\n}\n<\/style>\n\t<\/div>\n\n\t\n\n\n<style>\n#row-1689613296 > .col > .col-inner {\n  padding: 15px 3px 0px 3px;\n}\n<\/style>\n<\/div>\n\n\t\t<\/div>\n\n\t\t\n<style>\n#section_1079396067 {\n  padding-top: 0px;\n  padding-bottom: 0px;\n  background-color: rgb(220, 220, 220);\n}\n<\/style>\n\t<\/section>\n\t\n\n\n\t<section class=\"section\" id=\"section_61311287\">\n\t\t<div class=\"section-bg fill\" >\n\t\t\t<img decoding=\"async\" width=\"1920\" height=\"1080\" data-src=\"https:\/\/b2983561.smushcdn.com\/2983561\/wp-content\/uploads\/2019\/02\/Fishing-Adventure-Rutbekerveld.jpg?lossy=1&strip=1&webp=1\" class=\"bg attachment- size- lazyload\" alt=\"\" data-srcset=\"https:\/\/b2983561.smushcdn.com\/2983561\/wp-content\/uploads\/2019\/02\/Fishing-Adventure-Rutbekerveld.jpg?lossy=1&amp;strip=1&amp;webp=1 1920w, https:\/\/b2983561.smushcdn.com\/2983561\/wp-content\/uploads\/2019\/02\/Fishing-Adventure-Rutbekerveld-600x338.jpg?lossy=1&amp;strip=1&amp;webp=1 600w, https:\/\/b2983561.smushcdn.com\/2983561\/wp-content\/uploads\/2019\/02\/Fishing-Adventure-Rutbekerveld-300x169.jpg?lossy=1&amp;strip=1&amp;webp=1 300w, https:\/\/b2983561.smushcdn.com\/2983561\/wp-content\/uploads\/2019\/02\/Fishing-Adventure-Rutbekerveld-1024x576.jpg?lossy=1&amp;strip=1&amp;webp=1 1024w, https:\/\/b2983561.smushcdn.com\/2983561\/wp-content\/uploads\/2019\/02\/Fishing-Adventure-Rutbekerveld-768x432.jpg?lossy=1&amp;strip=1&amp;webp=1 768w, https:\/\/b2983561.smushcdn.com\/2983561\/wp-content\/uploads\/2019\/02\/Fishing-Adventure-Rutbekerveld-1536x864.jpg?lossy=1&amp;strip=1&amp;webp=1 1536w, https:\/\/b2983561.smushcdn.com\/2983561\/wp-content\/uploads\/2019\/02\/Fishing-Adventure-Rutbekerveld.jpg?size=204x115&amp;lossy=1&amp;strip=1&amp;webp=1 204w, https:\/\/b2983561.smushcdn.com\/2983561\/wp-content\/uploads\/2019\/02\/Fishing-Adventure-Rutbekerveld.jpg?size=408x230&amp;lossy=1&amp;strip=1&amp;webp=1 408w\" data-sizes=\"auto\" src=\"data:image\/svg+xml;base64,PHN2ZyB3aWR0aD0iMSIgaGVpZ2h0PSIxIiB4bWxucz0iaHR0cDovL3d3dy53My5vcmcvMjAwMC9zdmciPjwvc3ZnPg==\" style=\"--smush-placeholder-width: 1920px; --smush-placeholder-aspect-ratio: 1920\/1080;\" data-original-sizes=\"(max-width: 1920px) 100vw, 1920px\" \/>\t\t\t\t\t\t<div class=\"section-bg-overlay absolute fill\"><\/div>\n\t\t\t\n\n\t\t<\/div>\n\n\t\t\n\n\t\t<div class=\"section-content relative\">\n\t\t\t\n\n<div class=\"row row-box-shadow-2\"  id=\"row-792609820\">\n\n\n\t<div id=\"col-1501064608\" class=\"col small-12 large-12\"  >\n\t\t\t\t<div class=\"col-inner box-shadow-2\"  >\n\t\t\t\n\t\t\t\n\n\n\t\t<div class=\"tabbed-content\">\n\t\t\t<h4 class=\"uppercase text-left\">Allgemeine Gesch\u00e4ftsbedingungen<\/h4>\n\t\t\t<ul class=\"nav nav-line nav-vertical nav-uppercase nav-size-normal nav-left\" role=\"tablist\"><li id=\"tab-algemeen\" class=\"tab active has-icon\" role=\"presentation\"><a href=\"#tab_algemeen\" role=\"tab\" aria-selected=\"true\" aria-controls=\"tab_algemeen\"><span>Allgemein<\/span><\/a><\/li>\n<li id=\"tab-boeking\" class=\"tab has-icon\" role=\"presentation\"><a href=\"#tab_boeking\" tabindex=\"-1\" role=\"tab\" aria-selected=\"false\" aria-controls=\"tab_boeking\"><span>Reservierung:<\/span><\/a><\/li>\n<li id=\"tab-prijs\" class=\"tab has-icon\" role=\"presentation\"><a href=\"#tab_prijs\" tabindex=\"-1\" role=\"tab\" aria-selected=\"false\" aria-controls=\"tab_prijs\"><span>Preise<\/span><\/a><\/li>\n<li id=\"tab-tijdstip\" class=\"tab has-icon\" role=\"presentation\"><a href=\"#tab_tijdstip\" tabindex=\"-1\" role=\"tab\" aria-selected=\"false\" aria-controls=\"tab_tijdstip\"><span>Anreise und Abreisezeiten<\/span><\/a><\/li>\n<li id=\"tab-borg\" class=\"tab has-icon\" role=\"presentation\"><a href=\"#tab_borg\" tabindex=\"-1\" role=\"tab\" aria-selected=\"false\" aria-controls=\"tab_borg\"><span>Kaution<\/span><\/a><\/li>\n<li id=\"tab-verblijf\" class=\"tab has-icon\" role=\"presentation\"><a href=\"#tab_verblijf\" tabindex=\"-1\" role=\"tab\" aria-selected=\"false\" aria-controls=\"tab_verblijf\"><span>Aufenthalt<\/span><\/a><\/li>\n<li id=\"tab-bezoekers\" class=\"tab has-icon\" role=\"presentation\"><a href=\"#tab_bezoekers\" tabindex=\"-1\" role=\"tab\" aria-selected=\"false\" aria-controls=\"tab_bezoekers\"><span>Besucher<\/span><\/a><\/li>\n<li id=\"tab-eigendom\" class=\"tab has-icon\" role=\"presentation\"><a href=\"#tab_eigendom\" tabindex=\"-1\" role=\"tab\" aria-selected=\"false\" aria-controls=\"tab_eigendom\"><span>Eigentum Zustand<\/span><\/a><\/li>\n<li id=\"tab-privacy\" class=\"tab has-icon\" role=\"presentation\"><a href=\"#tab_privacy\" tabindex=\"-1\" role=\"tab\" aria-selected=\"false\" aria-controls=\"tab_privacy\"><span>Datenschutz<\/span><\/a><\/li>\n<li id=\"tab-overmacht\" class=\"tab has-icon\" role=\"presentation\"><a href=\"#tab_overmacht\" tabindex=\"-1\" role=\"tab\" aria-selected=\"false\" aria-controls=\"tab_overmacht\"><span>H\u00f6here Gewalt<\/span><\/a><\/li>\n<li id=\"tab-aansprakelijkheid\" class=\"tab has-icon\" role=\"presentation\"><a href=\"#tab_aansprakelijkheid\" tabindex=\"-1\" role=\"tab\" aria-selected=\"false\" aria-controls=\"tab_aansprakelijkheid\"><span>Haftung<\/span><\/a><\/li>\n<li id=\"tab-geschillen\" class=\"tab has-icon\" role=\"presentation\"><a href=\"#tab_geschillen\" tabindex=\"-1\" role=\"tab\" aria-selected=\"false\" aria-controls=\"tab_geschillen\"><span>Streitigkeiten<\/span><\/a><\/li><\/ul><div class=\"tab-panels\"><div id=\"tab_algemeen\" class=\"panel active entry-content\" role=\"tabpanel\" aria-labelledby=\"tab-algemeen\">\n\n<\/p>\n<h3>Allgemeine Gesch\u00e4ftsbedingungen der Fishing Adventure BV.<\/h3>\n<h5>Eingetragen im Handelsregister. KVK 56679874<\/h5>\n<p>Diese allgemeine Gesch\u00e4ftsbedingungen gelten f\u00fcr alle Vereinbarungen mit Fishing Adventure BV, sowie das Betreten und Verweilen am Angelsee Rutbekervelds und dem umliegenden Gel\u00e4nde.<\/p>\n<p>\n\n<\/div>\n<div id=\"tab_boeking\" class=\"panel entry-content\" role=\"tabpanel\" aria-labelledby=\"tab-boeking\">\n\n<h3>Reservierung:\u00a0<\/h3>\n<p>Fishing Adventure nimmt nur Buchungen von Personen ab 18 Jahren an.<\/p>\n<ul>\n<li>Eine Buchung ist endg\u00fcltig, nachdem sie Ihnen von Fishing Adventure per E-Mail best\u00e4tigt wurde.<\/li>\n<li>Nach Erhalt der Buchungsbest\u00e4tigung m\u00fcssen Sie innerhalb von 7 Tagen mindestens 60% des Gesamtbetrages der Buchung an Fishing Adventure \u00fcberweisen, und zwar auf das Bankkonto von Fishing Adventure. Der Restbetrag von 40% muss sp\u00e4testens 14 Tage vor Beginn Ihres Aufenthalts auf das Konto von Fishing Adventure \u00fcberwiesen werden. Wenn Fishing Adventure den Restbetrag nicht sp\u00e4testens 14 Tage vor Ihrer Reservierung erhalten hat, hat Fishing Adventure das Recht, Ihre Reservierung zu stornieren, ohne das Recht auf R\u00fcckerstattung der bereits von Ihnen gezahlten Betr\u00e4ge.<\/li>\n<li>Fishing Adventure beh\u00e4lt sich das Recht vor, jederzeit - ohne Angabe von Gr\u00fcnden - eine Buchung ganz oder teilweise abzulehnen, zu stornieren oder zu \u00e4ndern, auch wenn die Buchung bereits angenommen und\/oder vollst\u00e4ndig bezahlt wurde und\/oder der Aufenthalt bereits begonnen hat.<\/li>\n<li>Falls Sie in dem von Ihnen reservierten Zeitraum nicht erscheinen oder Ihre Reservierung sp\u00e4ter als 7 Tage nach dem Reservierungsdatum stornieren, schulden Sie Fishing Adventure noch den vollen Betrag der Reservierung. - Wenn Sie den f\u00e4lligen Betrag nicht rechtzeitig bezahlen, wird Fishing Adventure Ihnen per E-Mail und Einschreiben eine weitere Gelegenheit geben, den f\u00e4lligen Betrag innerhalb von 7 Tagen zu \u00fcberweisen. Wenn Fishing Adventure den f\u00e4lligen Betrag nicht innerhalb der in der E-Mail\/Einschreiben genannten Frist erhalten hat, wird die Forderung an ein Inkassob\u00fcro \u00fcbergeben. Die dadurch entstehenden zus\u00e4tzlichen Kosten gehen zu Ihren Lasten. Fishing Adventure wird ab dem ersten F\u00e4lligkeitstag des f\u00e4lligen Betrages die gesetzlichen Zinsen auf den Gesamtbetrag einfordern.<\/li>\n<li>Wenn Sie eine Buchung innerhalb von 7 Tagen stornieren,haben Sie Anspruch auf eine vollst\u00e4ndige R\u00fcckerstattung des von Ihnen gezahlten Betrages. \nDie Stornierung muss per E-Mail oder schriftlich erfolgen.<\/li>\n<li>Wenn Sie eine Buchung sp\u00e4ter als 7 Tage nach dem Reservierungsdatum stornieren oder wenn Sie Ihren Aufenthalt vorzeitig stornieren, gibt es keine R\u00fcckerstattung des von Ihnen gezahlten Betrags und Sie schulden Fishing Adventure weiterhin den vollen Reservierungsbetrag.<\/li>\n<li>Vor Ihrem Aufenthalt erhalten Sie von Fishing Adventure eine Buchungsvereinbarung mit den Buchungsbedingungen sowie eine Kopie der entsprechenden Regeln und Vorschriften. F\u00fcr diesen Buchungsvertrag gelten diese allgemeinen Bedingungen. Sie m\u00fcssen sich strikt an alle in diesen Dokumenten genannten Regeln halten. Es wird davon ausgegangen, dass alle Angler bei ihrer Ankunft mit den Vorschriften und allgemeinen Gesch\u00e4ftsbedingungen vertraut sind. Ein Versto\u00df gegen eine oder mehrere der oben genannten Regeln gibt Fishing Adventure das Recht, Sie vom See zu entfernen (oder entfernen zu lassen), was dazu f\u00fchren kann, dass Sie ohne R\u00fcckerstattung der Buchungsgeb\u00fchr oder eines Teils davon vom See entfernt werden.<\/li>\n<\/ul>\n\n<\/div>\n<div id=\"tab_prijs\" class=\"panel entry-content\" role=\"tabpanel\" aria-labelledby=\"tab-prijs\">\n\n<\/p>\n<h3><strong>Preise:<\/strong><\/h3>\n<ul>\n<li>Die Preise in den Prospekten und auf der Webseite von Fishing Adventure sind unverbindlich. \nFishing Adventure beh\u00e4lt sich das Recht vor, Preise zu \u00e4ndern und\/oder einen Aufpreis zu berechnen,z.b. aufgrund (aber nicht ausschlie\u00dflich) ge\u00e4nderten Steuern. Bei der Buchung werden Sie \u00fcber den aktuellen Preis informiert. \nDer auf der Best\u00e4tigung\/ Rechnung angegebene Preise sind bindend. Eventuelle Preisnachl\u00e4sse und\/oder Sonderangebote k\u00f6nnen nicht mehr genutzt werden, wenn die Best\u00e4tigung\/Rechnung von Fishing Adventure gesendet wurde.<\/li>\n<li>Im Preis von Fishing Adventure sind Reservierungskosten, Umsatzsteuer, Kurtaxe und andere staatlichen Abgaben nicht enthalten.<\/li>\n<\/ul>\n<p>\n\n<\/div>\n<div id=\"tab_tijdstip\" class=\"panel entry-content\" role=\"tabpanel\" aria-labelledby=\"tab-tijdstip\">\n\n<h3>Anreise und Abreisezeiten:<\/h3>\n<ul>\n<li>Sie d\u00fcrfen den Angelsee und die Angelpl\u00e4tze nur betreten in den Zeiten zwischen Ankunft und Abreise wie in Ihrem Reservierungsvertrag beschrieben. \nSie d\u00fcrfen den See erst betreten,nachdem Sie sich zum ersten Mal beim Empfang (Fischer Cafe) von Fishing Adventure angemeldet haben und die Erlaubnis erhalten haben den See zu betreten.<\/li>\n<li>Die maximale Anzahl der Personen,die Zugang zum See haben, entspricht der Anzahl der Personen die in Ihrer Reservierung angegeben ist. Es ist Ihnen nicht gestattet \u00fcbrige Besucher zu empfangen.<\/li>\n<li>Auf der erster Aufforderung m\u00fcssen alle in dem Reservierungsvertrag genannten Personen,in der Lage sein, Mitarbeitern von Fishing Adventure einen g\u00fcltigen Ausweis vorzulegen.<\/li>\n<\/ul>\n<p>\u00a0<\/p>\n\n<\/div>\n<div id=\"tab_borg\" class=\"panel entry-content\" role=\"tabpanel\" aria-labelledby=\"tab-borg\">\n\n<h3>Kaution:<\/h3>\n<ul>\n<li>Bei Ihrer Ankunft m\u00fcssen Sie die Kaution, die in der Reservierungsvereinbarung angegeben ist, in bar an Fishing Adventure zahlen. Wenn Sie w\u00e4hrend Ihres Aufenthalts Sch\u00e4den oder Kosten f\u00fcr Fishing Adventure verursachen oder wenn Sie den Platz bei Ihrer Abreise nicht sauber und ordentlich hinterlassen haben, hat Fishing Adventure das Recht, Ihnen die oben genannten Sch\u00e4den und (Reinigungs-) Kosten in Rechnung zu stellen und sie von der Kaution abzuziehen. Wenn der Betrag der Sch\u00e4den und Kosten die gezahlte Kaution \u00fcbersteigt, m\u00fcssen Sie sofort die Differenz an Fishing Adventure zahlen.<\/li>\n<\/ul>\n<p>\u00a0<\/p>\n\n<\/div>\n<div id=\"tab_verblijf\" class=\"panel entry-content\" role=\"tabpanel\" aria-labelledby=\"tab-verblijf\">\n\n<h3>Aufenthalt:<\/h3>\n<ul>\n<li>Nach Eingang der vollst\u00e4ndigen Zahlung und der endg\u00fcltigen Annahme Ihrer Buchung durch Fishing Adventure sind Sie berechtigt den Angelplatz zu nutzen,w\u00e4hrend des von Ihnen gebuchten Zeitraums. \nSie haben kein Recht andere Teile oder andere Angelpl\u00e4tze am und um den See zu nutzen. Au\u00dferhalb des gebuchten Zeitraums haben Sie keinen Anspruch auf Zugang zum Gel\u00e4nde.<\/li>\n<li>Anweisungen von Mitarbeitern von Fishing Adventure m\u00fcssen jederzeit sofort befolgt werden.<\/li>\n<li>Sie m\u00fcssen den Angelplatz gem\u00e4\u00df der Bestimmungen der internen Regeln nutzen,die Sie mit der Reservierungsvereinbarung erhalten haben.<\/li>\n<li>Sie m\u00fcssen Ihren Angelplatz w\u00e4hrend Ihres Aufenthaltes sauber halten. -Sie d\u00fcrfen den Angelplatz oder das Eigentum von Fishing Adventure am oder um den Angelsee nicht besch\u00e4digen oder \u00c4nderungen daran vornehmen. \nAbf\u00e4lle m\u00fcssen sofort in den M\u00fclleimern am oder in der N\u00e4he des Angelplatzes entsorgt werden. \n\nAm Abreisetag m\u00fcssen Sie Ihren Angelplatz sauber und in dem Zustand hinterlassen,in dem Sie ihn bei Ankunft vorgefunden haben. \nAbf\u00e4lle,die Sie vom Angelplatz mitnehmen, k\u00f6nnen im M\u00fcllcontainer der Hauptzentrale deponiert werden<\/li>\n<li>Sie d\u00fcrfen keine Handlungen ausf\u00fchren,die zu St\u00f6rungen, Zerst\u00f6rungen oder Behinderungen f\u00fcr andere f\u00fchren k\u00f6nnten.<\/li>\n<li>Es ist nicht erlaubt, im See zu schwimmen, zu segeln oder mit eigenen Booten, Fl\u00f6\u00dfen oder anderen Materialien darauf zu fahren. Die Verwendung eines eigenen Beibootes ist nur erlaubt, wenn es bei der Buchung angemeldet und vom Fishing Adventure Team gepr\u00fcft und genehmigt wurde.<\/li>\n<li>Es ist nicht erlaubt, (Haus-)Tiere in die Fischerh\u00fctten mitzunehmen. An den Ufern sind (Haus-)Tiere erlaubt, aber nur an der Leine. Aggressive Hunde m\u00fcssen einen Maulkorb tragen. Warnung: Im Wasser k\u00f6nnen sich Angelhaken (mit K\u00f6dern) befinden, bitte seien Sie vorsichtig mit Ihren Haustieren. Die Sicherheit Ihres Haustieres liegt in Ihrer alleinigen Verantwortung.<\/li>\n<li>Fishing Adventure beh\u00e4lt sich das Recht vor, \u00c4nderungen an der Gestaltung und den \u00d6ffnungszeiten der Hauptzentrale (Fischer Cafe) im Zusammenhang mit dem See vorzunehmen,ohne das Sie Anspruch auf eine Entsch\u00e4digung haben.<\/li>\n<li>Fishing Adventure beh\u00e4lt sich das Recht vor,unter besonderen Umst\u00e4nden oder bei rauen Wetterbedingungen ( wie Sturm, Gewitter,Hagel, K\u00e4lte, Hitzewellen u.s.w.)den See nach Ermessen von Fishing Adventure vor\u00fcbergehend zu schlie\u00dfen, ohne das Sie Anspruch auf eine Entsch\u00e4digung haben.<\/li>\n<li>Fishing Adventure macht Sie auch darauf aufmerksam,dass es m\u00f6glich sein kann,das w\u00e4hrend Ihrem Aufenthalt Wartungsarbeiten am oder um den Angelsee ausgef\u00fchrt werden,ohne das Sie Anspruch auf Entsch\u00e4digung haben.<\/li>\n<\/ul>\n\n<\/div>\n<div id=\"tab_bezoekers\" class=\"panel entry-content\" role=\"tabpanel\" aria-labelledby=\"tab-bezoekers\">\n\n<h3>Besucher:<\/h3>\n<ul>\n<li>Wenn Sie den Teich besuchen m\u00f6chten, ohne einen Angelplatz gebucht zu haben, sollten Sie sich im Voraus \u00fcber die E-Mail von Fishing Adventure anmelden oder Fishing Adventure im Voraus telefonisch kontaktieren, um zu fragen, ob dies m\u00f6glich ist. In diesem Fall wird ein Tagessatz berechnet.<\/li>\n<\/ul>\n<p>\u00a0<\/p>\n\n<\/div>\n<div id=\"tab_eigendom\" class=\"panel entry-content\" role=\"tabpanel\" aria-labelledby=\"tab-eigendom\">\n\n<h3>Eigentum Zustand:<\/h3>\n<ul>\n<li>Fishing Adventure \u00fcberpr\u00fcft regelm\u00e4\u00dfig das Gel\u00e4nde,die Angelpl\u00e4tze,die Materialien und die Einrichtungen. \nSollten Sie dennoch Abweichungen von der Beschreibung und\/oder Sch\u00e4den feststellen, m\u00fcssen Sie dies unverz\u00fcglich einem Mitarbeiter von Fishing Adventure melden. Die Beschwerden\/ Probleme werden dann von Fishing Adventure behoben. Reklamationen\/ Probleme die w\u00e4hrend Ihres Aufenthaltes gemeldet wurden, werden nicht bearbeitet und nicht akzeptiert.<\/li>\n<li>Fishing Adventure gibt sein Bestes f\u00fcr einen guten Fischbestand im See,kann und wird aber niemals einen Fang garantieren ( keine Fanggarantie ).<\/li>\n<li>Der gefangene Fisch muss unmittelbar nach dem Fang unbesch\u00e4digt in den See zur\u00fcckgesetzt werden ( Catch &amp;Release ).<\/li>\n<\/ul>\n<p>\u00a0<\/p>\n\n<\/div>\n<div id=\"tab_privacy\" class=\"panel entry-content\" role=\"tabpanel\" aria-labelledby=\"tab-privacy\">\n\n<\/p>\n<h3>Datenschutz:<\/h3>\n<ul>\n<li>F\u00fcr weitere Informationen dar\u00fcber,wie Fishing Adventure mit Ihren pers\u00f6nlichen Daten und dem Datenschutz umgeht, verweist Fishing Adventure auf die Datenschutzerkl\u00e4rung auf seiner Webseite. \nFotos, die Sie Fishing Adventure gesendet haben, d\u00fcrfen von Fishing Adventure uneingeschr\u00e4nkt verwendet und ver\u00f6ffentlicht werden.<\/li>\n<\/ul>\n<p>\n\n<\/div>\n<div id=\"tab_overmacht\" class=\"panel entry-content\" role=\"tabpanel\" aria-labelledby=\"tab-overmacht\">\n\n<h3>H\u00f6here Gewalt:<\/h3>\n<ul>\n<li>H\u00f6here Gewalt auf Seiten von Fishing Adventure liegt vor, wenn die Durchf\u00fchrung des Vertrages ganz oder teilweise, ob vor\u00fcbergehend oder nicht, durch Umst\u00e4nde verhindert wird, die au\u00dferhalb der Kontrolle von Fishing Adventure liegen, einschlie\u00dflich Kriegsgefahr, Personalstreiks, Blockaden, Feuer, \u00dcberschwemmungen, ung\u00fcnstige Witterungsbedingungen (wie Sturm, Gewitter, Schnee und Hagel, Eisesk\u00e4lte, Hitzewelle usw.) und andere St\u00f6rungen oder Ereignisse sowie Arbeiten am oder um den See durch den Eigent\u00fcmer.<\/li>\n<\/ul>\n<p>\u00a0<\/p>\n\n<\/div>\n<div id=\"tab_aansprakelijkheid\" class=\"panel entry-content\" role=\"tabpanel\" aria-labelledby=\"tab-aansprakelijkheid\">\n\n<h3>Haftung:<\/h3>\n<ul>\n<li>Das Betreten des Gel\u00e4ndes und dem Angelsee erfolgt auf eigener Gefahr. Sie angeln auf eigenes Risiko und haften pers\u00f6nlich f\u00fcr Ihre Handlungen.<\/li>\n<li>Jegliche Haftung f\u00fcr Diebstahl, Zerst\u00f6rung, Besch\u00e4digung, Verlust, K\u00f6rperverletzung, Unf\u00e4lle, Tod u.s.w., f\u00fcr die Nichtverf\u00fcgbarkeit des Angelplatzes, Einrichtungen oder anderer Angelegenheit oder aus welchen Gr\u00fcnden auch immer von Fishing Adventure, seiner Verwaltung und Mitarbeiter,sowie der Eigent\u00fcmer des Sees sind v\u00f6llig ausgeschlossen. Wenn Fishing Adventure, sein Management und Mitarbeiter sowie der Eigent\u00fcmer des Sees aus irgendeinem Grund f\u00fcr Sch\u00e4den haftbar gemacht werden k\u00f6nnen,ist Ihre Haftung auf\nden direkten Schaden und maximal das dreifache des Betrages begrenzt von der jeweiligen Buchung, jedoch nie bis zu mehr als 5000 Euro.<\/li>\n<li>Sie und die anderen in der f\u00fcr Sie geltenden Reservierungsvereinbarung genannten Personen haften gesamtschuldnerisch f\u00fcr alle Verluste und\/oder Sch\u00e4den, die Fishing Adventure und\/oder Dritten als direkte oder indirekte Folge Ihres und\/oder deren Aufenthalts entstehen, unabh\u00e4ngig davon, ob diese durch Handlungen oder Unterlassungen von Ihnen oder von Dritten, die sich durch Ihr Verschulden auf dem Teich aufhalten, verursacht wurden, sowie f\u00fcr alle Sch\u00e4den, die durch Tiere und\/oder Gegenst\u00e4nde verursacht werden, die Sie und\/oder eine oder mehrere der vorgenannten Personen in Ihrem Besitz haben.<\/li>\n<li>Fishing Adventure r\u00e4t Ihnen, selbst eine Reiser\u00fccktritts,- Haftpflicht,- Diebstahl- und Reiseversicherung abzuschlie\u00dfen.<\/li>\n<li>Es wird davon ausgegangen, dass jeder, der das Gel\u00e4nde betritt, von den Vorschriften und allgemeinen Bedingungen Kenntnis hat und sich mit dem Betreten des Gel\u00e4ndes mit den Vorschriften und allgemeinen Bedingungen einverstanden erkl\u00e4rt. Das Reglement und die allgemeinen Bedingungen sind auf der Website von Fishing Adventure f\u00fcr jedermann einsehbar.<\/li>\n<\/ul>\n<p>\u00a0<\/p>\n\n<\/div>\n<div id=\"tab_geschillen\" class=\"panel entry-content\" role=\"tabpanel\" aria-labelledby=\"tab-geschillen\">\n\n<\/p>\n<h3>Streitigkeiten:<\/h3>\n<p>F\u00fcr die Buchung und dem Aufenthalt am und um den Angelsee gilt Niederl\u00e4ndisches Recht.<\/p>\n<p>\n\n<\/div><\/div><\/div>\n\n\t\t<\/div>\n\t\t\t\t\n<style>\n#col-1501064608 > .col-inner {\n  padding: 20px 20px 20px 20px;\n}\n<\/style>\n\t<\/div>\n\n\t\n\n\n<style>\n#row-792609820 > .col > .col-inner {\n  background-color: rgb(255, 255, 255);\n  border-radius: 5px;\n}\n<\/style>\n<\/div>\n\n\t\t<\/div>\n\n\t\t\n<style>\n#section_61311287 {\n  padding-top: 30px;\n  padding-bottom: 30px;\n}\n#section_61311287 .section-bg-overlay {\n  background-color: rgba(30, 30, 30, 0.686);\n}\n<\/style>\n\t<\/section>\n\t\n<\/p>","protected":false},"excerpt":{"rendered":"","protected":false},"author":1,"featured_media":0,"parent":5836,"menu_order":0,"comment_status":"closed","ping_status":"closed","template":"page-blank.php","meta":{"footnotes":""},"class_list":["post-5822","page","type-page","status-publish","hentry"],"_links":{"self":[{"href":"https:\/\/www.fishingadventure.nl\/de\/wp-json\/wp\/v2\/pages\/5822","targetHints":{"allow":["GET"]}}],"collection":[{"href":"https:\/\/www.fishingadventure.nl\/de\/wp-json\/wp\/v2\/pages"}],"about":[{"href":"https:\/\/www.fishingadventure.nl\/de\/wp-json\/wp\/v2\/types\/page"}],"author":[{"embeddable":true,"href":"https:\/\/www.fishingadventure.nl\/de\/wp-json\/wp\/v2\/users\/1"}],"replies":[{"embeddable":true,"href":"https:\/\/www.fishingadventure.nl\/de\/wp-json\/wp\/v2\/comments?post=5822"}],"version-history":[{"count":0,"href":"https:\/\/www.fishingadventure.nl\/de\/wp-json\/wp\/v2\/pages\/5822\/revisions"}],"up":[{"embeddable":true,"href":"https:\/\/www.fishingadventure.nl\/de\/wp-json\/wp\/v2\/pages\/5836"}],"wp:attachment":[{"href":"https:\/\/www.fishingadventure.nl\/de\/wp-json\/wp\/v2\/media?parent=5822"}],"curies":[{"name":"wp","href":"https:\/\/api.w.org\/{rel}","templated":true}]}}