{"id":5689,"date":"2021-03-11T06:05:22","date_gmt":"2021-03-11T05:05:22","guid":{"rendered":"https:\/\/fishingadventure.nl\/?page_id=5689"},"modified":"2023-01-25T14:19:33","modified_gmt":"2023-01-25T13:19:33","slug":"onze-vijvers","status":"publish","type":"page","link":"https:\/\/www.fishingadventure.nl\/de\/onze-vijvers\/","title":{"rendered":"Unsere Teiche"},"content":{"rendered":"<section class=\"section\" id=\"section_1709887920\">\n\t\t<div class=\"section-bg fill\" >\n\t\t\t\t\t\t\t\t\t\n\t\t\t\n\n\t\t<\/div>\n\n\t\t\n\n\t\t<div class=\"section-content relative\">\n\t\t\t <div class=\"row row-collapse row-full-width\"  id=\"row-2116920675\"> \n\t<div id=\"col-951842618\" class=\"col medium-6 small-12 large-6\"  >\n\t\t\t\t<div class=\"col-inner\"  >\n\t\t\t\n\t\t\t \n  <div class=\"banner has-hover bg-overlay-remove-50\" id=\"banner-960006565\">\n          <div class=\"banner-inner fill\">\n        <div class=\"banner-bg fill\" >\n            <img decoding=\"async\" width=\"1600\" height=\"1200\" data-src=\"https:\/\/b2983561.smushcdn.com\/2983561\/wp-content\/uploads\/2021\/03\/IMG-20201105-Rbv-Vanaf-zuidwest-hoek.jpg?lossy=1&strip=1&webp=1\" class=\"bg attachment-original size-original lazyload\" alt=\"\" data-srcset=\"https:\/\/b2983561.smushcdn.com\/2983561\/wp-content\/uploads\/2021\/03\/IMG-20201105-Rbv-Vanaf-zuidwest-hoek.jpg?lossy=1&amp;strip=1&amp;webp=1 1600w, https:\/\/b2983561.smushcdn.com\/2983561\/wp-content\/uploads\/2021\/03\/IMG-20201105-Rbv-Vanaf-zuidwest-hoek-600x450.jpg?lossy=1&amp;strip=1&amp;webp=1 600w, https:\/\/b2983561.smushcdn.com\/2983561\/wp-content\/uploads\/2021\/03\/IMG-20201105-Rbv-Vanaf-zuidwest-hoek-300x225.jpg?lossy=1&amp;strip=1&amp;webp=1 300w, https:\/\/b2983561.smushcdn.com\/2983561\/wp-content\/uploads\/2021\/03\/IMG-20201105-Rbv-Vanaf-zuidwest-hoek-1024x768.jpg?lossy=1&amp;strip=1&amp;webp=1 1024w, https:\/\/b2983561.smushcdn.com\/2983561\/wp-content\/uploads\/2021\/03\/IMG-20201105-Rbv-Vanaf-zuidwest-hoek-768x576.jpg?lossy=1&amp;strip=1&amp;webp=1 768w, https:\/\/b2983561.smushcdn.com\/2983561\/wp-content\/uploads\/2021\/03\/IMG-20201105-Rbv-Vanaf-zuidwest-hoek-1536x1152.jpg?lossy=1&amp;strip=1&amp;webp=1 1536w, https:\/\/b2983561.smushcdn.com\/2983561\/wp-content\/uploads\/2021\/03\/IMG-20201105-Rbv-Vanaf-zuidwest-hoek.jpg?size=204x153&amp;lossy=1&amp;strip=1&amp;webp=1 204w, https:\/\/b2983561.smushcdn.com\/2983561\/wp-content\/uploads\/2021\/03\/IMG-20201105-Rbv-Vanaf-zuidwest-hoek.jpg?size=408x306&amp;lossy=1&amp;strip=1&amp;webp=1 408w\" data-sizes=\"auto\" src=\"data:image\/svg+xml;base64,PHN2ZyB3aWR0aD0iMSIgaGVpZ2h0PSIxIiB4bWxucz0iaHR0cDovL3d3dy53My5vcmcvMjAwMC9zdmciPjwvc3ZnPg==\" style=\"--smush-placeholder-width: 1600px; --smush-placeholder-aspect-ratio: 1600\/1200;\" data-original-sizes=\"(max-width: 1600px) 100vw, 1600px\" \/>                        <div class=\"overlay\"><\/div>            \n\t<div class=\"is-border\"\n\t\tstyle=\"border-color:rgb(255, 255, 255);border-width:0px 0px 0 0px;\">\n\t<\/div>\n                    <\/div>\n\t\t\n        <div class=\"banner-layers container\">\n            <a class=\"fill\" href=\"https:\/\/www.fishingadventure.nl\/de\/fishing-adventure-lake\/\"><div class=\"fill banner-link\"><\/div><\/a>                <div id=\"text-box-990150145\" class=\"text-box banner-layer x50 md-x50 lg-x50 y50 md-y40 lg-y50 res-text\">\n                                <div class=\"text-box-content text dark text-shadow-5\">\n              \n              <div class=\"text-inner text-center\">\n                   \t<div id=\"text-3565205874\" class=\"text\">\n\t\t\r\n<h3><a href=\"https:\/\/www.fishingadventure.nl\/de\/fishing-adventure-lake\/\"><strong>WEITER ZU: ANGELERLEBNISSEE (40 HA)<\/strong><\/a><\/h3>\r\n<p><a href=\"https:\/\/www.fishingadventure.nl\/de\/fishing-adventure-lake\/\">Erleben Sie spektakul\u00e4re Angelabenteuer auf dem allergr\u00f6\u00dften Lohngew\u00e4sser der Niederlande. Der Fischbestand kann ohne \u00dcbertreibung als fantastisch bezeichnet werden. Mit Karpfen bis zu 28,3 KG (Mehr Rekord im Jahr 2020), St\u00f6ren bis zu 2,38 (Mehr Rekord im Mai 2021) und Welsen von \u00fcber 2,50 Metern (Mehr Rekord 2,27), Gro\u00dfhechten, Barschen, Zandern, Stripern, einem super Wei\u00dffischbestand und ab 2021 Largemouth Blackbass kann hier jeder Angler sein Ding machen. Die meisten Schwimmer haben Strom. Toiletten und Duschen vorhanden. Nur fangen und freilassen!<\/a><\/p>\r\n<p><a href=\"https:\/\/www.fishingadventure.nl\/de\/fishing-adventure-lake\/\">Das angeln vom und mit dem Boot ist erlaubt, sowie das fischen mit dem Bellyboot ist m\u00f6glich. Futterboote d\u00fcrfe verwendet werden und pro Angler maximal 3 Ruten. Angelguides vor Ort, Boot und Angelausr\u00fcstung k\u00f6nnen gemietet werden.<\/a><\/p>\r\n\t\t\n<style>\n#text-3565205874 {\n  font-size: 0.75rem;\n  text-align: center;\n}\n@media (min-width:550px) {\n  #text-3565205874 {\n    font-size: 0.85rem;\n  }\n}\n<\/style>\n\t<\/div>\n\t               <\/div>\n           <\/div>\n                            \n<style>\n#text-box-990150145 {\n  width: 100%;\n}\n#text-box-990150145 .text-box-content {\n  font-size: 130%;\n}\n@media (min-width:550px) {\n  #text-box-990150145 {\n    width: 95%;\n  }\n}\n@media (min-width:850px) {\n  #text-box-990150145 {\n    width: 95%;\n  }\n}\n<\/style>\n    <\/div>\n          <\/div>\n      <\/div>\n\n            \n<style>\n#banner-960006565 {\n  padding-top: 334px;\n}\n#banner-960006565 .overlay {\n  background-color: rgba(0, 0, 0, 0.436);\n}\n<\/style>\n  <\/div>\n\n \t\t<\/div>\n\t\t\t\t\n<style>\n#col-951842618 > .col-inner {\n  padding: 0px 3px 0px 0px;\n}\n<\/style>\n\t<\/div>\n\n\t \n\t<div id=\"col-212975447\" class=\"col medium-6 small-12 large-6\"  >\n\t\t\t\t<div class=\"col-inner\"  >\n\t\t\t\n\t<div class=\"is-border\"\n\t\tstyle=\"border-color:rgb(255, 255, 255);border-width:10px 0px 0px 0px;margin:0 0px 0px 0px;\">\n\t<\/div>\n\t\t\t \n  <div class=\"banner has-hover bg-overlay-remove-50\" id=\"banner-1325007836\">\n          <div class=\"banner-inner fill\">\n        <div class=\"banner-bg fill\" >\n            <img decoding=\"async\" width=\"2560\" height=\"1440\" data-src=\"https:\/\/b2983561.smushcdn.com\/2983561\/wp-content\/uploads\/2021\/05\/2021-05-09-2-scaled.jpg?lossy=1&strip=1&webp=1\" class=\"bg attachment-original size-original lazyload\" alt=\"Soon opening Adventure Lagoon\" data-srcset=\"https:\/\/b2983561.smushcdn.com\/2983561\/wp-content\/uploads\/2021\/05\/2021-05-09-2-scaled.jpg?lossy=1&amp;strip=1&amp;webp=1 2560w, https:\/\/b2983561.smushcdn.com\/2983561\/wp-content\/uploads\/2021\/05\/2021-05-09-2-300x169.jpg?lossy=1&amp;strip=1&amp;webp=1 300w, https:\/\/b2983561.smushcdn.com\/2983561\/wp-content\/uploads\/2021\/05\/2021-05-09-2-1024x576.jpg?lossy=1&amp;strip=1&amp;webp=1 1024w, https:\/\/b2983561.smushcdn.com\/2983561\/wp-content\/uploads\/2021\/05\/2021-05-09-2-768x432.jpg?lossy=1&amp;strip=1&amp;webp=1 768w, https:\/\/b2983561.smushcdn.com\/2983561\/wp-content\/uploads\/2021\/05\/2021-05-09-2-1536x864.jpg?lossy=1&amp;strip=1&amp;webp=1 1536w, https:\/\/b2983561.smushcdn.com\/2983561\/wp-content\/uploads\/2021\/05\/2021-05-09-2-2048x1152.jpg?lossy=1&amp;strip=1&amp;webp=1 2048w, https:\/\/b2983561.smushcdn.com\/2983561\/wp-content\/uploads\/2021\/05\/2021-05-09-2-600x338.jpg?lossy=1&amp;strip=1&amp;webp=1 600w, https:\/\/b2983561.smushcdn.com\/2983561\/wp-content\/uploads\/2021\/05\/2021-05-09-2.jpg?size=204x115&amp;lossy=1&amp;strip=1&amp;webp=1 204w, https:\/\/b2983561.smushcdn.com\/2983561\/wp-content\/uploads\/2021\/05\/2021-05-09-2.jpg?size=408x230&amp;lossy=1&amp;strip=1&amp;webp=1 408w\" data-sizes=\"auto\" src=\"data:image\/svg+xml;base64,PHN2ZyB3aWR0aD0iMSIgaGVpZ2h0PSIxIiB4bWxucz0iaHR0cDovL3d3dy53My5vcmcvMjAwMC9zdmciPjwvc3ZnPg==\" style=\"--smush-placeholder-width: 2560px; --smush-placeholder-aspect-ratio: 2560\/1440;\" data-original-sizes=\"(max-width: 2560px) 100vw, 2560px\" \/>                        <div class=\"overlay\"><\/div>            \n\t<div class=\"is-border\"\n\t\tstyle=\"border-color:rgb(255, 255, 255);border-width:0 0px 0px 0px;\">\n\t<\/div>\n                    <\/div>\n\t\t\n        <div class=\"banner-layers container\">\n            <a class=\"fill\" href=\"https:\/\/www.fishingadventure.nl\/de\/fishing-adventure-lagoon\/\"><div class=\"fill banner-link\"><\/div><\/a>                <div id=\"text-box-1232916293\" class=\"text-box banner-layer x50 md-x50 lg-x95 y50 md-y40 lg-y50 res-text\">\n                                <div class=\"text-box-content text dark text-shadow-5\">\n              \n              <div class=\"text-inner text-center\">\n                   \t<div id=\"text-953227502\" class=\"text\">\n\t\t\r\n<h3 class=\"uppercase\"><a href=\"https:\/\/www.fishingadventure.nl\/de\/fishing-adventure-lagoon\/\"><strong>Klick hier fur Adventure Lagoon<span style=\"color: yellow; font-size: 60%;\"> (2.500 M2)<\/span><\/strong><\/a><\/h3>\r\n<p><a href=\"https:\/\/www.fishingadventure.nl\/de\/fishing-adventure-lagoon\/\">Am Montag, den 14. Juni, er\u00f6ffnet das Fishing Adventure die \"ADVENTURE LAGOON\". Ein Teich von 2500 m2 (81 m lang und 31 m breit). In diesem Teich tummeln sich Karpfen, St\u00f6re, Welse, Striper, Schwarzbarsche, verschiedene Arten von Felchen, andere Raubfische und einige weitere \u00dcberraschungen. Nur Fangen und Freilassen, alle Fische m\u00fcssen zur\u00fcckgesetzt werden.<\/a><\/p>\r\n<p><a href=\"https:\/\/www.fishingadventure.nl\/de\/fishing-adventure-lagoon\/\">Dieser Teich ist perfekt um Zeit mit der ganzen Familie zu verbringen. Snacks und Getr\u00e4nke sind erh\u00e4ltlich, die Sie genie\u00dfen k\u00f6nnen auf der gem\u00fctlichen Terrasse. Die Lagoon ist auch perfekt geeignet f\u00fcr Betriebsfeiern in Kombination mit einem BBQ, Buffet etc. Es besteht die M\u00f6glichkeit einen Platz im voraus zu reservieren,damit Sie garantiert Ihren Platz sichern. Gefischt wird in 4-Stunden-Bl\u00f6cke: 8.30-12.30 Uhr\/ 13.00-17.00 hr\/17.30-21.30 Uhr. Selbstverst\u00e4ndlich ist es auch m\u00f6glich mehrere Zeitbl\u00f6cke zu reservieren. Leihruten stehen zur Verf\u00fcgung.<\/a><\/p>\r\n\t\t\n<style>\n#text-953227502 {\n  font-size: 0.75rem;\n}\n@media (min-width:550px) {\n  #text-953227502 {\n    font-size: 0.85rem;\n  }\n}\n<\/style>\n\t<\/div>\n\t               <\/div>\n           <\/div>\n                            \n<style>\n#text-box-1232916293 {\n  width: 100%;\n}\n#text-box-1232916293 .text-box-content {\n  font-size: 130%;\n}\n@media (min-width:550px) {\n  #text-box-1232916293 {\n    width: 97%;\n  }\n}\n@media (min-width:850px) {\n  #text-box-1232916293 {\n    width: 90%;\n  }\n}\n<\/style>\n    <\/div>\n          <\/div>\n      <\/div>\n\n            \n<style>\n#banner-1325007836 {\n  padding-top: 334px;\n}\n#banner-1325007836 .overlay {\n  background-color: rgba(0, 0, 0, 0.436);\n}\n#banner-1325007836 .banner-bg img {\n  object-position: 50% 37%;\n}\n<\/style>\n  <\/div>\n\n \t\t<\/div>\n\t\t\t\t\n<style>\n#col-212975447 > .col-inner {\n  padding: 0 0px 0px 0px;\n  margin: 4px 0px 0px 0px;\n}\n@media (min-width:550px) {\n  #col-212975447 > .col-inner {\n    margin: 0 0px 0px 0px;\n  }\n}\n<\/style>\n\t<\/div>\n\n\t \n<style>\n#row-2116920675 > .col > .col-inner {\n  padding: 0px 3px 0px 1px;\n}\n<\/style>\n<\/div> <div class=\"message-box relative dark\" style=\"padding-top:15px;padding-bottom:15px;\"><div class=\"message-box-bg-image bg-fill fill\" ><\/div><div class=\"message-box-bg-overlay bg-fill fill\" style=\"background-color:rgb(0, 0, 0);\"><\/div><div class=\"container relative\"><div class=\"inner last-reset\"> <div class=\"row align-middle align-center\"  id=\"row-1290235989\"> \n\t<div id=\"col-284904174\" class=\"col medium-9 small-12 large-9\"  >\n\t\t\t\t<div class=\"col-inner\"  >\n\t\t\t\n\t\t\t\r\n<p>F\u00fcr Wettbewerbe oder Veranstaltungen kontaktieren Sie uns bitte \u00fcber unsere Kontaktseite oder info@fishingadventure.nl<\/p>\r\n\t\t<\/div>\n\t\t\t\t\t<\/div>\n\n\t \n\t<div id=\"col-1795352535\" class=\"col medium-2 small-12 large-2\"  >\n\t\t\t\t<div class=\"col-inner text-center\"  >\n\t\t\t\n\t\t\t <a href=\"https:\/\/www.fishingadventure.nl\/de\/contactpagina\/\" class=\"button white is-outline is-small\" style=\"border-radius:99px;\">\n\t\t<span>Kontakt<\/span>\n\t<\/a>\n \t\t<\/div>\n\t\t\t\t\t<\/div>\n\n\t <\/div> <\/div><\/div><\/div> \t\t<\/div>\n\n\t\t\n<style>\n#section_1709887920 {\n  padding-top: 0px;\n  padding-bottom: 0px;\n  margin-bottom: -1px;\n}\n<\/style>\n\t<\/section>","protected":false},"excerpt":{"rendered":"","protected":false},"author":1,"featured_media":0,"parent":0,"menu_order":0,"comment_status":"closed","ping_status":"closed","template":"page-blank.php","meta":{"footnotes":""},"class_list":["post-5689","page","type-page","status-publish","hentry"],"_links":{"self":[{"href":"https:\/\/www.fishingadventure.nl\/de\/wp-json\/wp\/v2\/pages\/5689","targetHints":{"allow":["GET"]}}],"collection":[{"href":"https:\/\/www.fishingadventure.nl\/de\/wp-json\/wp\/v2\/pages"}],"about":[{"href":"https:\/\/www.fishingadventure.nl\/de\/wp-json\/wp\/v2\/types\/page"}],"author":[{"embeddable":true,"href":"https:\/\/www.fishingadventure.nl\/de\/wp-json\/wp\/v2\/users\/1"}],"replies":[{"embeddable":true,"href":"https:\/\/www.fishingadventure.nl\/de\/wp-json\/wp\/v2\/comments?post=5689"}],"version-history":[{"count":0,"href":"https:\/\/www.fishingadventure.nl\/de\/wp-json\/wp\/v2\/pages\/5689\/revisions"}],"wp:attachment":[{"href":"https:\/\/www.fishingadventure.nl\/de\/wp-json\/wp\/v2\/media?parent=5689"}],"curies":[{"name":"wp","href":"https:\/\/api.w.org\/{rel}","templated":true}]}}