{"id":5647,"date":"2021-03-11T05:48:05","date_gmt":"2021-03-11T04:48:05","guid":{"rendered":"https:\/\/fishingadventure.nl\/?page_id=5647"},"modified":"2023-01-25T15:16:47","modified_gmt":"2023-01-25T14:16:47","slug":"reglement","status":"publish","type":"page","link":"https:\/\/www.fishingadventure.nl\/de\/fishing-adventure-lagoon\/reglement\/","title":{"rendered":"Regeln Lagune"},"content":{"rendered":"<section class=\"section\" id=\"section_1461747193\">\n\t\t<div class=\"section-bg fill\" >\n\t\t\t<img decoding=\"async\" width=\"1280\" height=\"960\" data-src=\"https:\/\/b2983561.smushcdn.com\/2983561\/wp-content\/uploads\/2022\/06\/Lagoon-3.jpg?lossy=1&strip=1&webp=1\" class=\"bg attachment-original size-original lazyload\" alt=\"\" data-srcset=\"https:\/\/b2983561.smushcdn.com\/2983561\/wp-content\/uploads\/2022\/06\/Lagoon-3.jpg?lossy=1&amp;strip=1&amp;webp=1 1280w, https:\/\/b2983561.smushcdn.com\/2983561\/wp-content\/uploads\/2022\/06\/Lagoon-3-510x383.jpg?lossy=1&amp;strip=1&amp;webp=1 510w, https:\/\/b2983561.smushcdn.com\/2983561\/wp-content\/uploads\/2022\/06\/Lagoon-3-300x225.jpg?lossy=1&amp;strip=1&amp;webp=1 300w, https:\/\/b2983561.smushcdn.com\/2983561\/wp-content\/uploads\/2022\/06\/Lagoon-3-1024x768.jpg?lossy=1&amp;strip=1&amp;webp=1 1024w, https:\/\/b2983561.smushcdn.com\/2983561\/wp-content\/uploads\/2022\/06\/Lagoon-3-768x576.jpg?lossy=1&amp;strip=1&amp;webp=1 768w, https:\/\/b2983561.smushcdn.com\/2983561\/wp-content\/uploads\/2022\/06\/Lagoon-3-16x12.jpg?lossy=1&amp;strip=1&amp;webp=1 16w, https:\/\/b2983561.smushcdn.com\/2983561\/wp-content\/uploads\/2022\/06\/Lagoon-3-600x450.jpg?lossy=1&amp;strip=1&amp;webp=1 600w, https:\/\/b2983561.smushcdn.com\/2983561\/wp-content\/uploads\/2022\/06\/Lagoon-3.jpg?size=204x153&amp;lossy=1&amp;strip=1&amp;webp=1 204w, https:\/\/b2983561.smushcdn.com\/2983561\/wp-content\/uploads\/2022\/06\/Lagoon-3.jpg?size=408x306&amp;lossy=1&amp;strip=1&amp;webp=1 408w\" data-sizes=\"auto\" src=\"data:image\/svg+xml;base64,PHN2ZyB3aWR0aD0iMSIgaGVpZ2h0PSIxIiB4bWxucz0iaHR0cDovL3d3dy53My5vcmcvMjAwMC9zdmciPjwvc3ZnPg==\" style=\"--smush-placeholder-width: 1280px; --smush-placeholder-aspect-ratio: 1280\/960;\" data-original-sizes=\"(max-width: 1280px) 100vw, 1280px\" \/>\t\t\t\t\t\t<div class=\"section-bg-overlay absolute fill\"><\/div>\n\t\t\t\n\n\t\t<\/div>\n\n\t\t\n\n\t\t<div class=\"section-content relative\">\n\t\t\t\n<div class=\"row\"  id=\"row-48335896\">\n\n\t<div id=\"col-391411010\" class=\"col small-12 large-12\"  >\n\t\t\t\t<div class=\"col-inner\"  >\n\t\t\t\n\t\t\t\n\t<div id=\"text-1564801845\" class=\"text\">\n\t\t\n<h1>BESTIMMUNGEN<\/h1>\n\t\t\n<style>\n#text-1564801845 {\n  font-size: 2.5rem;\n  text-align: center;\n  color: rgb(255,255,255);\n}\n#text-1564801845 > * {\n  color: rgb(255,255,255);\n}\n<\/style>\n\t<\/div>\n\t\n\t\t<\/div>\n\t\t\t\t\t<\/div>\n\n\t\n<\/div>\n\t\t<\/div>\n\n\t\t\n<style>\n#section_1461747193 {\n  padding-top: 150px;\n  padding-bottom: 150px;\n}\n#section_1461747193 .section-bg-overlay {\n  background-color: rgba(0, 0, 0, 0.25);\n}\n#section_1461747193 .section-bg img {\n  object-position: 59% 35%;\n}\n<\/style>\n\t<\/section>\n\t\n\n\t<section class=\"section\" id=\"section_425913750\">\n\t\t<div class=\"section-bg fill\" >\n\t\t\t\t\t\t\t\t\t\n\t\t\t\n\n\t\t<\/div>\n\n\t\t\n\n\t\t<div class=\"section-content relative\">\n\t\t\t\n<div class=\"row row-collapse align-equal\"  id=\"row-18730625\">\n\n\t<div id=\"col-1474779946\" class=\"col small-12 large-12\"  >\n\t\t\t\t<div class=\"col-inner\"  >\n\t\t\t\n\t\t\t\n\t<div id=\"text-1451482684\" class=\"text\">\n\t\t\n<h2>Bitte lesen Sie die Bestimmungen der Adventure Lagoon, um Ihr eigenes Wohlbefinden und das der Fische zu gew\u00e4hrleisten.<\/h2>\n<p>Fishing Adventure legt gro\u00dfen Wert auf die Sicherheit seiner G\u00e4ste und Fische. Jeder sollte die Vorschriften kennen und sich dran halten.<\/p>\n\t\t\n<style>\n#text-1451482684 {\n  font-size: 1.2rem;\n}\n@media (min-width:850px) {\n  #text-1451482684 {\n    font-size: 1rem;\n  }\n}\n<\/style>\n\t<\/div>\n\t\n\t\t<\/div>\n\t\t\t\t\n<style>\n#col-1474779946 > .col-inner {\n  padding: 0px 10px 0px 10px;\n}\n@media (min-width:550px) {\n  #col-1474779946 > .col-inner {\n    padding: 0px 15px 0px 15px;\n  }\n}\n<\/style>\n\t<\/div>\n\n\t\n<\/div>\n\t\t<\/div>\n\n\t\t\n<style>\n#section_425913750 {\n  padding-top: 30px;\n  padding-bottom: 30px;\n}\n@media (min-width:550px) {\n  #section_425913750 {\n    padding-top: 36px;\n    padding-bottom: 36px;\n  }\n}\n@media (min-width:850px) {\n  #section_425913750 {\n    padding-top: 56px;\n    padding-bottom: 56px;\n  }\n}\n<\/style>\n\t<\/section>\n\t\n\n\t<section class=\"section dark\" id=\"section_23727048\">\n\t\t<div class=\"section-bg fill\" >\n\t\t\t<img decoding=\"async\" width=\"2560\" height=\"1440\" data-src=\"https:\/\/b2983561.smushcdn.com\/2983561\/wp-content\/uploads\/2021\/07\/Photo_6553643_DJI_43_jpg_4124770_0_2021717152928_photo_original-scaled.jpg?lossy=1&strip=1&webp=1\" class=\"bg attachment- size- lazyload\" alt=\"\" data-srcset=\"https:\/\/b2983561.smushcdn.com\/2983561\/wp-content\/uploads\/2021\/07\/Photo_6553643_DJI_43_jpg_4124770_0_2021717152928_photo_original-scaled.jpg?lossy=1&amp;strip=1&amp;webp=1 2560w, https:\/\/b2983561.smushcdn.com\/2983561\/wp-content\/uploads\/2021\/07\/Photo_6553643_DJI_43_jpg_4124770_0_2021717152928_photo_original-300x169.jpg?lossy=1&amp;strip=1&amp;webp=1 300w, https:\/\/b2983561.smushcdn.com\/2983561\/wp-content\/uploads\/2021\/07\/Photo_6553643_DJI_43_jpg_4124770_0_2021717152928_photo_original-1024x576.jpg?lossy=1&amp;strip=1&amp;webp=1 1024w, https:\/\/b2983561.smushcdn.com\/2983561\/wp-content\/uploads\/2021\/07\/Photo_6553643_DJI_43_jpg_4124770_0_2021717152928_photo_original-768x432.jpg?lossy=1&amp;strip=1&amp;webp=1 768w, https:\/\/b2983561.smushcdn.com\/2983561\/wp-content\/uploads\/2021\/07\/Photo_6553643_DJI_43_jpg_4124770_0_2021717152928_photo_original-1536x864.jpg?lossy=1&amp;strip=1&amp;webp=1 1536w, https:\/\/b2983561.smushcdn.com\/2983561\/wp-content\/uploads\/2021\/07\/Photo_6553643_DJI_43_jpg_4124770_0_2021717152928_photo_original-2048x1152.jpg?lossy=1&amp;strip=1&amp;webp=1 2048w, https:\/\/b2983561.smushcdn.com\/2983561\/wp-content\/uploads\/2021\/07\/Photo_6553643_DJI_43_jpg_4124770_0_2021717152928_photo_original-600x338.jpg?lossy=1&amp;strip=1&amp;webp=1 600w, https:\/\/b2983561.smushcdn.com\/2983561\/wp-content\/uploads\/2021\/07\/Photo_6553643_DJI_43_jpg_4124770_0_2021717152928_photo_original.jpg?size=204x115&amp;lossy=1&amp;strip=1&amp;webp=1 204w, https:\/\/b2983561.smushcdn.com\/2983561\/wp-content\/uploads\/2021\/07\/Photo_6553643_DJI_43_jpg_4124770_0_2021717152928_photo_original.jpg?size=408x230&amp;lossy=1&amp;strip=1&amp;webp=1 408w\" data-sizes=\"auto\" src=\"data:image\/svg+xml;base64,PHN2ZyB3aWR0aD0iMSIgaGVpZ2h0PSIxIiB4bWxucz0iaHR0cDovL3d3dy53My5vcmcvMjAwMC9zdmciPjwvc3ZnPg==\" style=\"--smush-placeholder-width: 2560px; --smush-placeholder-aspect-ratio: 2560\/1440;\" data-original-sizes=\"(max-width: 2560px) 100vw, 2560px\" \/>\t\t\t\t\t\t\n\t\t\t\n\t<div class=\"is-border\"\n\t\tstyle=\"border-color:rgb(255, 255, 255);border-width:0px 0px 0px 350px;\">\n\t<\/div>\n\n\t\t<\/div>\n\n\t\t\n\n\t\t<div class=\"section-content relative\">\n\t\t\t\n<div class=\"row row-collapse\" style=\"max-width:93%\" id=\"row-905208288\">\n\n\t<div id=\"col-616051461\" class=\"col medium-8 small-12 large-7\"  >\n\t\t\t\t<div class=\"col-inner text-shadow-1\" style=\"background-color:rgba(18, 122, 63, 0.744);\" >\n\t\t\t\n\t\t\t\n<h3>Regel 1<\/h3>\n<p>Pro Angler ist 1 Rute mit einem originalen widerhakenlosen Haken bis zur Gr\u00f6\u00dfe 6 erlaubt (erh\u00e4ltlich bei Fishing Adventure).Selbst zugekniffende Widerhaken sind nicht erlaubt.<\/p>\n<h3>Regel 2<\/h3>\n<p>Sie k\u00f6nnen mit einer Pose, K\u00f6derkorb, Method Feeder oder Slide fischen. Das maximale Gewicht eines Futterkorbs, Methodenfeeder oder Schlittens betr\u00e4gt 20 Gramm. Seien Sie beim werfen wegen anderer Angler vorsichtig.<\/p>\n<h3>Regel 3<\/h3>\n<p>Fischen Sie nur in Ihrem eigenen Abschnitt und bis zur H\u00e4lfte des Teiches.<\/p>\n<h3>Regel 4<\/h3>\n<p>Es sind nur Nylonschn\u00fcre bis 30\/100 erlaubt.<\/p>\n<h3>Regel 5<\/h3>\n<p>Eigenes Netz und Abhakmatte sind verboten. Fishing Adventure stellt Ihnen kostenlos einen Kescher und eine Abhakmatte zur Verf\u00fcgung.<\/p>\n<h3>Regel 6<\/h3>\n<p>Setzkescher und\/oder Aufbewahrungss\u00e4cke sind strengstens verboten.<\/p>\n\t\t<\/div>\n\t\t\t\t\n<style>\n#col-616051461 > .col-inner {\n  padding: 5% 5% 3% 5%;\n  margin: 35px 0px 35px 0px;\n}\n<\/style>\n\t<\/div>\n\n\t\n\n<style>\n#row-905208288 > .col > .col-inner {\n  background-color: #127a3f;\n}\n<\/style>\n<\/div>\n\t\t<\/div>\n\n\t\t\n<style>\n#section_23727048 {\n  padding-top: 0px;\n  padding-bottom: 0px;\n  background-color: rgb(255, 255, 255);\n}\n#section_23727048 .section-bg img {\n  object-position: 36% 29%;\n}\n<\/style>\n\t<\/section>\n\t\n\t<div id=\"gap-1230284977\" class=\"gap-element clearfix\" style=\"display:block; height:auto;\">\n\t\t\n<style>\n#gap-1230284977 {\n  padding-top: 25px;\n}\n@media (min-width:550px) {\n  #gap-1230284977 {\n    padding-top: 20px;\n  }\n}\n@media (min-width:850px) {\n  #gap-1230284977 {\n    padding-top: 50px;\n  }\n}\n<\/style>\n\t<\/div>\n\t\n\n\t<section class=\"section dark\" id=\"section_1124465827\">\n\t\t<div class=\"section-bg fill\" >\n\t\t\t<img decoding=\"async\" width=\"1600\" height=\"900\" data-src=\"https:\/\/b2983561.smushcdn.com\/2983561\/wp-content\/uploads\/2021\/05\/IMG-20210529-WA0029-003.jpg?lossy=1&strip=1&webp=1\" class=\"bg attachment-original size-original lazyload\" alt=\"Eerste Beluga gevangen in de Lagoon\" data-srcset=\"https:\/\/b2983561.smushcdn.com\/2983561\/wp-content\/uploads\/2021\/05\/IMG-20210529-WA0029-003.jpg?lossy=1&amp;strip=1&amp;webp=1 1600w, https:\/\/b2983561.smushcdn.com\/2983561\/wp-content\/uploads\/2021\/05\/IMG-20210529-WA0029-003-300x169.jpg?lossy=1&amp;strip=1&amp;webp=1 300w, https:\/\/b2983561.smushcdn.com\/2983561\/wp-content\/uploads\/2021\/05\/IMG-20210529-WA0029-003-1024x576.jpg?lossy=1&amp;strip=1&amp;webp=1 1024w, https:\/\/b2983561.smushcdn.com\/2983561\/wp-content\/uploads\/2021\/05\/IMG-20210529-WA0029-003-768x432.jpg?lossy=1&amp;strip=1&amp;webp=1 768w, https:\/\/b2983561.smushcdn.com\/2983561\/wp-content\/uploads\/2021\/05\/IMG-20210529-WA0029-003-1536x864.jpg?lossy=1&amp;strip=1&amp;webp=1 1536w, https:\/\/b2983561.smushcdn.com\/2983561\/wp-content\/uploads\/2021\/05\/IMG-20210529-WA0029-003-600x338.jpg?lossy=1&amp;strip=1&amp;webp=1 600w, https:\/\/b2983561.smushcdn.com\/2983561\/wp-content\/uploads\/2021\/05\/IMG-20210529-WA0029-003.jpg?size=204x115&amp;lossy=1&amp;strip=1&amp;webp=1 204w, https:\/\/b2983561.smushcdn.com\/2983561\/wp-content\/uploads\/2021\/05\/IMG-20210529-WA0029-003.jpg?size=408x230&amp;lossy=1&amp;strip=1&amp;webp=1 408w\" data-sizes=\"auto\" src=\"data:image\/svg+xml;base64,PHN2ZyB3aWR0aD0iMSIgaGVpZ2h0PSIxIiB4bWxucz0iaHR0cDovL3d3dy53My5vcmcvMjAwMC9zdmciPjwvc3ZnPg==\" style=\"--smush-placeholder-width: 1600px; --smush-placeholder-aspect-ratio: 1600\/900;\" data-original-sizes=\"(max-width: 1600px) 100vw, 1600px\" \/>\t\t\t\t\t\t\n\t\t\t\n\t<div class=\"is-border\"\n\t\tstyle=\"border-color:rgb(255, 255, 255);border-width:0px 350px 0px 0px;\">\n\t<\/div>\n\n\t\t<\/div>\n\n\t\t\n\n\t\t<div class=\"section-content relative\">\n\t\t\t\n<div class=\"row row-collapse align-right\" style=\"max-width:93%\" id=\"row-360746753\">\n\n\t<div id=\"col-202777143\" class=\"col medium-8 small-12 large-7\"  >\n\t\t\t\t<div class=\"col-inner text-shadow-1\" style=\"background-color:rgba(31, 142, 168, 0.756);\" >\n\t\t\t\n\t\t\t\n<h3>Regel 7<\/h3>\n<p>Wenn Sie einen gefangenen Fisch fotografieren wollen, knien Sie sich immer hin und halten Sie niemals einen Fisch im Stehen. Halten Sie den Fisch immer \u00fcber die Abhakmatte.<\/p>\n<h3>Regel 8<\/h3>\n<p>Legen Sie einen gefangenen Fisch nie ins Gras, sondern immer auf eine nasse Abhakmatte.<\/p>\n<h3>Regel 9<\/h3>\n<p>Elektronische Bissanzeiger sind zul\u00e4ssig, wenn sie auf die geringste Lautst\u00e4rke eingestellt sind und nicht st\u00f6ren.<\/p>\n<h3>Regel 10<\/h3>\n<p>Nur Catch and Release. Jeder gefangene Fisch muss sofort wieder freigelassen werden, ggf. nach dem fotografieren. Es ist strengstens untersagt, Fische zu t\u00f6ten und\/oder mitzunehmen.<\/p>\n<h3>Artikel 11<\/h3>\n<p>Wenn ein Fisch den Haken verschluckt, schneiden Sie die Schnur so nah wie m\u00f6glich am Maul des Fisches ab. Versuchen Sie niemals, einen verschluckten Haken zu entfernen, der Fisch wird ihn leicht wieder verlieren.<\/p>\n<h3>Artikel 12<\/h3>\n<p>Hakenk\u00f6der (Boilies, W\u00fcrmer, Maden, Pellets) sind bei Fishing Adventure erh\u00e4ltlich. Sie d\u00fcrfen auch Ihre eigenen Hakenk\u00f6der mitbringen. Neben W\u00fcrmern, Maden, Boilies und Pellets sind nur f\u00fcr den menschlichen Verzehr geeignete Hakenk\u00f6der erlaubt.<\/p>\n\t\t<\/div>\n\t\t\t\t\n<style>\n#col-202777143 > .col-inner {\n  padding: 5% 5% 3% 5%;\n  margin: 35px 0px 35px 0px;\n}\n<\/style>\n\t<\/div>\n\n\t\n\n<style>\n#row-360746753 > .col > .col-inner {\n  background-color: #127a3f;\n}\n<\/style>\n<\/div>\n\t\t<\/div>\n\n\t\t\n<style>\n#section_1124465827 {\n  padding-top: 0px;\n  padding-bottom: 0px;\n  margin-bottom: 0px;\n  background-color: rgb(255, 255, 255);\n}\n#section_1124465827 .section-bg img {\n  object-position: 54% 48%;\n}\n<\/style>\n\t<\/section>\n\t\n\t<div id=\"gap-966448761\" class=\"gap-element clearfix\" style=\"display:block; height:auto;\">\n\t\t\n<style>\n#gap-966448761 {\n  padding-top: 25px;\n}\n@media (min-width:550px) {\n  #gap-966448761 {\n    padding-top: 20px;\n  }\n}\n@media (min-width:850px) {\n  #gap-966448761 {\n    padding-top: 50px;\n  }\n}\n<\/style>\n\t<\/div>\n\t\n\n\t<section class=\"section dark\" id=\"section_567118927\">\n\t\t<div class=\"section-bg fill\" >\n\t\t\t<img decoding=\"async\" width=\"2560\" height=\"1920\" data-src=\"https:\/\/b2983561.smushcdn.com\/2983561\/wp-content\/uploads\/2021\/05\/20210520_111349-scaled.jpg?lossy=1&strip=1&webp=1\" class=\"bg attachment-original size-original lazyload\" alt=\"\" data-srcset=\"https:\/\/b2983561.smushcdn.com\/2983561\/wp-content\/uploads\/2021\/05\/20210520_111349-scaled.jpg?lossy=1&amp;strip=1&amp;webp=1 2560w, https:\/\/b2983561.smushcdn.com\/2983561\/wp-content\/uploads\/2021\/05\/20210520_111349-300x225.jpg?lossy=1&amp;strip=1&amp;webp=1 300w, https:\/\/b2983561.smushcdn.com\/2983561\/wp-content\/uploads\/2021\/05\/20210520_111349-1024x768.jpg?lossy=1&amp;strip=1&amp;webp=1 1024w, https:\/\/b2983561.smushcdn.com\/2983561\/wp-content\/uploads\/2021\/05\/20210520_111349-768x576.jpg?lossy=1&amp;strip=1&amp;webp=1 768w, https:\/\/b2983561.smushcdn.com\/2983561\/wp-content\/uploads\/2021\/05\/20210520_111349-1536x1152.jpg?lossy=1&amp;strip=1&amp;webp=1 1536w, https:\/\/b2983561.smushcdn.com\/2983561\/wp-content\/uploads\/2021\/05\/20210520_111349-2048x1536.jpg?lossy=1&amp;strip=1&amp;webp=1 2048w, https:\/\/b2983561.smushcdn.com\/2983561\/wp-content\/uploads\/2021\/05\/20210520_111349-600x450.jpg?lossy=1&amp;strip=1&amp;webp=1 600w, https:\/\/b2983561.smushcdn.com\/2983561\/wp-content\/uploads\/2021\/05\/20210520_111349.jpg?size=204x153&amp;lossy=1&amp;strip=1&amp;webp=1 204w, https:\/\/b2983561.smushcdn.com\/2983561\/wp-content\/uploads\/2021\/05\/20210520_111349.jpg?size=408x306&amp;lossy=1&amp;strip=1&amp;webp=1 408w\" data-sizes=\"auto\" src=\"data:image\/svg+xml;base64,PHN2ZyB3aWR0aD0iMSIgaGVpZ2h0PSIxIiB4bWxucz0iaHR0cDovL3d3dy53My5vcmcvMjAwMC9zdmciPjwvc3ZnPg==\" style=\"--smush-placeholder-width: 2560px; --smush-placeholder-aspect-ratio: 2560\/1920;\" data-original-sizes=\"(max-width: 2560px) 100vw, 2560px\" \/>\t\t\t\t\t\t\n\t\t\t\n\t<div class=\"is-border\"\n\t\tstyle=\"border-color:rgb(255, 255, 255);border-width:0px 0px 0px 350px;\">\n\t<\/div>\n\n\t\t<\/div>\n\n\t\t\n\n\t\t<div class=\"section-content relative\">\n\t\t\t\n<div class=\"row row-collapse\" style=\"max-width:93%\" id=\"row-518974604\">\n\n\t<div id=\"col-213240148\" class=\"col medium-8 small-12 large-7\"  >\n\t\t\t\t<div class=\"col-inner text-shadow-1\" style=\"background-color:rgba(163, 142, 49, 0.773);\" >\n\t\t\t\n\t\t\t\n<h3>Artikel 13<\/h3>\n<p>F\u00fcttern ist erlaubt, aber nur mit den bei Fishing Adventure erh\u00e4ltlichen hochwertigen Pellets. Die F\u00fctterung mit selbst hergestellten Pellets ist verboten.<\/p>\n<h3>Artikel 14<\/h3>\n<p>Speisen und Getr\u00e4nke sind im Fishing Adventure erh\u00e4ltlich. Sie d\u00fcrfen auch Ihre eigenen Speisen und Getr\u00e4nke mitbringen.<\/p>\n<h3>Artikel 15<\/h3>\n<p>Kinder unter 12 Jahren sollten immer von einem Erwachsenen begleitet werden.<\/p>\n<h3>Artikel 16<\/h3>\n<p>Hunde sind erlaubt, sofern sie nicht aggressiv sind, an der Leine gef\u00fchrt werden und ihre Besitzer ihr ..Gesch\u00e4ft..\naufr\u00e4umen.<\/p>\n<h3>Artikel 17<\/h3>\n<p>Radios und Musik sind an den Teichen nicht erlaubt.<\/p>\n<h3>Zeile 18<\/h3>\n<p>Bitte beseitigen Sie Verschmutzungen sofort und entsorgen Sie diese in einem der bereitgestellten Beh\u00e4lter.<\/p>\n<h3>Zeile 19<\/h3>\n<p>Mitarbeiter von Fishing Adventure sind berechtigt, Montagen zu pr\u00fcfen.Den Anweisungen sind Folge zu leisten.<\/p>\n\t\t<\/div>\n\t\t\t\t\n<style>\n#col-213240148 > .col-inner {\n  padding: 5% 5% 3% 5%;\n  margin: 35px 0px 35px 0px;\n}\n<\/style>\n\t<\/div>\n\n\t\n\n<style>\n#row-518974604 > .col > .col-inner {\n  background-color: #127a3f;\n}\n<\/style>\n<\/div>\n\t\t<\/div>\n\n\t\t\n<style>\n#section_567118927 {\n  padding-top: 0px;\n  padding-bottom: 0px;\n  background-color: rgb(255, 255, 255);\n}\n#section_567118927 .section-bg img {\n  object-position: 3% 50%;\n}\n<\/style>\n\t<\/section>","protected":false},"excerpt":{"rendered":"","protected":false},"author":1,"featured_media":0,"parent":5621,"menu_order":0,"comment_status":"closed","ping_status":"closed","template":"page-blank.php","meta":{"footnotes":""},"class_list":["post-5647","page","type-page","status-publish","hentry"],"_links":{"self":[{"href":"https:\/\/www.fishingadventure.nl\/de\/wp-json\/wp\/v2\/pages\/5647","targetHints":{"allow":["GET"]}}],"collection":[{"href":"https:\/\/www.fishingadventure.nl\/de\/wp-json\/wp\/v2\/pages"}],"about":[{"href":"https:\/\/www.fishingadventure.nl\/de\/wp-json\/wp\/v2\/types\/page"}],"author":[{"embeddable":true,"href":"https:\/\/www.fishingadventure.nl\/de\/wp-json\/wp\/v2\/users\/1"}],"replies":[{"embeddable":true,"href":"https:\/\/www.fishingadventure.nl\/de\/wp-json\/wp\/v2\/comments?post=5647"}],"version-history":[{"count":0,"href":"https:\/\/www.fishingadventure.nl\/de\/wp-json\/wp\/v2\/pages\/5647\/revisions"}],"up":[{"embeddable":true,"href":"https:\/\/www.fishingadventure.nl\/de\/wp-json\/wp\/v2\/pages\/5621"}],"wp:attachment":[{"href":"https:\/\/www.fishingadventure.nl\/de\/wp-json\/wp\/v2\/media?parent=5647"}],"curies":[{"name":"wp","href":"https:\/\/api.w.org\/{rel}","templated":true}]}}