{"id":5640,"date":"2021-03-11T05:27:08","date_gmt":"2021-03-11T04:27:08","guid":{"rendered":"https:\/\/fishingadventure.nl\/?page_id=5640"},"modified":"2024-01-22T12:28:07","modified_gmt":"2024-01-22T11:28:07","slug":"faciliteiten","status":"publish","type":"page","link":"https:\/\/www.fishingadventure.nl\/de\/fishing-adventure-lagoon\/faciliteiten\/","title":{"rendered":"Einrichtungen Lagune"},"content":{"rendered":"<section class=\"section\" id=\"section_1727394047\">\n\t\t<div class=\"section-bg fill\" >\n\t\t\t<img decoding=\"async\" width=\"1920\" height=\"1080\" data-src=\"https:\/\/b2983561.smushcdn.com\/2983561\/wp-content\/uploads\/2023\/01\/Lagoon-en-Lake-drone-2021-scaled-e1674647519142.jpg?lossy=1&strip=1&webp=1\" class=\"bg attachment-original size-original lazyload\" alt=\"Lagoon en Lake drone 2021 - Vissen in Enschede op het Grootste betaalwater van Nederland\" data-srcset=\"https:\/\/b2983561.smushcdn.com\/2983561\/wp-content\/uploads\/2023\/01\/Lagoon-en-Lake-drone-2021-scaled-e1674647519142.jpg?lossy=1&amp;strip=1&amp;webp=1 1920w, https:\/\/b2983561.smushcdn.com\/2983561\/wp-content\/uploads\/2023\/01\/Lagoon-en-Lake-drone-2021-scaled-e1674647519142-510x287.jpg?lossy=1&amp;strip=1&amp;webp=1 510w, https:\/\/b2983561.smushcdn.com\/2983561\/wp-content\/uploads\/2023\/01\/Lagoon-en-Lake-drone-2021-scaled-e1674647519142-300x169.jpg?lossy=1&amp;strip=1&amp;webp=1 300w, https:\/\/b2983561.smushcdn.com\/2983561\/wp-content\/uploads\/2023\/01\/Lagoon-en-Lake-drone-2021-scaled-e1674647519142-1024x576.jpg?lossy=1&amp;strip=1&amp;webp=1 1024w, https:\/\/b2983561.smushcdn.com\/2983561\/wp-content\/uploads\/2023\/01\/Lagoon-en-Lake-drone-2021-scaled-e1674647519142-768x432.jpg?lossy=1&amp;strip=1&amp;webp=1 768w, https:\/\/b2983561.smushcdn.com\/2983561\/wp-content\/uploads\/2023\/01\/Lagoon-en-Lake-drone-2021-scaled-e1674647519142-1536x864.jpg?lossy=1&amp;strip=1&amp;webp=1 1536w, https:\/\/b2983561.smushcdn.com\/2983561\/wp-content\/uploads\/2023\/01\/Lagoon-en-Lake-drone-2021-scaled-e1674647519142-18x10.jpg?lossy=1&amp;strip=1&amp;webp=1 18w, https:\/\/b2983561.smushcdn.com\/2983561\/wp-content\/uploads\/2023\/01\/Lagoon-en-Lake-drone-2021-2048x1152.jpg?size=204x115&amp;lossy=1&amp;strip=1&amp;webp=1 204w, https:\/\/b2983561.smushcdn.com\/2983561\/wp-content\/uploads\/2023\/01\/Lagoon-en-Lake-drone-2021-2048x1152.jpg?size=408x230&amp;lossy=1&amp;strip=1&amp;webp=1 408w, https:\/\/b2983561.smushcdn.com\/2983561\/wp-content\/uploads\/2023\/01\/Lagoon-en-Lake-drone-2021-2048x1152.jpg?size=612x344&amp;lossy=1&amp;strip=1&amp;webp=1 612w\" data-sizes=\"auto\" src=\"data:image\/svg+xml;base64,PHN2ZyB3aWR0aD0iMSIgaGVpZ2h0PSIxIiB4bWxucz0iaHR0cDovL3d3dy53My5vcmcvMjAwMC9zdmciPjwvc3ZnPg==\" style=\"--smush-placeholder-width: 1920px; --smush-placeholder-aspect-ratio: 1920\/1080;\" data-original-sizes=\"(max-width: 1920px) 100vw, 1920px\" \/>\t\t\t\t\t\t<div class=\"section-bg-overlay absolute fill\"><\/div>\n\t\t\t\n\n\t\t<\/div>\n\n\t\t\n\n\t\t<div class=\"section-content relative\">\n\t\t\t\n\n<div class=\"row row-collapse\"  id=\"row-1412034338\">\n\n\n\t<div id=\"col-1075306110\" class=\"col medium-8 small-12 large-8\"  >\n\t\t\t\t<div class=\"col-inner\"  >\n\t\t\t\n\t\t\t\n\n\t<div id=\"text-3849946548\" class=\"text\">\n\t\t\n\n<h1 class=\"uppercase\"><strong>Einrichtungen von Fishing Adventure Lagoon <\/strong><\/h1>\n\t\t\n<style>\n#text-3849946548 {\n  font-size: 1.2rem;\n  color: rgb(255, 255, 255);\n}\n#text-3849946548 > * {\n  color: rgb(255, 255, 255);\n}\n@media (min-width:550px) {\n  #text-3849946548 {\n    font-size: 1.35rem;\n  }\n}\n<\/style>\n\t<\/div>\n\t\n<a href=\"https:\/\/www.fishingadventure.nl\/de\/fishing-adventure-lake\/\" class=\"button primary\" >\n\t\t<span>Angeln Abenteuer See<\/span>\n\t<\/a>\n\n\n<a href=\"https:\/\/www.fishingadventure.nl\/de\/fishing-adventure-lagoon\/\" class=\"button white\" >\n\t\t<span>Angeln Abenteuer Lagune<\/span>\n\t<\/a>\n\n\n\n\t\t<\/div>\n\t\t\t\t\n<style>\n#col-1075306110 > .col-inner {\n  padding: 0px 0px 0px 15px;\n  margin: 0px 0px 0px 0px;\n}\n<\/style>\n\t<\/div>\n\n\t\n\n<\/div>\n\n\t\t<\/div>\n\n\t\t\n<style>\n#section_1727394047 {\n  padding-top: 62px;\n  padding-bottom: 62px;\n  min-height: 380px;\n}\n#section_1727394047 .section-bg-overlay {\n  background-color: rgba(0, 0, 0, 0.285);\n}\n#section_1727394047 .section-bg img {\n  object-position: 79% 50%;\n}\n@media (min-width:550px) {\n  #section_1727394047 {\n    padding-top: 200px;\n    padding-bottom: 200px;\n  }\n  #section_1727394047 .section-bg-overlay {\n    background-color: rgba(0, 0, 0, 0.285);\n  }\n}\n<\/style>\n\t<\/section>\n\t\n\n\t<section class=\"section\" id=\"section_195264153\">\n\t\t<div class=\"section-bg fill\" >\n\t\t\t\t\t\t\t\t\t\n\t\t\t\n\n\t\t<\/div>\n\n\t\t\n\n\t\t<div class=\"section-content relative\">\n\t\t\t\n\n<div class=\"row row-small align-equal row-box-shadow-1\"  id=\"row-624764046\">\n\n\n\t<div id=\"col-1841068722\" class=\"col medium-4 small-12 large-4\"  >\n\t\t\t\t<div class=\"col-inner\"  >\n\t\t\t\n\t\t\t\n\n<p><b>Mietruten verf\u00fcgbar<\/b><\/p>\n\n\t\t<\/div>\n\t\t\t\t\t<\/div>\n\n\t\n\n\t<div id=\"col-570169069\" class=\"col medium-4 small-12 large-4\"  >\n\t\t\t\t<div class=\"col-inner\"  >\n\t\t\t\n\t\t\t\n\n<p><strong>Kescher und Abhakmatten werden kostenlos zur Verf\u00fcgung gestellt.<\/strong><\/p>\n\n\t\t<\/div>\n\t\t\t\t\t<\/div>\n\n\t\n\n\t<div id=\"col-1954647360\" class=\"col medium-4 small-12 large-4\"  >\n\t\t\t\t<div class=\"col-inner\"  >\n\t\t\t\n\t\t\t\n\n<p><strong>Mehrere Arten von Pellets in verschiedenen Durchmessern verf\u00fcgbar.<\/strong><\/p>\n\n\t\t<\/div>\n\t\t\t\t\t<\/div>\n\n\t\n\n\t<div id=\"col-1556651921\" class=\"col medium-4 small-12 large-4\"  >\n\t\t\t\t<div class=\"col-inner\"  >\n\t\t\t\n\t\t\t\n\n<p><strong>Maden und W\u00fcrmer verf\u00fcgbar.<\/strong><\/p>\n\n\t\t<\/div>\n\t\t\t\t\t<\/div>\n\n\t\n\n\t<div id=\"col-1992710494\" class=\"col medium-4 small-12 large-4\"  >\n\t\t\t\t<div class=\"col-inner\"  >\n\t\t\t\n\t\t\t\n\n<p><strong>Kleine Angelger\u00e4te sind vorhanden.\n\nVerschiedene Arten von Pellets in unterschiedlichen Durchmessern erh\u00e4ltlich.<\/strong><\/p>\n\n\t\t<\/div>\n\t\t\t\t\t<\/div>\n\n\t\n\n\t<div id=\"col-879673065\" class=\"col medium-4 small-12 large-4\"  >\n\t\t\t\t<div class=\"col-inner\"  >\n\t\t\t\n\t\t\t\n\n<p><strong>M\u00f6glichkeit, mit einem Angelguide zu fischen.<\/strong><\/p>\n\n\t\t<\/div>\n\t\t\t\t\t<\/div>\n\n\t\n\n\t<div id=\"col-403367970\" class=\"col medium-4 small-12 large-4\"  >\n\t\t\t\t<div class=\"col-inner\"  >\n\t\t\t\n\t\t\t\n\n<p><strong>Einfache Verpflegung (Speisen und Getr\u00e4nke) vorhanden.<\/strong><\/p>\n\n\t\t<\/div>\n\t\t\t\t\t<\/div>\n\n\t\n\n\t<div id=\"col-626709749\" class=\"col medium-4 small-12 large-4\"  >\n\t\t\t\t<div class=\"col-inner\"  >\n\t\t\t\n\t\t\t\n\n<p><strong>Auf dem Gel\u00e4nde befinden sich 3 Toiletten und ein Pissoir.<\/strong><\/p>\n\n\t\t<\/div>\n\t\t\t\t\t<\/div>\n\n\t\n\n\t<div id=\"col-862031344\" class=\"col medium-4 small-12 large-4\"  >\n\t\t\t\t<div class=\"col-inner\"  >\n\t\t\t\n\t\t\t\n\n<p><strong>Behindertentoilette<\/strong><\/p>\n\n\t\t<\/div>\n\t\t\t\t\t<\/div>\n\n\t\n\n\t<div id=\"col-841508483\" class=\"col medium-4 small-12 large-4\"  >\n\t\t\t\t<div class=\"col-inner\"  >\n\t\t\t\n\t\t\t\n\n<p><strong>Ausreichend eingez\u00e4unte Parkpl\u00e4tze sind auf dem Gel\u00e4nde vorhanden.<\/strong><\/p>\n\n\t\t<\/div>\n\t\t\t\t\t<\/div>\n\n\t\n\n\t<div id=\"col-1607017489\" class=\"col medium-4 small-12 large-4\"  >\n\t\t\t\t<div class=\"col-inner\"  >\n\t\t\t\n\t\t\t\n\n<p><strong>Die Adventure Lagoon ist komplett eingez\u00e4unt, es gibt 1 Tor an der Anlage.<\/strong><\/p>\n\n\t\t<\/div>\n\t\t\t\t\t<\/div>\n\n\t\n\n\n<style>\n#row-624764046 > .col > .col-inner {\n  padding: 25px 20px 5px 20px;\n  background-color: rgba(255, 255, 255, 0.849);\n}\n<\/style>\n<\/div>\n\n\t\t<\/div>\n\n\t\t\n<style>\n#section_195264153 {\n  padding-top: 30px;\n  padding-bottom: 30px;\n  background-color: rgba(204, 204, 204, 0.715);\n}\n<\/style>\n\t<\/section>","protected":false},"excerpt":{"rendered":"","protected":false},"author":1,"featured_media":0,"parent":5621,"menu_order":0,"comment_status":"closed","ping_status":"closed","template":"page-blank.php","meta":{"footnotes":""},"class_list":["post-5640","page","type-page","status-publish","hentry"],"_links":{"self":[{"href":"https:\/\/www.fishingadventure.nl\/de\/wp-json\/wp\/v2\/pages\/5640","targetHints":{"allow":["GET"]}}],"collection":[{"href":"https:\/\/www.fishingadventure.nl\/de\/wp-json\/wp\/v2\/pages"}],"about":[{"href":"https:\/\/www.fishingadventure.nl\/de\/wp-json\/wp\/v2\/types\/page"}],"author":[{"embeddable":true,"href":"https:\/\/www.fishingadventure.nl\/de\/wp-json\/wp\/v2\/users\/1"}],"replies":[{"embeddable":true,"href":"https:\/\/www.fishingadventure.nl\/de\/wp-json\/wp\/v2\/comments?post=5640"}],"version-history":[{"count":0,"href":"https:\/\/www.fishingadventure.nl\/de\/wp-json\/wp\/v2\/pages\/5640\/revisions"}],"up":[{"embeddable":true,"href":"https:\/\/www.fishingadventure.nl\/de\/wp-json\/wp\/v2\/pages\/5621"}],"wp:attachment":[{"href":"https:\/\/www.fishingadventure.nl\/de\/wp-json\/wp\/v2\/media?parent=5640"}],"curies":[{"name":"wp","href":"https:\/\/api.w.org\/{rel}","templated":true}]}}