{"id":36786,"date":"2025-04-12T09:33:03","date_gmt":"2025-04-12T08:33:03","guid":{"rendered":"https:\/\/www.fishingadventure.nl\/?page_id=36786"},"modified":"2026-01-19T10:56:02","modified_gmt":"2026-01-19T09:56:02","slug":"evenementen","status":"publish","type":"page","link":"https:\/\/www.fishingadventure.nl\/de\/evenementen\/","title":{"rendered":"Veranstaltungen"},"content":{"rendered":"<section class=\"section\" id=\"section_1249868866\">\n\t\t<div class=\"section-bg fill\" >\n\t\t\t<img decoding=\"async\" width=\"1920\" height=\"572\" data-src=\"https:\/\/b2983561.smushcdn.com\/2983561\/wp-content\/uploads\/2019\/02\/Fishing-adventure-tour-back.jpg?lossy=1&strip=1&webp=1\" class=\"bg attachment-original size-original lazyload\" alt=\"\" data-srcset=\"https:\/\/b2983561.smushcdn.com\/2983561\/wp-content\/uploads\/2019\/02\/Fishing-adventure-tour-back.jpg?lossy=1&amp;strip=1&amp;webp=1 1920w, https:\/\/b2983561.smushcdn.com\/2983561\/wp-content\/uploads\/2019\/02\/Fishing-adventure-tour-back-600x179.jpg?lossy=1&amp;strip=1&amp;webp=1 600w, https:\/\/b2983561.smushcdn.com\/2983561\/wp-content\/uploads\/2019\/02\/Fishing-adventure-tour-back-300x89.jpg?lossy=1&amp;strip=1&amp;webp=1 300w, https:\/\/b2983561.smushcdn.com\/2983561\/wp-content\/uploads\/2019\/02\/Fishing-adventure-tour-back-1024x305.jpg?lossy=1&amp;strip=1&amp;webp=1 1024w, https:\/\/b2983561.smushcdn.com\/2983561\/wp-content\/uploads\/2019\/02\/Fishing-adventure-tour-back-768x229.jpg?lossy=1&amp;strip=1&amp;webp=1 768w, https:\/\/b2983561.smushcdn.com\/2983561\/wp-content\/uploads\/2019\/02\/Fishing-adventure-tour-back-1536x458.jpg?lossy=1&amp;strip=1&amp;webp=1 1536w, https:\/\/b2983561.smushcdn.com\/2983561\/wp-content\/uploads\/2019\/02\/Fishing-adventure-tour-back.jpg?size=204x61&amp;lossy=1&amp;strip=1&amp;webp=1 204w, https:\/\/b2983561.smushcdn.com\/2983561\/wp-content\/uploads\/2019\/02\/Fishing-adventure-tour-back.jpg?size=408x122&amp;lossy=1&amp;strip=1&amp;webp=1 408w\" data-sizes=\"auto\" src=\"data:image\/svg+xml;base64,PHN2ZyB3aWR0aD0iMSIgaGVpZ2h0PSIxIiB4bWxucz0iaHR0cDovL3d3dy53My5vcmcvMjAwMC9zdmciPjwvc3ZnPg==\" style=\"--smush-placeholder-width: 1920px; --smush-placeholder-aspect-ratio: 1920\/572;\" data-original-sizes=\"(max-width: 1920px) 100vw, 1920px\" \/>\t\t\t\t\t\t<div class=\"section-bg-overlay absolute fill\"><\/div>\n\t\t\t\n\n\t\t<\/div>\n\n\t\t\n\n\t\t<div class=\"section-content relative\">\n\t\t\t\n\n<div class=\"row row-collapse\"  id=\"row-1772090218\">\n\n\n\t<div id=\"col-368537410\" class=\"col medium-8 small-12 large-8\"  >\n\t\t\t\t<div class=\"col-inner\"  >\n\t\t\t\n\t\t\t\n\n\t<div id=\"text-1083285875\" class=\"text\">\n\t\t\n\n<h1 class=\"uppercase\"><strong>Veranstaltungen bei Fishing Adventure<\/strong><\/h1>\n\t\t\n<style>\n#text-1083285875 {\n  font-size: 1.2rem;\n  color: rgb(255, 255, 255);\n}\n#text-1083285875 > * {\n  color: rgb(255, 255, 255);\n}\n@media (min-width:550px) {\n  #text-1083285875 {\n    font-size: 1.2rem;\n  }\n}\n<\/style>\n\t<\/div>\n\t\n<a href=\"https:\/\/www.fishingadventure.nl\/de\/\" class=\"button white\" >\n\t\t<span>Zur\u00fcck zur Startseite<\/span>\n\t<\/a>\n\n\n\n\t\t<\/div>\n\t\t\t\t\n<style>\n#col-368537410 > .col-inner {\n  padding: 0px 0px 0px 15px;\n  margin: 0px 0px 0px 0px;\n}\n<\/style>\n\t<\/div>\n\n\t\n\n<\/div>\n\n\t\t<\/div>\n\n\t\t\n<style>\n#section_1249868866 {\n  padding-top: 62px;\n  padding-bottom: 62px;\n  min-height: 380px;\n}\n#section_1249868866 .section-bg-overlay {\n  background-color: rgba(0, 0, 0, 0.285);\n}\n#section_1249868866 .section-bg img {\n  object-position: 41% 36%;\n}\n@media (min-width:550px) {\n  #section_1249868866 {\n    padding-top: 137px;\n    padding-bottom: 137px;\n  }\n  #section_1249868866 .section-bg-overlay {\n    background-color: rgba(32, 32, 32, 0.151);\n  }\n}\n<\/style>\n\t<\/section>\n\t\n\n\t<section class=\"section\" id=\"section_1494289514\">\n\t\t<div class=\"section-bg fill\" >\n\t\t\t\t\t\t\t\t\t\n\t\t\t\n\n\t\t<\/div>\n\n\t\t\n\n\t\t<div class=\"section-content relative\">\n\t\t\t\n\n<div class=\"row row-box-shadow-1\"  id=\"row-1940019054\">\n\n\n\t<div id=\"col-1769841281\" class=\"col medium-6 small-12 large-6\"  >\n\t\t\t\t<div class=\"col-inner\"  >\n\t\t\t\n\t\t\t\n\n\n  <div class=\"banner has-hover\" id=\"banner-1174083808\">\n          <div class=\"banner-inner fill\">\n        <div class=\"banner-bg fill\" >\n            <img decoding=\"async\" width=\"1020\" height=\"299\" data-src=\"https:\/\/b2983561.smushcdn.com\/2983561\/wp-content\/uploads\/2024\/01\/start-Bellyfiction-Fishing-Adventure-e1704296343673-1024x300.jpg?lossy=1&strip=1&webp=1\" class=\"bg attachment-large size-large lazyload\" alt=\"start Bellyfiction Fishing Adventure\" data-srcset=\"https:\/\/b2983561.smushcdn.com\/2983561\/wp-content\/uploads\/2024\/01\/start-Bellyfiction-Fishing-Adventure-e1704296343673-1024x300.jpg?lossy=1&amp;strip=1&amp;webp=1 1024w, https:\/\/b2983561.smushcdn.com\/2983561\/wp-content\/uploads\/2024\/01\/start-Bellyfiction-Fishing-Adventure-e1704296343673-300x88.jpg?lossy=1&amp;strip=1&amp;webp=1 300w, https:\/\/b2983561.smushcdn.com\/2983561\/wp-content\/uploads\/2024\/01\/start-Bellyfiction-Fishing-Adventure-e1704296343673-768x225.jpg?lossy=1&amp;strip=1&amp;webp=1 768w, https:\/\/b2983561.smushcdn.com\/2983561\/wp-content\/uploads\/2024\/01\/start-Bellyfiction-Fishing-Adventure-e1704296343673-1536x450.jpg?lossy=1&amp;strip=1&amp;webp=1 1536w, https:\/\/b2983561.smushcdn.com\/2983561\/wp-content\/uploads\/2024\/01\/start-Bellyfiction-Fishing-Adventure-e1704296343673-18x5.jpg?lossy=1&amp;strip=1&amp;webp=1 18w, https:\/\/b2983561.smushcdn.com\/2983561\/wp-content\/uploads\/2024\/01\/start-Bellyfiction-Fishing-Adventure-e1704296343673-510x149.jpg?lossy=1&amp;strip=1&amp;webp=1 510w, https:\/\/b2983561.smushcdn.com\/2983561\/wp-content\/uploads\/2024\/01\/start-Bellyfiction-Fishing-Adventure-e1704296343673.jpg?lossy=1&amp;strip=1&amp;webp=1 2048w, https:\/\/b2983561.smushcdn.com\/2983561\/wp-content\/uploads\/2024\/01\/start-Bellyfiction-Fishing-Adventure-e1704296343673.jpg?size=204x60&amp;lossy=1&amp;strip=1&amp;webp=1 204w, https:\/\/b2983561.smushcdn.com\/2983561\/wp-content\/uploads\/2024\/01\/start-Bellyfiction-Fishing-Adventure-e1704296343673.jpg?size=408x120&amp;lossy=1&amp;strip=1&amp;webp=1 408w, https:\/\/b2983561.smushcdn.com\/2983561\/wp-content\/uploads\/2024\/01\/start-Bellyfiction-Fishing-Adventure-e1704296343673.jpg?size=612x179&amp;lossy=1&amp;strip=1&amp;webp=1 612w\" data-sizes=\"auto\" src=\"data:image\/svg+xml;base64,PHN2ZyB3aWR0aD0iMSIgaGVpZ2h0PSIxIiB4bWxucz0iaHR0cDovL3d3dy53My5vcmcvMjAwMC9zdmciPjwvc3ZnPg==\" style=\"--smush-placeholder-width: 1020px; --smush-placeholder-aspect-ratio: 1020\/299;\" data-original-sizes=\"(max-width: 1020px) 100vw, 1020px\" \/>                        <div class=\"overlay\"><\/div>            \n                    <\/div>\n\t\t\n        <div class=\"banner-layers container\">\n            <div class=\"fill banner-link\"><\/div>            \n\n   <div id=\"text-box-680892244\" class=\"text-box banner-layer x0 md-x0 lg-x0 y0 md-y0 lg-y0 res-text\">\n                                <div class=\"text-box-content text box-shadow-3 dark\">\n              \n              <div class=\"text-inner text-center\">\n                  \n\n<h2 class=\"uppercase\"><strong>Bellyfiction<\/strong><\/h2>\n<h3>Das j\u00e4hrliche Fischereifest<\/h3>\n<p style=\"font-size: 130%;\">Bellyfiction Festival bei Fishing Adventure - unser j\u00e4hrliches Highlight f\u00fcr Bellyboater und Kajakfahrer<\/p>\n<a href=\"https:\/\/www.bellyfiction.com\/\" class=\"button primary is-large\" target=\"_blank\" rel=\"noopener\">\n\t\t<span>Bellyfiction-Website<\/span>\n\t<\/a>\n\n\n<a href=\"https:\/\/www.fishingadventure.nl\/de\/evenementen\/bellyfiction\/eindstand\/\" class=\"button primary is-large\">\n\t\t<span>Endstand<\/span>\n\t<\/a>\n\n\n\n              <\/div>\n           <\/div>\n                            \n<style>\n#text-box-680892244 .text-box-content {\n  background-color: rgba(0, 0, 0, 0.355);\n  font-size: 85%;\n}\n#text-box-680892244 .text-inner {\n  padding: 30px 30px 27px 30px;\n}\n#text-box-680892244 {\n  width: 100%;\n}\n@media (min-width:550px) {\n  #text-box-680892244 {\n    width: 100%;\n  }\n  #text-box-680892244 .text-box-content {\n    font-size: 110%;\n  }\n}\n<\/style>\n    <\/div>\n \n\n        <\/div>\n      <\/div>\n\n            \n<style>\n#banner-1174083808 {\n  padding-top: 240px;\n}\n#banner-1174083808 .overlay {\n  background-color: rgba(0, 0, 0, 0.2);\n}\n@media (min-width:550px) {\n  #banner-1174083808 {\n    padding-top: 214px;\n  }\n}\n<\/style>\n  <\/div>\n\n\n\n\t\t<\/div>\n\t\t\t\t\t<\/div>\n\n\t\n\n\t<div id=\"col-1848114927\" class=\"col medium-6 small-12 large-6\"  >\n\t\t\t\t<div class=\"col-inner\"  >\n\t\t\t\n\t\t\t\n\n\n  <div class=\"banner has-hover\" id=\"banner-1845009345\">\n          <div class=\"banner-inner fill\">\n        <div class=\"banner-bg fill\" >\n            <img decoding=\"async\" width=\"1020\" height=\"680\" data-src=\"https:\/\/b2983561.smushcdn.com\/2983561\/wp-content\/uploads\/2023\/01\/2019-227-1024x683.jpg?lossy=1&strip=1&webp=1\" class=\"bg attachment-large size-large lazyload\" alt=\"\" data-srcset=\"https:\/\/b2983561.smushcdn.com\/2983561\/wp-content\/uploads\/2023\/01\/2019-227-1024x683.jpg?lossy=1&amp;strip=1&amp;webp=1 1024w, https:\/\/b2983561.smushcdn.com\/2983561\/wp-content\/uploads\/2023\/01\/2019-227-scaled-510x340.jpg?lossy=1&amp;strip=1&amp;webp=1 510w, https:\/\/b2983561.smushcdn.com\/2983561\/wp-content\/uploads\/2023\/01\/2019-227-300x200.jpg?lossy=1&amp;strip=1&amp;webp=1 300w, https:\/\/b2983561.smushcdn.com\/2983561\/wp-content\/uploads\/2023\/01\/2019-227-768x513.jpg?lossy=1&amp;strip=1&amp;webp=1 768w, https:\/\/b2983561.smushcdn.com\/2983561\/wp-content\/uploads\/2023\/01\/2019-227-1536x1025.jpg?lossy=1&amp;strip=1&amp;webp=1 1536w, https:\/\/b2983561.smushcdn.com\/2983561\/wp-content\/uploads\/2023\/01\/2019-227-2048x1367.jpg?lossy=1&amp;strip=1&amp;webp=1 2048w, https:\/\/b2983561.smushcdn.com\/2983561\/wp-content\/uploads\/2023\/01\/2019-227-18x12.jpg?lossy=1&amp;strip=1&amp;webp=1 18w, https:\/\/b2983561.smushcdn.com\/2983561\/wp-content\/uploads\/2023\/01\/2019-227-scaled.jpg?size=204x136&amp;lossy=1&amp;strip=1&amp;webp=1 204w, https:\/\/b2983561.smushcdn.com\/2983561\/wp-content\/uploads\/2023\/01\/2019-227-scaled.jpg?size=408x272&amp;lossy=1&amp;strip=1&amp;webp=1 408w, https:\/\/b2983561.smushcdn.com\/2983561\/wp-content\/uploads\/2023\/01\/2019-227-scaled.jpg?size=612x408&amp;lossy=1&amp;strip=1&amp;webp=1 612w\" data-sizes=\"auto\" src=\"data:image\/svg+xml;base64,PHN2ZyB3aWR0aD0iMSIgaGVpZ2h0PSIxIiB4bWxucz0iaHR0cDovL3d3dy53My5vcmcvMjAwMC9zdmciPjwvc3ZnPg==\" style=\"--smush-placeholder-width: 1020px; --smush-placeholder-aspect-ratio: 1020\/680;\" data-original-sizes=\"(max-width: 1020px) 100vw, 1020px\" \/>                        <div class=\"overlay\"><\/div>            \n                    <\/div>\n\t\t\n        <div class=\"banner-layers container\">\n            <div class=\"fill banner-link\"><\/div>            \n\n   <div id=\"text-box-806112514\" class=\"text-box banner-layer x0 md-x0 lg-x0 y0 md-y0 lg-y0 res-text\">\n                                <div class=\"text-box-content text box-shadow-3 dark\">\n              \n              <div class=\"text-inner text-center\">\n                  \n\n<h2 class=\"uppercase\"><strong>gro\u00dfe Fische<\/strong><\/h2>\n<h3>J\u00e4hrlicher Wettbewerb<\/h3>\n<p style=\"font-size: 130%;\">Ein spektakul\u00e4rer Wettbewerb, bei dem nur die gr\u00f6\u00dften F\u00e4nge in die Wertung einflie\u00dfen, sorgt f\u00fcr zus\u00e4tzliche Aufregung.<\/p>\n<a href=\"https:\/\/www.fishingadventure.nl\/de\/evenementen\/big-fish-competitie\/\" class=\"button primary is-large\">\n\t\t<span>Gro\u00dffisch-Wettbewerb<\/span>\n\t<\/a>\n\n\n<a href=\"https:\/\/www.fishingadventure.nl\/de\/evenementen\/big-fish-competitie\/tussenstand-juni\/\" class=\"button primary is-large\">\n\t\t<span>Endstand<\/span>\n\t<\/a>\n\n\n\n              <\/div>\n           <\/div>\n                            \n<style>\n#text-box-806112514 .text-box-content {\n  background-color: rgba(0, 0, 0, 0.355);\n  font-size: 85%;\n}\n#text-box-806112514 .text-inner {\n  padding: 30px 30px 17px 30px;\n}\n#text-box-806112514 {\n  width: 100%;\n}\n@media (min-width:550px) {\n  #text-box-806112514 {\n    width: 100%;\n  }\n  #text-box-806112514 .text-box-content {\n    font-size: 110%;\n  }\n}\n<\/style>\n    <\/div>\n \n\n        <\/div>\n      <\/div>\n\n            \n<style>\n#banner-1845009345 {\n  padding-top: 250px;\n}\n#banner-1845009345 .overlay {\n  background-color: rgba(0, 0, 0, 0.2);\n}\n#banner-1845009345 .banner-bg img {\n  object-position: 44% 32%;\n}\n@media (min-width:550px) {\n  #banner-1845009345 {\n    padding-top: 214px;\n  }\n}\n<\/style>\n  <\/div>\n\n\n\n\t\t<\/div>\n\t\t\t\t\t<\/div>\n\n\t\n\n\t<div id=\"col-242109727\" class=\"col medium-6 small-12 large-6\"  >\n\t\t\t\t<div class=\"col-inner\"  >\n\t\t\t\n\t\t\t\n\n\n  <div class=\"banner has-hover\" id=\"banner-1762114402\">\n          <div class=\"banner-inner fill\">\n        <div class=\"banner-bg fill\" >\n            <img decoding=\"async\" width=\"1020\" height=\"680\" data-src=\"https:\/\/b2983561.smushcdn.com\/2983561\/wp-content\/uploads\/2020\/07\/2020-06-27-Blommetje-56.6-pond-r-1024x683.jpg?lossy=1&strip=1&webp=1\" class=\"bg attachment-large size-large lazyload\" alt=\"Nieuw meerrecord spiegel Karper\" data-srcset=\"https:\/\/b2983561.smushcdn.com\/2983561\/wp-content\/uploads\/2020\/07\/2020-06-27-Blommetje-56.6-pond-r-1024x683.jpg?lossy=1&amp;strip=1&amp;webp=1 1024w, https:\/\/b2983561.smushcdn.com\/2983561\/wp-content\/uploads\/2020\/07\/2020-06-27-Blommetje-56.6-pond-r-600x400.jpg?lossy=1&amp;strip=1&amp;webp=1 600w, https:\/\/b2983561.smushcdn.com\/2983561\/wp-content\/uploads\/2020\/07\/2020-06-27-Blommetje-56.6-pond-r-300x200.jpg?lossy=1&amp;strip=1&amp;webp=1 300w, https:\/\/b2983561.smushcdn.com\/2983561\/wp-content\/uploads\/2020\/07\/2020-06-27-Blommetje-56.6-pond-r-768x512.jpg?lossy=1&amp;strip=1&amp;webp=1 768w, https:\/\/b2983561.smushcdn.com\/2983561\/wp-content\/uploads\/2020\/07\/2020-06-27-Blommetje-56.6-pond-r.jpg?lossy=1&amp;strip=1&amp;webp=1 1086w, https:\/\/b2983561.smushcdn.com\/2983561\/wp-content\/uploads\/2020\/07\/2020-06-27-Blommetje-56.6-pond-r.jpg?size=204x136&amp;lossy=1&amp;strip=1&amp;webp=1 204w, https:\/\/b2983561.smushcdn.com\/2983561\/wp-content\/uploads\/2020\/07\/2020-06-27-Blommetje-56.6-pond-r.jpg?size=408x272&amp;lossy=1&amp;strip=1&amp;webp=1 408w\" data-sizes=\"auto\" src=\"data:image\/svg+xml;base64,PHN2ZyB3aWR0aD0iMSIgaGVpZ2h0PSIxIiB4bWxucz0iaHR0cDovL3d3dy53My5vcmcvMjAwMC9zdmciPjwvc3ZnPg==\" style=\"--smush-placeholder-width: 1020px; --smush-placeholder-aspect-ratio: 1020\/680;\" data-original-sizes=\"(max-width: 1020px) 100vw, 1020px\" \/>                        <div class=\"overlay\"><\/div>            \n                    <\/div>\n\t\t\n        <div class=\"banner-layers container\">\n            <div class=\"fill banner-link\"><\/div>            \n\n   <div id=\"text-box-339307481\" class=\"text-box banner-layer x0 md-x0 lg-x0 y0 md-y0 lg-y0 res-text\">\n                                <div class=\"text-box-content text box-shadow-3 dark\">\n              \n              <div class=\"text-inner text-center\">\n                  \n\n<h2>Karpfen-Paar-Wettbewerb<\/h2>\n<h3>Nur f\u00fcr die st\u00e4rksten Paare\u00a0<\/h3>\n<p style=\"font-size: 130%;\">Ein spannender Karpfenpaar-Wettbewerb, bei dem die Teams um den gr\u00f6\u00dften gemeinsamen Fang am Ufer wetteifern.<\/p>\n<a href=\"https:\/\/www.fishingadventure.nl\/de\/evenementen\/karper-koppel-wedstrijd\/\" class=\"button primary is-large\">\n\t\t<span>Karpfen-Paar-Wettbewerb<\/span>\n\t<\/a>\n\n\n\n              <\/div>\n           <\/div>\n                            \n<style>\n#text-box-339307481 .text-box-content {\n  background-color: rgba(0, 0, 0, 0.355);\n  font-size: 85%;\n}\n#text-box-339307481 .text-inner {\n  padding: 30px 30px 17px 30px;\n}\n#text-box-339307481 {\n  width: 100%;\n}\n@media (min-width:550px) {\n  #text-box-339307481 {\n    width: 100%;\n  }\n  #text-box-339307481 .text-box-content {\n    font-size: 110%;\n  }\n}\n<\/style>\n    <\/div>\n \n\n        <\/div>\n      <\/div>\n\n            \n<style>\n#banner-1762114402 {\n  padding-top: 270px;\n}\n#banner-1762114402 .overlay {\n  background-color: rgba(0, 0, 0, 0.2);\n}\n#banner-1762114402 .banner-bg img {\n  object-position: 48% 49%;\n}\n@media (min-width:550px) {\n  #banner-1762114402 {\n    padding-top: 214px;\n  }\n}\n<\/style>\n  <\/div>\n\n\n\n\t\t<\/div>\n\t\t\t\t\t<\/div>\n\n\t\n\n\t<div id=\"col-1091739073\" class=\"col medium-6 small-12 large-6\"  >\n\t\t\t\t<div class=\"col-inner\"  >\n\t\t\t\n\t\t\t\n\n\n  <div class=\"banner has-hover\" id=\"banner-1455391017\">\n          <div class=\"banner-inner fill\">\n        <div class=\"banner-bg fill\" >\n            <img decoding=\"async\" width=\"1020\" height=\"765\" data-src=\"https:\/\/b2983561.smushcdn.com\/2983561\/wp-content\/uploads\/2023\/01\/Kids-Competition-1-1024x768.jpg?lossy=1&strip=1&webp=1\" class=\"bg attachment-large size-large lazyload\" alt=\"Kinderfeest Fishing Adventure\" data-srcset=\"https:\/\/b2983561.smushcdn.com\/2983561\/wp-content\/uploads\/2023\/01\/Kids-Competition-1-1024x768.jpg?lossy=1&amp;strip=1&amp;webp=1 1024w, https:\/\/b2983561.smushcdn.com\/2983561\/wp-content\/uploads\/2023\/01\/Kids-Competition-1-scaled-510x383.jpg?lossy=1&amp;strip=1&amp;webp=1 510w, https:\/\/b2983561.smushcdn.com\/2983561\/wp-content\/uploads\/2023\/01\/Kids-Competition-1-300x225.jpg?lossy=1&amp;strip=1&amp;webp=1 300w, https:\/\/b2983561.smushcdn.com\/2983561\/wp-content\/uploads\/2023\/01\/Kids-Competition-1-768x576.jpg?lossy=1&amp;strip=1&amp;webp=1 768w, https:\/\/b2983561.smushcdn.com\/2983561\/wp-content\/uploads\/2023\/01\/Kids-Competition-1-1536x1152.jpg?lossy=1&amp;strip=1&amp;webp=1 1536w, https:\/\/b2983561.smushcdn.com\/2983561\/wp-content\/uploads\/2023\/01\/Kids-Competition-1-2048x1536.jpg?lossy=1&amp;strip=1&amp;webp=1 2048w, https:\/\/b2983561.smushcdn.com\/2983561\/wp-content\/uploads\/2023\/01\/Kids-Competition-1-16x12.jpg?lossy=1&amp;strip=1&amp;webp=1 16w, https:\/\/b2983561.smushcdn.com\/2983561\/wp-content\/uploads\/2023\/01\/Kids-Competition-1-scaled.jpg?size=204x153&amp;lossy=1&amp;strip=1&amp;webp=1 204w, https:\/\/b2983561.smushcdn.com\/2983561\/wp-content\/uploads\/2023\/01\/Kids-Competition-1-scaled.jpg?size=408x306&amp;lossy=1&amp;strip=1&amp;webp=1 408w, https:\/\/b2983561.smushcdn.com\/2983561\/wp-content\/uploads\/2023\/01\/Kids-Competition-1-scaled.jpg?size=612x459&amp;lossy=1&amp;strip=1&amp;webp=1 612w\" data-sizes=\"auto\" src=\"data:image\/svg+xml;base64,PHN2ZyB3aWR0aD0iMSIgaGVpZ2h0PSIxIiB4bWxucz0iaHR0cDovL3d3dy53My5vcmcvMjAwMC9zdmciPjwvc3ZnPg==\" style=\"--smush-placeholder-width: 1020px; --smush-placeholder-aspect-ratio: 1020\/765;\" data-original-sizes=\"(max-width: 1020px) 100vw, 1020px\" \/>                        <div class=\"overlay\"><\/div>            \n                    <\/div>\n\t\t\n        <div class=\"banner-layers container\">\n            <div class=\"fill banner-link\"><\/div>            \n\n   <div id=\"text-box-921407027\" class=\"text-box banner-layer x0 md-x0 lg-x0 y0 md-y0 lg-y0 res-text\">\n                                <div class=\"text-box-content text box-shadow-3 dark\">\n              \n              <div class=\"text-inner text-center\">\n                  \n\n<h2>CUE4E Kinderpokal<\/h2>\n<h3>Spa\u00df f\u00fcr alle Kinder\u00a0<\/h3>\n<p style=\"font-size: 130%;\">Der allj\u00e4hrliche CUE4E KidsCup in der Lagune: ein fr\u00f6hliches Angelfest, bei dem junge Angler ihre ersten F\u00e4nge machen und um tolle Preise wetteifern.<\/p>\n\n<a href=\"https:\/\/www.fishingadventure.nl\/de\/evenementen\/cue4u-kidscup\/\" class=\"button primary is-large\">\n\t\t<span>Kinder Cup Spiel<\/span>\n\t<\/a>\n\n\n\n              <\/div>\n           <\/div>\n                            \n<style>\n#text-box-921407027 .text-box-content {\n  background-color: rgba(0, 0, 0, 0.355);\n  font-size: 85%;\n}\n#text-box-921407027 .text-inner {\n  padding: 30px 30px 17px 30px;\n}\n#text-box-921407027 {\n  width: 100%;\n}\n@media (min-width:550px) {\n  #text-box-921407027 {\n    width: 100%;\n  }\n  #text-box-921407027 .text-box-content {\n    font-size: 110%;\n  }\n}\n<\/style>\n    <\/div>\n \n\n        <\/div>\n      <\/div>\n\n            \n<style>\n#banner-1455391017 {\n  padding-top: 250px;\n}\n#banner-1455391017 .overlay {\n  background-color: rgba(0, 0, 0, 0.2);\n}\n#banner-1455391017 .banner-bg img {\n  object-position: 43% 68%;\n}\n@media (min-width:550px) {\n  #banner-1455391017 {\n    padding-top: 214px;\n  }\n}\n<\/style>\n  <\/div>\n\n\n\n\t\t<\/div>\n\t\t\t\t\t<\/div>\n\n\t\n\n\n\n<style>\n#row-1940019054 > .col > .col-inner {\n  padding: 15px 15px 15px 15px;\n  background-color: rgb(255, 255, 255);\n}\n<\/style>\n<\/div>\n\n\t\t<\/div>\n\n\t\t\n<style>\n#section_1494289514 {\n  padding-top: 30px;\n  padding-bottom: 30px;\n  background-color: rgb(245, 245, 245);\n}\n<\/style>\n\t<\/section>","protected":false},"excerpt":{"rendered":"","protected":false},"author":1,"featured_media":0,"parent":0,"menu_order":0,"comment_status":"closed","ping_status":"closed","template":"page-blank.php","meta":{"footnotes":""},"class_list":["post-36786","page","type-page","status-publish","hentry"],"_links":{"self":[{"href":"https:\/\/www.fishingadventure.nl\/de\/wp-json\/wp\/v2\/pages\/36786","targetHints":{"allow":["GET"]}}],"collection":[{"href":"https:\/\/www.fishingadventure.nl\/de\/wp-json\/wp\/v2\/pages"}],"about":[{"href":"https:\/\/www.fishingadventure.nl\/de\/wp-json\/wp\/v2\/types\/page"}],"author":[{"embeddable":true,"href":"https:\/\/www.fishingadventure.nl\/de\/wp-json\/wp\/v2\/users\/1"}],"replies":[{"embeddable":true,"href":"https:\/\/www.fishingadventure.nl\/de\/wp-json\/wp\/v2\/comments?post=36786"}],"version-history":[{"count":0,"href":"https:\/\/www.fishingadventure.nl\/de\/wp-json\/wp\/v2\/pages\/36786\/revisions"}],"wp:attachment":[{"href":"https:\/\/www.fishingadventure.nl\/de\/wp-json\/wp\/v2\/media?parent=36786"}],"curies":[{"name":"wp","href":"https:\/\/api.w.org\/{rel}","templated":true}]}}