{"id":36781,"date":"2025-04-12T09:20:42","date_gmt":"2025-04-12T08:20:42","guid":{"rendered":"https:\/\/www.fishingadventure.nl\/?page_id=36781"},"modified":"2025-11-19T10:05:29","modified_gmt":"2025-11-19T09:05:29","slug":"vissen-in-enschede","status":"publish","type":"page","link":"https:\/\/www.fishingadventure.nl\/de\/vissen-in-enschede\/","title":{"rendered":"Angeln in Enschede"},"content":{"rendered":"<section class=\"section\" id=\"section_1143073600\">\n\t\t<div class=\"section-bg fill\" >\n\t\t\t<img decoding=\"async\" width=\"1920\" height=\"1035\" data-src=\"https:\/\/b2983561.smushcdn.com\/2983561\/wp-content\/uploads\/2023\/01\/Fishing-Adventure-Lake-Rutbekerveldweg-Enschede-het-grootste-betaalwater-van-Nederland-FABAITS.jpg?lossy=1&strip=1&webp=1\" class=\"bg attachment-original size-original lazyload\" alt=\"Fishing Adventure Lake het grootste betaalwater van Nederland\" data-srcset=\"https:\/\/b2983561.smushcdn.com\/2983561\/wp-content\/uploads\/2023\/01\/Fishing-Adventure-Lake-Rutbekerveldweg-Enschede-het-grootste-betaalwater-van-Nederland-FABAITS.jpg?lossy=1&amp;strip=1&amp;webp=1 1920w, https:\/\/b2983561.smushcdn.com\/2983561\/wp-content\/uploads\/2023\/01\/Fishing-Adventure-Lake-Rutbekerveldweg-Enschede-het-grootste-betaalwater-van-Nederland-FABAITS-510x275.jpg?lossy=1&amp;strip=1&amp;webp=1 510w, https:\/\/b2983561.smushcdn.com\/2983561\/wp-content\/uploads\/2023\/01\/Fishing-Adventure-Lake-Rutbekerveldweg-Enschede-het-grootste-betaalwater-van-Nederland-FABAITS-300x162.jpg?lossy=1&amp;strip=1&amp;webp=1 300w, https:\/\/b2983561.smushcdn.com\/2983561\/wp-content\/uploads\/2023\/01\/Fishing-Adventure-Lake-Rutbekerveldweg-Enschede-het-grootste-betaalwater-van-Nederland-FABAITS-1024x552.jpg?lossy=1&amp;strip=1&amp;webp=1 1024w, https:\/\/b2983561.smushcdn.com\/2983561\/wp-content\/uploads\/2023\/01\/Fishing-Adventure-Lake-Rutbekerveldweg-Enschede-het-grootste-betaalwater-van-Nederland-FABAITS-768x414.jpg?lossy=1&amp;strip=1&amp;webp=1 768w, https:\/\/b2983561.smushcdn.com\/2983561\/wp-content\/uploads\/2023\/01\/Fishing-Adventure-Lake-Rutbekerveldweg-Enschede-het-grootste-betaalwater-van-Nederland-FABAITS-1536x828.jpg?lossy=1&amp;strip=1&amp;webp=1 1536w, https:\/\/b2983561.smushcdn.com\/2983561\/wp-content\/uploads\/2023\/01\/Fishing-Adventure-Lake-Rutbekerveldweg-Enschede-het-grootste-betaalwater-van-Nederland-FABAITS-18x10.jpg?lossy=1&amp;strip=1&amp;webp=1 18w, https:\/\/b2983561.smushcdn.com\/2983561\/wp-content\/uploads\/2023\/01\/Fishing-Adventure-Lake-Rutbekerveldweg-Enschede-het-grootste-betaalwater-van-Nederland-FABAITS.jpg?size=204x110&amp;lossy=1&amp;strip=1&amp;webp=1 204w, https:\/\/b2983561.smushcdn.com\/2983561\/wp-content\/uploads\/2023\/01\/Fishing-Adventure-Lake-Rutbekerveldweg-Enschede-het-grootste-betaalwater-van-Nederland-FABAITS.jpg?size=408x220&amp;lossy=1&amp;strip=1&amp;webp=1 408w, https:\/\/b2983561.smushcdn.com\/2983561\/wp-content\/uploads\/2023\/01\/Fishing-Adventure-Lake-Rutbekerveldweg-Enschede-het-grootste-betaalwater-van-Nederland-FABAITS.jpg?size=612x330&amp;lossy=1&amp;strip=1&amp;webp=1 612w\" data-sizes=\"auto\" src=\"data:image\/svg+xml;base64,PHN2ZyB3aWR0aD0iMSIgaGVpZ2h0PSIxIiB4bWxucz0iaHR0cDovL3d3dy53My5vcmcvMjAwMC9zdmciPjwvc3ZnPg==\" style=\"--smush-placeholder-width: 1920px; --smush-placeholder-aspect-ratio: 1920\/1035;\" data-original-sizes=\"(max-width: 1920px) 100vw, 1920px\" \/>\t\t\t\t\t\t<div class=\"section-bg-overlay absolute fill\"><\/div>\n\t\t\t\n\n\t\t<\/div>\n\n\t\t\n\n\t\t<div class=\"section-content relative\">\n\t\t\t\n\n<div class=\"row row-collapse\"  id=\"row-1929673215\">\n\n\n\t<div id=\"col-251490072\" class=\"col medium-12 small-12 large-6\"  >\n\t\t\t\t<div class=\"col-inner\"  >\n\t\t\t\n\t\t\t\n\n\t<div id=\"text-1797819146\" class=\"text\">\n\t\t\n\n<h1 class=\"\" data-start=\"666\" data-end=\"734\">Angeln in Enschede am gr\u00f6\u00dften Lohngew\u00e4sser der Niederlande<\/h1>\n\t\t\n<style>\n#text-1797819146 {\n  font-size: 1.2rem;\n  color: rgb(255, 255, 255);\n}\n#text-1797819146 > * {\n  color: rgb(255, 255, 255);\n}\n@media (min-width:550px) {\n  #text-1797819146 {\n    font-size: 1.35rem;\n  }\n}\n<\/style>\n\t<\/div>\n\t\n<a href=\"https:\/\/www.fishingadventure.nl\/de\/fishing-adventure-lake\/\" class=\"button primary\" >\n\t\t<span>Angeln Abenteuer See<\/span>\n\t<\/a>\n\n\n<a href=\"https:\/\/www.fishingadventure.nl\/de\/fishing-adventure-lagoon\/\" class=\"button white\" >\n\t\t<span>Angeln Abenteuer Lagune<\/span>\n\t<\/a>\n\n\n\t<div id=\"text-4151242245\" class=\"text\">\n\t\t\n\n<h2 data-start=\"666\" data-end=\"734\">Willkommen bei Fishing Adventure<\/h2>\n\t\t\n<style>\n#text-4151242245 {\n  font-size: 1.2rem;\n  color: rgb(255, 255, 255);\n}\n#text-4151242245 > * {\n  color: rgb(255, 255, 255);\n}\n@media (min-width:550px) {\n  #text-4151242245 {\n    font-size: 1.35rem;\n  }\n}\n<\/style>\n\t<\/div>\n\t\n\n\t\t<\/div>\n\t\t\t\t\n<style>\n#col-251490072 > .col-inner {\n  padding: 0px 0px 0px 15px;\n  margin: 0px 0px 0px 0px;\n}\n<\/style>\n\t<\/div>\n\n\t\n\n\t<div id=\"col-1081631329\" class=\"col medium-12 small-12 large-6\"  >\n\t\t\t\t<div class=\"col-inner\"  >\n\t\t\t\n\t\t\t\n\n\n\t\t<\/div>\n\t\t\t\t\n<style>\n#col-1081631329 > .col-inner {\n  margin: 0px 15px 0px 15px;\n}\n@media (min-width:550px) {\n  #col-1081631329 > .col-inner {\n    margin: 0px 0px 0px 0px;\n  }\n}\n@media (min-width:850px) {\n  #col-1081631329 > .col-inner {\n    margin: -48px 0px 0px 0px;\n  }\n}\n<\/style>\n\t<\/div>\n\n\t\n\n<\/div>\n\n\t\t<\/div>\n\n\t\t\n<style>\n#section_1143073600 {\n  padding-top: 62px;\n  padding-bottom: 62px;\n  min-height: 118px;\n}\n#section_1143073600 .section-bg-overlay {\n  background-color: rgba(0, 0, 0, 0.285);\n}\n#section_1143073600 .section-bg img {\n  object-position: 43% 5%;\n}\n@media (min-width:550px) {\n  #section_1143073600 {\n    padding-top: 146px;\n    padding-bottom: 146px;\n  }\n  #section_1143073600 .section-bg-overlay {\n    background-color: rgba(0, 0, 0, 0.285);\n  }\n}\n<\/style>\n\t<\/section>\n\t\n\n\t<section class=\"section\" id=\"section_1065598874\">\n\t\t<div class=\"section-bg fill\" >\n\t\t\t\t\t\t\t\t\t\n\t\t\t\n\n\t\t<\/div>\n\n\t\t\n\n\t\t<div class=\"section-content relative\">\n\t\t\t\n\n<div class=\"row\"  id=\"row-296507444\">\n\n\n\t<div id=\"col-454762801\" class=\"col small-12 large-12\"  >\n\t\t\t\t<div class=\"col-inner\"  >\n\t\t\t\n\t\t\t\n\n\t<div id=\"gap-1083011102\" class=\"gap-element clearfix\" style=\"display:block; height:auto;\">\n\t\t\n<style>\n#gap-1083011102 {\n  padding-top: 45px;\n}\n<\/style>\n\t<\/div>\n\t\n\n\t<div id=\"text-3107788169\" class=\"text\">\n\t\t\n\n<p class=\"\" data-start=\"472\" data-end=\"800\">Suchen Sie nach dem <strong data-start=\"495\" data-end=\"524\">Der beste Ort zum Angeln in Enschede<\/strong> und Umgebung? Dann suchen Sie nicht weiter. Am Rande der Stadt, in der wundersch\u00f6nen <strong data-start=\"616\" data-end=\"632\">Rutbekerveld<\/strong>, L\u00fcgen <strong data-start=\"639\" data-end=\"660\">Abenteuer Fischen<\/strong>: Twentes vielseitigstes und gr\u00f6\u00dftes Angelgew\u00e4sser. Hier findet jeder Angler, vom Anf\u00e4nger bis zum erfahrenen Spezialisten, was er sucht.<\/p>\n\t\t\n<style>\n#text-3107788169 {\n  font-size: 1.3rem;\n  text-align: center;\n}\n<\/style>\n\t<\/div>\n\t\n\n\t\t<\/div>\n\t\t\t\t\t<\/div>\n\n\t\n\n<\/div>\n\n\t\t<\/div>\n\n\t\t\n<style>\n#section_1065598874 {\n  padding-top: 0px;\n  padding-bottom: 0px;\n  min-height: 0px;\n}\n<\/style>\n\t<\/section>\n\t\n\n\t<section class=\"section\" id=\"section_1782695295\">\n\t\t<div class=\"section-bg fill\" >\n\t\t\t\t\t\t\t\t\t\n\t\t\t\n\n\t\t<\/div>\n\n\t\t\n\n\t\t<div class=\"section-content relative\">\n\t\t\t\n\n<div class=\"row\"  id=\"row-770486310\">\n\n\n\t<div id=\"col-1722691037\" class=\"col medium-6 small-12 large-6\"  >\n\t\t\t\t<div class=\"col-inner\"  >\n\t\t\t\n\t<div class=\"is-border\"\n\t\tstyle=\"border-color:rgb(218, 218, 218);border-width:0px 1px 0px 0px;\">\n\t<\/div>\n\t\t\t\n\n<h2 class=\"\" data-start=\"1833\" data-end=\"1863\">\ud83c\udfa3 Alle Angelarten willkommen<\/h2>\n<p class=\"\" data-start=\"1864\" data-end=\"1929\">Bei Fishing Adventure k\u00f6nnen Sie fast jede Angeltechnik \u00fcben:<\/p>\n<ul data-start=\"1931\" data-end=\"2260\">\n<li class=\"\" data-start=\"1931\" data-end=\"1989\">\n<p class=\"\" data-start=\"1933\" data-end=\"1989\"><strong data-start=\"1933\" data-end=\"1958\">Statisches Karpfenfischen<\/strong> mit Boilies und Bissanzeigern<\/p>\n<\/li>\n<li class=\"\" data-start=\"1990\" data-end=\"2038\">\n<p class=\"\" data-start=\"1992\" data-end=\"2038\"><strong data-start=\"1992\" data-end=\"2009\">Wels fischen<\/strong> vom Ufer aus oder mit dem Boot<\/p>\n<\/li>\n<li class=\"\" data-start=\"2039\" data-end=\"2076\">\n<p class=\"\" data-start=\"2041\" data-end=\"2076\"><strong data-start=\"2041\" data-end=\"2057\">Feederfischen<\/strong> an stillen Orten<\/p>\n<\/li>\n<li class=\"\" data-start=\"2077\" data-end=\"2123\">\n<p class=\"\" data-start=\"2079\" data-end=\"2123\"><strong data-start=\"2079\" data-end=\"2094\">Fliegenfischen<\/strong> in besonders ausgewiesenen Gebieten<\/p>\n<\/li>\n<li class=\"\" data-start=\"2124\" data-end=\"2160\">\n<p class=\"\" data-start=\"2126\" data-end=\"2160\"><strong data-start=\"2126\" data-end=\"2146\">Bellyboat-Fischen<\/strong> auf offenem Wasser<\/p>\n<\/li>\n<li class=\"\" data-start=\"2161\" data-end=\"2203\">\n<p class=\"\" data-start=\"2163\" data-end=\"2203\"><strong data-start=\"2163\" data-end=\"2192\">Spinnfischen und Dropshotting<\/strong> auf Raubfische<\/p>\n<\/li>\n<li class=\"\" data-start=\"2204\" data-end=\"2260\">\n<p class=\"\" data-start=\"2206\" data-end=\"2260\"><strong data-start=\"2206\" data-end=\"2233\">Angeln mit fester Rute<\/strong> f\u00fcr Familien und Anf\u00e4nger<\/p>\n<\/li>\n<\/ul>\n<p class=\"\" data-start=\"2262\" data-end=\"2393\">Es gibt auch spezielle Pl\u00e4tze f\u00fcr <strong data-start=\"2296\" data-end=\"2311\">Nachtfischen<\/strong> und l\u00e4ngere Sitzungen. Die Angelpl\u00e4tze sind ger\u00e4umig und bieten sowohl Privatsph\u00e4re als auch Komfort.<\/p>\n\n\t\t<\/div>\n\t\t\t\t\t<\/div>\n\n\t\n\n\t<div id=\"col-1180306256\" class=\"col medium-6 small-12 large-6\"  >\n\t\t\t\t<div class=\"col-inner\"  >\n\t\t\t\n\t\t\t\n\n<h2 class=\"\" data-start=\"1257\" data-end=\"1303\">\ud83d\udc1f Ein reicher Fischbestand mit einzigartigen Arten<\/h2>\n<p class=\"\" data-start=\"1304\" data-end=\"1462\">Fishing Adventure ist nicht einfach ein weiterer Angelplatz in Enschede. Das Gew\u00e4sser wird professionell bewirtschaftet und verf\u00fcgt \u00fcber einen reichen, abwechslungsreichen Fischbestand. Hier haben Sie die Chance, unter anderem zu fangen:<\/p>\n<ul data-start=\"1464\" data-end=\"1607\">\n<li class=\"bullet-checkmark\" data-start=\"1464\" data-end=\"1487\">\n<p class=\"\" data-start=\"1466\" data-end=\"1487\"><strong data-start=\"1466\" data-end=\"1487\">Karpfen bis zu +20 kg<\/strong><\/p>\n<\/li>\n<li class=\"bullet-checkmark\" data-start=\"1488\" data-end=\"1536\">\n<p class=\"\" data-start=\"1490\" data-end=\"1536\"><strong data-start=\"1490\" data-end=\"1536\">Welse bis zu 2,27 m (niederl\u00e4ndischer Rekord)<\/strong><\/p>\n<\/li>\n<li class=\"bullet-checkmark\" data-start=\"1537\" data-end=\"1567\">\n<p class=\"\" data-start=\"1539\" data-end=\"1567\"><strong data-start=\"1539\" data-end=\"1567\">Hecht, Zander, Barsch<\/strong><\/p>\n<\/li>\n<li class=\"bullet-checkmark\" data-start=\"1568\" data-end=\"1604\">\n<p class=\"\" data-start=\"1570\" data-end=\"1604\"><strong data-start=\"1570\" data-end=\"1604\">Brassen, Rotaugen und andere Wei\u00dffische<\/strong><\/p>\n<\/li>\n<\/ul>\n<p class=\"\" data-start=\"1608\" data-end=\"1826\">F\u00e4nge von <strong data-start=\"1649\" data-end=\"1665\">Rekordfang<\/strong>und mit der richtigen Herangehensweise ist jede Session spannend und herausfordernd. Mit der richtigen Pflege und einem nachhaltigen Fischmanagement werden diese F\u00e4nge auch in Zukunft m\u00f6glich sein.<\/p>\n\n\t\t<\/div>\n\t\t\t\t\t<\/div>\n\n\t\n\n<\/div>\n\n\t\t<\/div>\n\n\t\t\n<style>\n#section_1782695295 {\n  padding-top: 30px;\n  padding-bottom: 30px;\n  background-color: rgba(231, 231, 231, 0.343);\n}\n<\/style>\n\t<\/section>\n\t\n\n\t<section class=\"section\" id=\"section_1970719485\">\n\t\t<div class=\"section-bg fill\" >\n\t\t\t\t\t\t\t\t\t\n\t\t\t\n\n\t\t<\/div>\n\n\t\t\n\n\t\t<div class=\"section-content relative\">\n\t\t\t\n\n<div class=\"row\"  id=\"row-244083782\">\n\n\n\t<div id=\"col-1762451105\" class=\"col small-12 large-12\"  >\n\t\t\t\t<div class=\"col-inner\"  >\n\t\t\t\n\t\t\t\n\n\t<div id=\"gap-83493439\" class=\"gap-element clearfix\" style=\"display:block; height:auto;\">\n\t\t\n<style>\n#gap-83493439 {\n  padding-top: 45px;\n}\n<\/style>\n\t<\/div>\n\t\n\n\t<div id=\"text-1089408901\" class=\"text\">\n\t\t\n\n<h2 class=\"\" data-start=\"807\" data-end=\"849\">\ud83c\udfde Eine sch\u00f6ne Lage im Gr\u00fcnen<\/h2>\n<p class=\"\" style=\"text-align: center;\" data-start=\"850\" data-end=\"1250\">Fishing Adventure liegt versteckt zwischen Enschede und Haaksbergen, inmitten einer ruhigen, nat\u00fcrlichen Umgebung. Der Ort ist mit dem Auto gut erreichbar, bietet ausreichend Parkpl\u00e4tze und verf\u00fcgt \u00fcber komfortable Angelpl\u00e4tze direkt am Wasser. Dank der Lage inmitten von W\u00e4ldern, Schilfg\u00fcrteln und weiten Ausblicken genie\u00dfen Sie <strong data-start=\"1176\" data-end=\"1204\">Angeln in Enschede und in aller Ruhe<\/strong> - abseits von Hektik und Trubel und doch in der N\u00e4he der Heimat.<\/p>\n\t\t\n<style>\n#text-1089408901 {\n  font-size: 1.3rem;\n  text-align: center;\n}\n<\/style>\n\t<\/div>\n\t\n\n\t\t<\/div>\n\t\t\t\t\t<\/div>\n\n\t\n\n<\/div>\n\n\t\t<\/div>\n\n\t\t\n<style>\n#section_1970719485 {\n  padding-top: 0px;\n  padding-bottom: 0px;\n  min-height: 0px;\n}\n<\/style>\n\t<\/section>\n\t\n\n\t<section class=\"section\" id=\"section_1313833322\">\n\t\t<div class=\"section-bg fill\" >\n\t\t\t\t\t\t\t\t\t\n\t\t\t\n\n\t\t<\/div>\n\n\t\t\n\n\t\t<div class=\"section-content relative\">\n\t\t\t\n\n<div class=\"row\"  id=\"row-1115563683\">\n\n\n\t<div id=\"col-979995041\" class=\"col medium-6 small-12 large-6\"  >\n\t\t\t\t<div class=\"col-inner\"  >\n\t\t\t\n\t<div class=\"is-border\"\n\t\tstyle=\"border-color:rgb(218, 218, 218);border-width:0px 1px 0px 0px;\">\n\t<\/div>\n\t\t\t\n\n<h2 class=\"\" data-start=\"2400\" data-end=\"2449\">\ud83d\udc68\u200d\ud83d\udc69\u200d\ud83d\udc67\u200d\ud83d\udc66 Perfekt f\u00fcr Familien und Gruppen<\/h2>\n<p class=\"\" data-start=\"2450\" data-end=\"2590\">Fishing Adventure ist nicht nur f\u00fcr begeisterte Angler gedacht. Auch Familien, Gruppen von Freunden und Angelanf\u00e4nger sind willkommen. Es gibt:<\/p>\n<ul data-start=\"2592\" data-end=\"2773\">\n<li class=\"\" data-start=\"2592\" data-end=\"2632\">\n<p class=\"\" data-start=\"2594\" data-end=\"2632\">Stellpl\u00e4tze mit extra Platz f\u00fcr Kinder<\/p>\n<\/li>\n<li class=\"\" data-start=\"2633\" data-end=\"2663\">\n<p class=\"\" data-start=\"2635\" data-end=\"2663\">Picknicktische und Rastpl\u00e4tze<\/p>\n<\/li>\n<li class=\"\" data-start=\"2664\" data-end=\"2712\">\n<p class=\"\" data-start=\"2666\" data-end=\"2712\">M\u00f6glichkeiten f\u00fcr Kinderfeste und Workshops<\/p>\n<\/li>\n<li class=\"\" data-start=\"2713\" data-end=\"2773\">\n<p class=\"\" data-start=\"2715\" data-end=\"2773\">Ausr\u00fcstungsverleih f\u00fcr Personen ohne eigene Ausr\u00fcstung<\/p>\n<\/li>\n<\/ul>\n<p class=\"\" data-start=\"2775\" data-end=\"2870\">Ein Angeltag wird so zu einem <strong data-start=\"2805\" data-end=\"2833\">komplettes Outdoor-Erlebnis<\/strong> - entspannend, lehrreich und unterhaltsam.<\/p>\n\n\t\t<\/div>\n\t\t\t\t\t<\/div>\n\n\t\n\n\t<div id=\"col-348637564\" class=\"col medium-6 small-12 large-6\"  >\n\t\t\t\t<div class=\"col-inner\"  >\n\t\t\t\n\t\t\t\n\n<h2 class=\"\" data-start=\"2877\" data-end=\"2909\">\ud83e\uddf0 Einrichtungen und Dienstleistungen<\/h2>\n<p class=\"\" data-start=\"2910\" data-end=\"2975\">Alles, was Sie f\u00fcr einen erfolgreichen Angelausflug brauchen, ist vorhanden:<\/p>\n<ul data-start=\"2977\" data-end=\"3236\">\n<li class=\"\" data-start=\"2977\" data-end=\"3003\">\n<p class=\"\" data-start=\"2979\" data-end=\"3003\">Ausreichend Parkpl\u00e4tze<\/p>\n<\/li>\n<li class=\"\" data-start=\"3004\" data-end=\"3038\">\n<p class=\"\" data-start=\"3006\" data-end=\"3038\">Toiletten und Unterst\u00e4nde<\/p>\n<\/li>\n<li class=\"\" data-start=\"3039\" data-end=\"3096\">\n<p class=\"\" data-start=\"3041\" data-end=\"3096\">Verleih von Ruten, Rutenst\u00f6cken, Keschern und Bellybooten<\/p>\n<\/li>\n<li class=\"\" data-start=\"3097\" data-end=\"3148\">\n<p class=\"\" data-start=\"3099\" data-end=\"3148\">Professionelle Beratung auf Anfrage erh\u00e4ltlich<\/p>\n<\/li>\n<li class=\"\" data-start=\"3149\" data-end=\"3192\">\n<p class=\"\" data-start=\"3151\" data-end=\"3192\">Online-Buchungssystem f\u00fcr feste Pl\u00e4tze<\/p>\n<\/li>\n<li class=\"\" data-start=\"3193\" data-end=\"3236\">\n<p class=\"\" data-start=\"3195\" data-end=\"3236\">Mehrere Angelzonen f\u00fcr verschiedene Techniken<\/p>\n<\/li>\n<\/ul>\n\n\t\t<\/div>\n\t\t\t\t\t<\/div>\n\n\t\n\n<\/div>\n\n\t\t<\/div>\n\n\t\t\n<style>\n#section_1313833322 {\n  padding-top: 30px;\n  padding-bottom: 30px;\n  background-color: rgba(231, 231, 231, 0.343);\n}\n<\/style>\n\t<\/section>\n\t\n\n\t<section class=\"section\" id=\"section_737343024\">\n\t\t<div class=\"section-bg fill\" >\n\t\t\t\t\t\t\t\t\t\n\t\t\t\n\n\t\t<\/div>\n\n\t\t\n\n\t\t<div class=\"section-content relative\">\n\t\t\t\n\n<div class=\"row\"  id=\"row-77797932\">\n\n\n\t<div id=\"col-1599925863\" class=\"col small-12 large-12\"  >\n\t\t\t\t<div class=\"col-inner text-center\"  >\n\t\t\t\n\t\t\t\n\n\t<div id=\"gap-129250229\" class=\"gap-element clearfix\" style=\"display:block; height:auto;\">\n\t\t\n<style>\n#gap-129250229 {\n  padding-top: 45px;\n}\n<\/style>\n\t<\/div>\n\t\n\n\t<div id=\"text-4015304030\" class=\"text\">\n\t\t\n\n<h2 class=\"\" data-start=\"3339\" data-end=\"3394\">\ud83d\udccd Angeln in Enschede? W\u00e4hlen Sie Fishing Adventure<\/h2>\n<p class=\"\" data-start=\"3395\" data-end=\"3733\">Warum weit fahren, wenn Sie das beste und gr\u00f6\u00dfte Lohngew\u00e4sser der Niederlande direkt in Enschede finden k\u00f6nnen? Angeln Abenteuer ist <strong data-start=\"3507\" data-end=\"3535\">Der Fischereistandort Twente<\/strong>Dieser Ort ist bei einheimischen Anglern und internationalen Anglern gleicherma\u00dfen beliebt. Mit Ruhe, Platz, beeindruckender Fischerei und professioneller Unterst\u00fctzung bietet dieser Ort <strong data-start=\"3693\" data-end=\"3733\">alles, was das Angeln in Enschede so besonders macht.<\/strong><\/p>\n\t\t\n<style>\n#text-4015304030 {\n  font-size: 1.25rem;\n  text-align: center;\n}\n<\/style>\n\t<\/div>\n\t\n\t<div id=\"text-1020370705\" class=\"text\">\n\t\t\n\n<p><strong>\u2705 <a href=\"https:\/\/www.fishingadventure.nl\/de\/boek-een-stek-bij-fishing-adventure-lake\/\">Buchen Sie Ihren Platz direkt auf unserer Website<\/a>\u00a0 \u2705 <a href=\"https:\/\/www.fishingadventure.nl\/de\/visbestand\/\">Fangfotos von fr\u00fcheren Besuchern ansehen<\/a>\u00a0 \u00a0\u2705 <a href=\"https:\/\/www.google.com\/maps\/place\/Fishing+Adventure+B.V\/@52.1845844,6.7932781,17z\/data=!3m1!4b1!4m6!3m5!1s0x47b812bf818ef8e9:0xa6c1952399c03ef3!8m2!3d52.1845844!4d6.795853!16s%2Fg%2F11bvqhdsm1?entry=ttu&amp;g_ep=EgoyMDI1MTExNy4wIKXMDSoASAFQAw%3D%3D\" target=\"_blank\" rel=\"noopener\">Kommen Sie und \u00fcberzeugen Sie sich selbst<\/a><\/strong><\/p>\n\t\t\n<style>\n#text-1020370705 {\n  text-align: center;\n}\n<\/style>\n\t<\/div>\n\t\n<a href=\"https:\/\/www.fishingadventure.nl\/de\/\" class=\"button primary\">\n\t\t<span>Angeln in Enschede<\/span>\n\t<\/a>\n\n\n<a href=\"https:\/\/www.fishingadventure.nl\/de\/vissen-in-twente\/\" class=\"button primary\">\n\t\t<span>Angeln in Twente<\/span>\n\t<\/a>\n\n\n<a href=\"https:\/\/www.fishingadventure.nl\/de\/vissen-in-nederland\/\" class=\"button primary\">\n\t\t<span>Angeln in den Niederlanden<\/span>\n\t<\/a>\n\n\n\n\t\t<\/div>\n\t\t\t\t\t<\/div>\n\n\t\n\n<\/div>\n\n\t\t<\/div>\n\n\t\t\n<style>\n#section_737343024 {\n  padding-top: 0px;\n  padding-bottom: 0px;\n  min-height: 0px;\n}\n<\/style>\n\t<\/section>","protected":false},"excerpt":{"rendered":"","protected":false},"author":1,"featured_media":7048,"parent":0,"menu_order":0,"comment_status":"closed","ping_status":"closed","template":"page-blank.php","meta":{"footnotes":""},"class_list":["post-36781","page","type-page","status-publish","has-post-thumbnail","hentry"],"_links":{"self":[{"href":"https:\/\/www.fishingadventure.nl\/de\/wp-json\/wp\/v2\/pages\/36781","targetHints":{"allow":["GET"]}}],"collection":[{"href":"https:\/\/www.fishingadventure.nl\/de\/wp-json\/wp\/v2\/pages"}],"about":[{"href":"https:\/\/www.fishingadventure.nl\/de\/wp-json\/wp\/v2\/types\/page"}],"author":[{"embeddable":true,"href":"https:\/\/www.fishingadventure.nl\/de\/wp-json\/wp\/v2\/users\/1"}],"replies":[{"embeddable":true,"href":"https:\/\/www.fishingadventure.nl\/de\/wp-json\/wp\/v2\/comments?post=36781"}],"version-history":[{"count":0,"href":"https:\/\/www.fishingadventure.nl\/de\/wp-json\/wp\/v2\/pages\/36781\/revisions"}],"wp:featuredmedia":[{"embeddable":true,"href":"https:\/\/www.fishingadventure.nl\/de\/wp-json\/wp\/v2\/media\/7048"}],"wp:attachment":[{"href":"https:\/\/www.fishingadventure.nl\/de\/wp-json\/wp\/v2\/media?parent=36781"}],"curies":[{"name":"wp","href":"https:\/\/api.w.org\/{rel}","templated":true}]}}