{"id":36566,"date":"2025-04-10T15:20:12","date_gmt":"2025-04-10T14:20:12","guid":{"rendered":"https:\/\/www.fishingadventure.nl\/?page_id=36566"},"modified":"2025-04-10T20:38:50","modified_gmt":"2025-04-10T19:38:50","slug":"golfkarren","status":"publish","type":"page","link":"https:\/\/www.fishingadventure.nl\/de\/golfkarren\/","title":{"rendered":"Golfwagen"},"content":{"rendered":"<section class=\"section\" id=\"section_315509052\">\n\t\t<div class=\"section-bg fill\" >\n\t\t\t\t\t\t\t\t\t\n\t\t\t\n\n\t\t<\/div>\n\n\t\t\n\n\t\t<div class=\"section-content relative\">\n\t\t\t\n\n<div class=\"row row-collapse align-middle align-center\"  id=\"row-1808957263\">\n\n\n\t<div id=\"col-628672071\" class=\"col medium-4 small-4 large-4\"  >\n\t\t\t\t<div class=\"col-inner\"  >\n\t\t\t\n\t\t\t\n\n<a href=\"https:\/\/bookings.fishingadventure.nl\/\" class=\"button primary is-xxsmall expand\" >\n\t\t<span>Stek B\u00fccher (NL)<\/span>\n\t<\/a>\n\n\n\n\t\t<\/div>\n\t\t\t\t\n<style>\n#col-628672071 > .col-inner {\n  padding: 0px 0px 0px 0px;\n  margin: 0px 0px 0px 0px;\n}\n<\/style>\n\t<\/div>\n\n\t\n\n\t<div id=\"col-597990645\" class=\"col medium-4 small-4 large-4\"  >\n\t\t\t\t<div class=\"col-inner\"  >\n\t\t\t\n\t\t\t\n\n<a href=\"https:\/\/fishingadventure.recranet.com\/de\" class=\"button primary is-xxsmall expand\" target=\"_blank\" rel=\"noopener\">\n\t\t<span>angelplatz buchen (DE)<\/span>\n\t<\/a>\n\n\n\n\t\t<\/div>\n\t\t\t\t\n<style>\n#col-597990645 > .col-inner {\n  padding: 0px 0px 0px 0px;\n  margin: 0px 0px 0px 0px;\n}\n<\/style>\n\t<\/div>\n\n\t\n\n\t<div id=\"col-1840903255\" class=\"col medium-4 small-4 large-4\"  >\n\t\t\t\t<div class=\"col-inner text-center\"  >\n\t\t\t\n\t\t\t\n\n<a href=\"https:\/\/fishingadventure.recranet.com\/en\/\" class=\"button primary is-xxsmall expand\" target=\"_blank\" rel=\"noopener\">\n\t\t<span>Buchen Sie Ihr Schwimmen (EN)<\/span>\n\t<\/a>\n\n\n\n\t\t<\/div>\n\t\t\t\t\n<style>\n#col-1840903255 > .col-inner {\n  padding: 0px 0px 0px 0px;\n  margin: 0px 0px 0px 0px;\n}\n<\/style>\n\t<\/div>\n\n\t\n\n\n<style>\n#row-1808957263 > .col > .col-inner {\n  padding: 15px 3px 0px 3px;\n}\n<\/style>\n<\/div>\n\n\t\t<\/div>\n\n\t\t\n<style>\n#section_315509052 {\n  padding-top: 0px;\n  padding-bottom: 0px;\n  background-color: rgb(220, 220, 220);\n}\n<\/style>\n\t<\/section>\n\t\n\n\n\t<section class=\"section\" id=\"section_528362567\">\n\t\t<div class=\"section-bg fill\" >\n\t\t\t<img decoding=\"async\" width=\"2048\" height=\"1536\" data-src=\"https:\/\/b2983561.smushcdn.com\/2983561\/wp-content\/uploads\/2025\/04\/5-nieuwe-bigfoot-golfkarren-bij-Fishing-Adventure.jpg?lossy=1&strip=1&webp=1\" class=\"bg attachment-original size-original lazyload\" alt=\"5 nieuwe bigfoot golfkarren bij Fishing Adventure\" data-srcset=\"https:\/\/b2983561.smushcdn.com\/2983561\/wp-content\/uploads\/2025\/04\/5-nieuwe-bigfoot-golfkarren-bij-Fishing-Adventure.jpg?lossy=1&amp;strip=1&amp;webp=1 2048w, https:\/\/b2983561.smushcdn.com\/2983561\/wp-content\/uploads\/2025\/04\/5-nieuwe-bigfoot-golfkarren-bij-Fishing-Adventure-300x225.jpg?lossy=1&amp;strip=1&amp;webp=1 300w, https:\/\/b2983561.smushcdn.com\/2983561\/wp-content\/uploads\/2025\/04\/5-nieuwe-bigfoot-golfkarren-bij-Fishing-Adventure-1024x768.jpg?lossy=1&amp;strip=1&amp;webp=1 1024w, https:\/\/b2983561.smushcdn.com\/2983561\/wp-content\/uploads\/2025\/04\/5-nieuwe-bigfoot-golfkarren-bij-Fishing-Adventure-768x576.jpg?lossy=1&amp;strip=1&amp;webp=1 768w, https:\/\/b2983561.smushcdn.com\/2983561\/wp-content\/uploads\/2025\/04\/5-nieuwe-bigfoot-golfkarren-bij-Fishing-Adventure-1536x1152.jpg?lossy=1&amp;strip=1&amp;webp=1 1536w, https:\/\/b2983561.smushcdn.com\/2983561\/wp-content\/uploads\/2025\/04\/5-nieuwe-bigfoot-golfkarren-bij-Fishing-Adventure-16x12.jpg?lossy=1&amp;strip=1&amp;webp=1 16w, https:\/\/b2983561.smushcdn.com\/2983561\/wp-content\/uploads\/2025\/04\/5-nieuwe-bigfoot-golfkarren-bij-Fishing-Adventure-510x383.jpg?lossy=1&amp;strip=1&amp;webp=1 510w, https:\/\/b2983561.smushcdn.com\/2983561\/wp-content\/uploads\/2025\/04\/5-nieuwe-bigfoot-golfkarren-bij-Fishing-Adventure.jpg?size=204x153&amp;lossy=1&amp;strip=1&amp;webp=1 204w, https:\/\/b2983561.smushcdn.com\/2983561\/wp-content\/uploads\/2025\/04\/5-nieuwe-bigfoot-golfkarren-bij-Fishing-Adventure.jpg?size=408x306&amp;lossy=1&amp;strip=1&amp;webp=1 408w, https:\/\/b2983561.smushcdn.com\/2983561\/wp-content\/uploads\/2025\/04\/5-nieuwe-bigfoot-golfkarren-bij-Fishing-Adventure.jpg?size=612x459&amp;lossy=1&amp;strip=1&amp;webp=1 612w\" data-sizes=\"auto\" src=\"data:image\/svg+xml;base64,PHN2ZyB3aWR0aD0iMSIgaGVpZ2h0PSIxIiB4bWxucz0iaHR0cDovL3d3dy53My5vcmcvMjAwMC9zdmciPjwvc3ZnPg==\" style=\"--smush-placeholder-width: 2048px; --smush-placeholder-aspect-ratio: 2048\/1536;\" data-original-sizes=\"(max-width: 2048px) 100vw, 2048px\" \/>\t\t\t\t\t\t<div class=\"section-bg-overlay absolute fill\"><\/div>\n\t\t\t\n\n\t\t<\/div>\n\n\t\t\n\n\t\t<div class=\"section-content relative\">\n\t\t\t\n\n<div class=\"row\"  id=\"row-1142480286\">\n\n\n\t<div id=\"col-669730722\" class=\"col small-12 large-12\"  >\n\t\t\t\t<div class=\"col-inner\"  >\n\t\t\t\n\t\t\t\n\n\t<div id=\"text-3492305097\" class=\"text\">\n\t\t\n\n<h1>Golfwagen - Fishing Adventure<\/h1>\n\t\t\n<style>\n#text-3492305097 {\n  font-size: 2.5rem;\n  text-align: center;\n  color: rgb(255,255,255);\n}\n#text-3492305097 > * {\n  color: rgb(255,255,255);\n}\n<\/style>\n\t<\/div>\n\t\n\n\t\t<\/div>\n\t\t\t\t\t<\/div>\n\n\t\n\n<\/div>\n\n\t\t<\/div>\n\n\t\t\n<style>\n#section_528362567 {\n  padding-top: 175px;\n  padding-bottom: 175px;\n}\n#section_528362567 .section-bg-overlay {\n  background-color: rgba(0, 0, 0, 0.25);\n}\n#section_528362567 .section-bg img {\n  object-position: 48% 80%;\n}\n<\/style>\n\t<\/section>\n\t\n\n\t<section class=\"section\" id=\"section_1078107748\">\n\t\t<div class=\"section-bg fill\" >\n\t\t\t\t\t\t\t\t\t\n\t\t\t\n\n\t\t<\/div>\n\n\t\t\n\n\t\t<div class=\"section-content relative\">\n\t\t\t\n\n<div class=\"row row-collapse align-equal\"  id=\"row-2093884974\">\n\n\n\t<div id=\"col-682833653\" class=\"col small-12 large-12\"  >\n\t\t\t\t<div class=\"col-inner\"  >\n\t\t\t\n\t\t\t\n\n\t<div id=\"text-1414549577\" class=\"text\">\n\t\t\n\n<h2>Fishing Adventure vermietet mehrere Golfcarts:<\/h2>\n<p class=\"\" data-start=\"1543\" data-end=\"1679\">\n<p>Fishing Adventure vermietet verschiedene luxuri\u00f6se Golfcarts, mit denen Sie sich einfach und bequem auf dem Gel\u00e4nde bewegen k\u00f6nnen. Egal, ob Sie schnell zum Schwimmen kommen, an der Bar vorbeischauen oder Vorr\u00e4te zu Ihrer Angelh\u00fctte transportieren m\u00f6chten - mit unseren Golfcarts wird alles einfacher und macht mehr Spa\u00df. Besonders f\u00fcr Gruppen, Familien oder Menschen mit eingeschr\u00e4nkter Mobilit\u00e4t ist ein Golfwagen eine ideale M\u00f6glichkeit, Ihren Aufenthalt optimal zu nutzen.<\/p>\n<p>Wenn Sie einen Golfwagen von Fishing Adventure mieten, erwarten wir nat\u00fcrlich, dass Sie ihn verantwortungsvoll nutzen. Die Carts sind dazu gedacht, Ihr Angelabenteuer zu unterst\u00fctzen, nicht f\u00fcr Rennen oder r\u00fccksichtsloses Fahren. Bei der Anmietung unterschreiben Sie einen Mietvertrag, in dem Sie sich mit unseren Regeln und Bedingungen einverstanden erkl\u00e4ren. Darin hei\u00dft es unter anderem, dass Sie als Mieter f\u00fcr alle Sch\u00e4den verantwortlich sind, die w\u00e4hrend der Mietzeit entstehen, sei es durch unsachgem\u00e4\u00dfen Gebrauch, Fahrl\u00e4ssigkeit oder einen Unfall.<\/p>\n<p>Unsere Mitarbeiter geben Ihnen im Voraus klare Anweisungen zur Benutzung des Wagens, einschlie\u00dflich Sicherheitshinweisen und den Strecken, auf denen Sie fahren d\u00fcrfen und wo nicht. Wir bitten alle Benutzer, respektvoll mit der Umgebung, den anderen G\u00e4sten und dem Ger\u00e4t selbst umzugehen - so sorgen wir f\u00fcr Sicherheit und Spa\u00df f\u00fcr alle.<\/p>\n<p>M\u00f6chten Sie w\u00e4hrend Ihres Besuchs einen Golfwagen mieten? Dann buchen Sie ihn rechtzeitig an der Rezeption oder \u00fcber unsere Website. Vor allem an stark frequentierten Wochenenden und bei Veranstaltungen sind sie sehr beliebt und schnell ausgebucht. Haben Sie spezielle W\u00fcnsche oder Fragen zur Nutzung? Unser Team hilft Ihnen gerne weiter.<\/p>\n<p>Golfcart fahren bei Fishing Adventure: praktisch, bequem und vor allem eine unterhaltsame Art, Ihren Angeltag zu einem vollst\u00e4ndigen Erlebnis zu machen.<\/p>\n\n\t\t\n<style>\n#text-1414549577 {\n  font-size: 1.2rem;\n}\n@media (min-width:550px) {\n  #text-1414549577 {\n    font-size: 1.3rem;\n  }\n}\n<\/style>\n\t<\/div>\n\t\n\n\t\t<\/div>\n\t\t\t\t\n<style>\n#col-682833653 > .col-inner {\n  padding: 0px 10px 0px 10px;\n}\n@media (min-width:550px) {\n  #col-682833653 > .col-inner {\n    padding: 0px 15px 0px 15px;\n  }\n}\n<\/style>\n\t<\/div>\n\n\t\n\n<\/div>\n\n\t\t<\/div>\n\n\t\t\n<style>\n#section_1078107748 {\n  padding-top: 30px;\n  padding-bottom: 30px;\n}\n@media (min-width:550px) {\n  #section_1078107748 {\n    padding-top: 26px;\n    padding-bottom: 26px;\n  }\n}\n@media (min-width:850px) {\n  #section_1078107748 {\n    padding-top: 56px;\n    padding-bottom: 56px;\n  }\n}\n<\/style>\n\t<\/section>\n\t\n\n\t<section class=\"section dark\" id=\"section_1626912448\">\n\t\t<div class=\"section-bg fill\" >\n\t\t\t<img decoding=\"async\" width=\"1536\" height=\"2048\" data-src=\"https:\/\/b2983561.smushcdn.com\/2983561\/wp-content\/uploads\/2025\/04\/1-nieuwe-bigfoot-golfkarren-bij-Fishing-Adventure.jpg?lossy=1&strip=1&webp=1\" class=\"bg attachment-original size-original lazyload\" alt=\"1 nieuwe bigfoot golfkarren bij Fishing Adventure\" data-srcset=\"https:\/\/b2983561.smushcdn.com\/2983561\/wp-content\/uploads\/2025\/04\/1-nieuwe-bigfoot-golfkarren-bij-Fishing-Adventure.jpg?lossy=1&amp;strip=1&amp;webp=1 1536w, https:\/\/b2983561.smushcdn.com\/2983561\/wp-content\/uploads\/2025\/04\/1-nieuwe-bigfoot-golfkarren-bij-Fishing-Adventure-225x300.jpg?lossy=1&amp;strip=1&amp;webp=1 225w, https:\/\/b2983561.smushcdn.com\/2983561\/wp-content\/uploads\/2025\/04\/1-nieuwe-bigfoot-golfkarren-bij-Fishing-Adventure-768x1024.jpg?lossy=1&amp;strip=1&amp;webp=1 768w, https:\/\/b2983561.smushcdn.com\/2983561\/wp-content\/uploads\/2025\/04\/1-nieuwe-bigfoot-golfkarren-bij-Fishing-Adventure-1152x1536.jpg?lossy=1&amp;strip=1&amp;webp=1 1152w, https:\/\/b2983561.smushcdn.com\/2983561\/wp-content\/uploads\/2025\/04\/1-nieuwe-bigfoot-golfkarren-bij-Fishing-Adventure-9x12.jpg?lossy=1&amp;strip=1&amp;webp=1 9w, https:\/\/b2983561.smushcdn.com\/2983561\/wp-content\/uploads\/2025\/04\/1-nieuwe-bigfoot-golfkarren-bij-Fishing-Adventure-510x680.jpg?lossy=1&amp;strip=1&amp;webp=1 510w, https:\/\/b2983561.smushcdn.com\/2983561\/wp-content\/uploads\/2025\/04\/1-nieuwe-bigfoot-golfkarren-bij-Fishing-Adventure.jpg?size=408x544&amp;lossy=1&amp;strip=1&amp;webp=1 408w, https:\/\/b2983561.smushcdn.com\/2983561\/wp-content\/uploads\/2025\/04\/1-nieuwe-bigfoot-golfkarren-bij-Fishing-Adventure.jpg?size=612x816&amp;lossy=1&amp;strip=1&amp;webp=1 612w, https:\/\/b2983561.smushcdn.com\/2983561\/wp-content\/uploads\/2025\/04\/1-nieuwe-bigfoot-golfkarren-bij-Fishing-Adventure.jpg?size=1020x1360&amp;lossy=1&amp;strip=1&amp;webp=1 1020w\" data-sizes=\"auto\" src=\"data:image\/svg+xml;base64,PHN2ZyB3aWR0aD0iMSIgaGVpZ2h0PSIxIiB4bWxucz0iaHR0cDovL3d3dy53My5vcmcvMjAwMC9zdmciPjwvc3ZnPg==\" style=\"--smush-placeholder-width: 1536px; --smush-placeholder-aspect-ratio: 1536\/2048;\" data-original-sizes=\"(max-width: 1536px) 100vw, 1536px\" \/>\t\t\t\t\t\t\n\t\t\t\n\t<div class=\"is-border\"\n\t\tstyle=\"border-color:rgb(255, 255, 255);border-width:0px 0px 0px 0px;\">\n\t<\/div>\n\n\t\t<\/div>\n\n\t\t\n\n\t\t<div class=\"section-content relative\">\n\t\t\t\n\n<div class=\"row row-collapse\" style=\"max-width:93%\" id=\"row-1434753123\">\n\n\n\t<div id=\"col-820643897\" class=\"col medium-8 small-12 large-7\"  >\n\t\t\t\t<div class=\"col-inner text-shadow-1\" style=\"background-color:rgba(18, 122, 63, 0.744);\" >\n\t\t\t\n\t\t\t\n\n<h3>Normale Golfwagen<\/h3>\n<p>pro Tag: \u20ac 45,00\u00a0<br \/>pro 3 Tage: \u20ac110,00\u00a0<br \/>pro 5 Tage: \u20ac160,00\u00a0<br \/>pro Woche: \u20ac200,00\u00a0<\/p>\n<h3>Bigfoot Golf Carts<\/h3>\n<p>pro Tag: \u20ac 65,00\u00a0<br \/>pro 3 Tage: \u20ac160,00\u00a0<br \/>pro 5 Tage: \u20ac215,00\u00a0<br \/>pro Woche: \u20ac275,00\u00a0<\/p>\n\n\t\t<\/div>\n\t\t\t\t\n<style>\n#col-820643897 > .col-inner {\n  padding: 5% 5% 3% 5%;\n  margin: 35px 0px 35px 0px;\n}\n<\/style>\n\t<\/div>\n\n\t\n\n\n<style>\n#row-1434753123 > .col > .col-inner {\n  background-color: #127a3f;\n}\n<\/style>\n<\/div>\n\n\t\t<\/div>\n\n\t\t\n<style>\n#section_1626912448 {\n  padding-top: 10px;\n  padding-bottom: 10px;\n  background-color: rgb(255, 255, 255);\n}\n#section_1626912448 .section-bg img {\n  object-position: 53% 57%;\n}\n<\/style>\n\t<\/section>","protected":false},"excerpt":{"rendered":"","protected":false},"author":1,"featured_media":0,"parent":0,"menu_order":0,"comment_status":"closed","ping_status":"closed","template":"page-blank.php","meta":{"footnotes":""},"class_list":["post-36566","page","type-page","status-publish","hentry"],"_links":{"self":[{"href":"https:\/\/www.fishingadventure.nl\/de\/wp-json\/wp\/v2\/pages\/36566","targetHints":{"allow":["GET"]}}],"collection":[{"href":"https:\/\/www.fishingadventure.nl\/de\/wp-json\/wp\/v2\/pages"}],"about":[{"href":"https:\/\/www.fishingadventure.nl\/de\/wp-json\/wp\/v2\/types\/page"}],"author":[{"embeddable":true,"href":"https:\/\/www.fishingadventure.nl\/de\/wp-json\/wp\/v2\/users\/1"}],"replies":[{"embeddable":true,"href":"https:\/\/www.fishingadventure.nl\/de\/wp-json\/wp\/v2\/comments?post=36566"}],"version-history":[{"count":0,"href":"https:\/\/www.fishingadventure.nl\/de\/wp-json\/wp\/v2\/pages\/36566\/revisions"}],"wp:attachment":[{"href":"https:\/\/www.fishingadventure.nl\/de\/wp-json\/wp\/v2\/media?parent=36566"}],"curies":[{"name":"wp","href":"https:\/\/api.w.org\/{rel}","templated":true}]}}